
{"id":9221,"date":"2023-10-09T13:36:54","date_gmt":"2023-10-09T11:36:54","guid":{"rendered":"https:\/\/dev.tandemmadrid.com\/shop\/reserva-el-curso-curso-nocturno-de-espanol-2-dias-a-la-semana\/"},"modified":"2024-02-01T13:45:04","modified_gmt":"2024-02-01T12:45:04","slug":"extensivo-2-dias-semana","status":"publish","type":"product","link":"https:\/\/dev.tandemmadrid.com\/es\/tienda\/extensivo-2-dias-semana\/","title":{"rendered":"Reserva el curso: Curso extensivo de espa\u00f1ol 2 d\u00edas a la semana"},"content":{"rendered":"<table class=\"tabla-cursos\" border=\"1\">\n<tbody>\n<tr>\n<td class=\"celdas-izq\">Fechas de comienzo<\/td>\n<td class=\"celdas-dcha\">CUALQUIER DIA DE LA SEMANA<\/td>\n<\/tr>\n<tr class=\"fondo-color\">\n<td class=\"celdas-izq\">Lecciones semana<\/td>\n<td class=\"celdas-dcha\">4 SEMANAS: 16 lecciones (4 lecciones\/semana)<\/td>\n<\/tr>\n<tr>\n<td class=\"celdas-izq\">Duraci\u00f3n<\/td>\n<td class=\"celdas-dcha\">Desde 4 semanas<\/td>\n<\/tr>\n<tr class=\"fondo-color\">\n<td class=\"celdas-izq\">Niveles<\/td>\n<td class=\"celdas-dcha\">Todos los niveles<\/td>\n<\/tr>\n<tr class=\"fondo-color\">\n<td class=\"celdas-izq\">Duraci\u00f3n de 1 lecci\u00f3n<\/td>\n<td class=\"celdas-dcha\">45 min<\/td>\n<\/tr>\n<tr>\n<td class=\"celdas-izq\">Gastos de Inscripci\u00f3n<\/td>\n<td class=\"celdas-dcha\"><strong>30\u20ac<\/strong>.<\/td>\n<\/tr>\n<\/tbody>\n<\/table>\n","protected":false},"excerpt":{"rendered":"<p>Este programa extensivo de espa\u00f1ol tiene el equilibrio perfecto entre las horas de estudio de espa\u00f1ol necesarias para desenvolverse con soltura en el idioma y las de tiempo libre para conocer las costumbres madrile\u00f1as y visitar los innumerables lugares de inter\u00e9s que ofrece Madrid.<\/p>\n<p style=\"text-align:center;\"><a href=\"\/es\/c\/dos-dias-a-la-semana\/\" title=\"M\u00e1s informaci\u00f3n sobre el curso: Curso dos d\u00edas a la semana\" class=\"buttonaction\">M\u00e1s informaci\u00f3n sobre este curso<\/a><\/p>\n","protected":false},"featured_media":6846,"template":"","meta":[],"product_cat":[107],"product_tag":[],"_links":{"self":[{"href":"https:\/\/dev.tandemmadrid.com\/es\/wp-json\/wp\/v2\/product\/9221"}],"collection":[{"href":"https:\/\/dev.tandemmadrid.com\/es\/wp-json\/wp\/v2\/product"}],"about":[{"href":"https:\/\/dev.tandemmadrid.com\/es\/wp-json\/wp\/v2\/types\/product"}],"version-history":[{"count":0,"href":"https:\/\/dev.tandemmadrid.com\/es\/wp-json\/wp\/v2\/product\/9221\/revisions"}],"wp:featuredmedia":[{"embeddable":true,"href":"https:\/\/dev.tandemmadrid.com\/es\/wp-json\/wp\/v2\/media\/6846"}],"wp:attachment":[{"href":"https:\/\/dev.tandemmadrid.com\/es\/wp-json\/wp\/v2\/media?parent=9221"}],"wp:term":[{"taxonomy":"product_cat","embeddable":true,"href":"https:\/\/dev.tandemmadrid.com\/es\/wp-json\/wp\/v2\/product_cat?post=9221"},{"taxonomy":"product_tag","embeddable":true,"href":"https:\/\/dev.tandemmadrid.com\/es\/wp-json\/wp\/v2\/product_tag?post=9221"}],"curies":[{"name":"wp","href":"https:\/\/api.w.org\/{rel}","templated":true}]}}