
{"id":9223,"date":"2023-10-09T16:39:14","date_gmt":"2023-10-09T14:39:14","guid":{"rendered":"https:\/\/dev.tandemmadrid.com\/shop\/book-the-course-summer-junior-course-football-360o-by-generation-adidas\/"},"modified":"2024-02-01T12:37:47","modified_gmt":"2024-02-01T11:37:47","slug":"junior-futbol-adidas","status":"publish","type":"product","link":"https:\/\/dev.tandemmadrid.com\/es\/tienda\/junior-futbol-adidas\/","title":{"rendered":"Reserva el curso: Curso Junior de Verano + f\u00fatbol 360\u00ba by Generation Adidas"},"content":{"rendered":"","protected":false},"excerpt":{"rendered":"<p>TANDEM Escuela Internacional, Generation Adidas International y The Spanish Way se enorgullecen de ofrecerte un exclusivo curso de espa\u00f1ol de una o dos semanas en una de las mejores escuelas de Madrid y una experiencia futbol\u00edstica para grupos cerrados. Aprender\u00e1s espa\u00f1ol con grandes profesores, entrenar\u00e1s con entrenadores cualificados y en las instalaciones del complejo de entrenamiento deportivo de m\u00e1s alto nivel.<\/p>\n<p style=\"text-align:center;\"><a href=\"\/c\/summer-junior-course-football-generation-adidas\/\" title=\"More about the course: Summer Junior Course football 360\u00ba by Generation Adidas\" class=\"buttonaction\">M\u00e1s sobre este curso<\/a><\/p>\n","protected":false},"featured_media":8522,"template":"","meta":[],"product_cat":[121],"product_tag":[],"_links":{"self":[{"href":"https:\/\/dev.tandemmadrid.com\/es\/wp-json\/wp\/v2\/product\/9223"}],"collection":[{"href":"https:\/\/dev.tandemmadrid.com\/es\/wp-json\/wp\/v2\/product"}],"about":[{"href":"https:\/\/dev.tandemmadrid.com\/es\/wp-json\/wp\/v2\/types\/product"}],"version-history":[{"count":0,"href":"https:\/\/dev.tandemmadrid.com\/es\/wp-json\/wp\/v2\/product\/9223\/revisions"}],"wp:featuredmedia":[{"embeddable":true,"href":"https:\/\/dev.tandemmadrid.com\/es\/wp-json\/wp\/v2\/media\/8522"}],"wp:attachment":[{"href":"https:\/\/dev.tandemmadrid.com\/es\/wp-json\/wp\/v2\/media?parent=9223"}],"wp:term":[{"taxonomy":"product_cat","embeddable":true,"href":"https:\/\/dev.tandemmadrid.com\/es\/wp-json\/wp\/v2\/product_cat?post=9223"},{"taxonomy":"product_tag","embeddable":true,"href":"https:\/\/dev.tandemmadrid.com\/es\/wp-json\/wp\/v2\/product_tag?post=9223"}],"curies":[{"name":"wp","href":"https:\/\/api.w.org\/{rel}","templated":true}]}}