
{"id":9225,"date":"2023-10-10T17:58:26","date_gmt":"2023-10-10T15:58:26","guid":{"rendered":"https:\/\/dev.tandemmadrid.com\/shop\/reserva-el-curso-curso-intensivo-de-espanol-estandar\/"},"modified":"2024-02-01T12:52:46","modified_gmt":"2024-02-01T11:52:46","slug":"intensivo-estandar","status":"publish","type":"product","link":"https:\/\/dev.tandemmadrid.com\/es\/tienda\/intensivo-estandar\/","title":{"rendered":"Reserva el curso: Curso intensivo de espa\u00f1ol est\u00e1ndar"},"content":{"rendered":"<table class=\"tabla-cursos\">\n<tbody>\n<tr>\n<td class=\"celdas-izq\">Fecha de inicio<\/td>\n<td class=\"celdas-dcha\">CUALQUIER LUNES DEL A\u00d1O<\/td>\n<\/tr>\n<tr class=\"fondo-color\">\n<td class=\"celdas-izq\">Lecciones por semana<\/td>\n<td class=\"celdas-dcha\">22 lecciones\/semana. 20 lecciones de espa\u00f1ol\/semana &#8211; 4 lecciones\/d\u00eda + 2 lecciones\/semana de espa\u00f1ol y conversaci\u00f3n a partir del nivel A2.<\/td>\n<\/tr>\n<tr>\n<td class=\"celdas-izq\">Duraci\u00f3n<\/td>\n<td class=\"celdas-dcha\">M\u00ednimo: 1 semana<\/td>\n<\/tr>\n<tr class=\"fondo-color\">\n<td class=\"celdas-izq\">Niveles<\/td>\n<td class=\"celdas-dcha\">Todos los niveles<\/td>\n<\/tr>\n<tr class=\"fondo-color\">\n<td class=\"celdas-izq\">Duraci\u00f3n de la lecci\u00f3n<\/td>\n<td class=\"celdas-dcha\">45 min<\/td>\n<\/tr>\n<tr>\n<td class=\"celdas-izq\"><strong>Tasa de inscripci\u00f3n<\/strong><\/td>\n<td class=\"celdas-dcha\">\n<p><strong>50\u20ac<\/strong>.<\/p>\n<\/tr>\n<\/tbody>\n<\/table>\n","protected":false},"excerpt":{"rendered":"<p>Nuestro curso intensivo de espa\u00f1ol se imparte por las ma\u00f1anas, dej\u00e1ndote toda la tarde y noche para disfrutar de las infinitas ofertas de ocio y cultura de Madrid. Como nuestra escuela est\u00e1 en pleno centro de la ciudad, podr\u00e1s visitar museos, palacios o exposiciones todos los d\u00edas de la semana, as\u00ed como pasear por los parques de Madrid o salir de tapas con tus compa\u00f1eros de clase o tu Tandem Partner.<\/p>\n<p style=\"text-align:center;\"><a href=\"\/es\/c\/curso-de-espanol-intensivo\/\" title=\"M\u00e1s informaci\u00f3n sobre el curso: Curso Intensivo de Espa\u00f1ol Est\u00e1ndar\" class=\"buttonaction\">M\u00e1s sobre este curso<\/a><\/p>\n","protected":false},"featured_media":6017,"template":"","meta":[],"product_cat":[110],"product_tag":[],"_links":{"self":[{"href":"https:\/\/dev.tandemmadrid.com\/es\/wp-json\/wp\/v2\/product\/9225"}],"collection":[{"href":"https:\/\/dev.tandemmadrid.com\/es\/wp-json\/wp\/v2\/product"}],"about":[{"href":"https:\/\/dev.tandemmadrid.com\/es\/wp-json\/wp\/v2\/types\/product"}],"version-history":[{"count":0,"href":"https:\/\/dev.tandemmadrid.com\/es\/wp-json\/wp\/v2\/product\/9225\/revisions"}],"wp:featuredmedia":[{"embeddable":true,"href":"https:\/\/dev.tandemmadrid.com\/es\/wp-json\/wp\/v2\/media\/6017"}],"wp:attachment":[{"href":"https:\/\/dev.tandemmadrid.com\/es\/wp-json\/wp\/v2\/media?parent=9225"}],"wp:term":[{"taxonomy":"product_cat","embeddable":true,"href":"https:\/\/dev.tandemmadrid.com\/es\/wp-json\/wp\/v2\/product_cat?post=9225"},{"taxonomy":"product_tag","embeddable":true,"href":"https:\/\/dev.tandemmadrid.com\/es\/wp-json\/wp\/v2\/product_tag?post=9225"}],"curies":[{"name":"wp","href":"https:\/\/api.w.org\/{rel}","templated":true}]}}