
{"id":9228,"date":"2023-10-10T12:17:29","date_gmt":"2023-10-10T10:17:29","guid":{"rendered":"https:\/\/dev.tandemmadrid.com\/shop\/presupuesto-para-el-curso-programa-de-ciudades-espanolas\/"},"modified":"2024-02-01T13:02:24","modified_gmt":"2024-02-01T12:02:24","slug":"ciudades-espanolas","status":"publish","type":"product","link":"https:\/\/dev.tandemmadrid.com\/es\/tienda\/ciudades-espanolas\/","title":{"rendered":"Presupuesto para el curso: Programa de Ciudades Espa\u00f1olas"},"content":{"rendered":"<p>Durante todo el a\u00f1o TANDEM Madrid ofrece la posibilidad de participar en programas de espa\u00f1ol en Madrid que se combinan con nuestras escuelas asociadas en San Sebasti\u00e1n, Granada y Barcelona. Esta es una muy buena alternativa para aquellos que quieren aprovechar al m\u00e1ximo su estancia en Espa\u00f1a y conocer diferentes lugares del pa\u00eds.<\/p>\n<p>La estancia m\u00ednima del programa por ciudades de Espa\u00f1a es de 2 semanas.<\/p>\n","protected":false},"excerpt":{"rendered":"<p>Este es un curso a medida. Solicita tu presupuesto explicando todos los detalles que debemos tener en cuenta como la duraci\u00f3n, el n\u00famero de participantes, las fechas de inicio, etc. Nuestro equipo se pondr\u00e1 en contacto contigo con una propuesta y con toda la informaci\u00f3n necesaria para que puedas reservar el curso posteriormente.<\/p>\n<p style=\"text-align:center;\"><a href=\"\/es\/c\/programa-ciudades-de-espana\/\" title=\"M\u00e1s informaci\u00f3n sobre el curso: Programa de Ciudades Espa\u00f1olas\" class=\"buttonaction\">M\u00e1s informaci\u00f3n sobre este curso<\/a><\/p>\n","protected":false},"featured_media":6707,"template":"","meta":[],"product_cat":[113],"product_tag":[],"_links":{"self":[{"href":"https:\/\/dev.tandemmadrid.com\/es\/wp-json\/wp\/v2\/product\/9228"}],"collection":[{"href":"https:\/\/dev.tandemmadrid.com\/es\/wp-json\/wp\/v2\/product"}],"about":[{"href":"https:\/\/dev.tandemmadrid.com\/es\/wp-json\/wp\/v2\/types\/product"}],"version-history":[{"count":0,"href":"https:\/\/dev.tandemmadrid.com\/es\/wp-json\/wp\/v2\/product\/9228\/revisions"}],"wp:featuredmedia":[{"embeddable":true,"href":"https:\/\/dev.tandemmadrid.com\/es\/wp-json\/wp\/v2\/media\/6707"}],"wp:attachment":[{"href":"https:\/\/dev.tandemmadrid.com\/es\/wp-json\/wp\/v2\/media?parent=9228"}],"wp:term":[{"taxonomy":"product_cat","embeddable":true,"href":"https:\/\/dev.tandemmadrid.com\/es\/wp-json\/wp\/v2\/product_cat?post=9228"},{"taxonomy":"product_tag","embeddable":true,"href":"https:\/\/dev.tandemmadrid.com\/es\/wp-json\/wp\/v2\/product_tag?post=9228"}],"curies":[{"name":"wp","href":"https:\/\/api.w.org\/{rel}","templated":true}]}}