
{"id":9231,"date":"2024-01-28T12:42:56","date_gmt":"2024-01-28T11:42:56","guid":{"rendered":"https:\/\/dev.tandemmadrid.com\/shop\/reserva-el-curso-campamentos-urbanos-de-verano-para-ninos-7-12-anos\/"},"modified":"2024-02-01T13:19:08","modified_gmt":"2024-02-01T12:19:08","slug":"campamento-urbano-verano","status":"publish","type":"product","link":"https:\/\/dev.tandemmadrid.com\/es\/tienda\/campamento-urbano-verano\/","title":{"rendered":"Reserva el curso: Campamentos urbanos de verano para ni\u00f1os (7-12 a\u00f1os)"},"content":{"rendered":"","protected":false},"excerpt":{"rendered":"<p>Vacaciones divertidas y educativas en espa\u00f1ol para ni\u00f1os de 7 a 12 a\u00f1os, disponibles en junio, julio y agosto. De lunes a viernes. Grupos reducidos en un entorno estimulante.<\/p>\n<p style=\"text-align:center;\"><a href=\"\/es\/c\/campamentos-urbanos-espanol-junior\/\" title=\"M\u00e1s informaci\u00f3n sobre el curso: Campamentos urbanos de verano para ni\u00f1os\" class=\"buttonaction\">M\u00e1s sobre este curso<\/a><\/p>\n","protected":false},"featured_media":7347,"template":"","meta":[],"product_cat":[121],"product_tag":[],"_links":{"self":[{"href":"https:\/\/dev.tandemmadrid.com\/es\/wp-json\/wp\/v2\/product\/9231"}],"collection":[{"href":"https:\/\/dev.tandemmadrid.com\/es\/wp-json\/wp\/v2\/product"}],"about":[{"href":"https:\/\/dev.tandemmadrid.com\/es\/wp-json\/wp\/v2\/types\/product"}],"version-history":[{"count":0,"href":"https:\/\/dev.tandemmadrid.com\/es\/wp-json\/wp\/v2\/product\/9231\/revisions"}],"wp:featuredmedia":[{"embeddable":true,"href":"https:\/\/dev.tandemmadrid.com\/es\/wp-json\/wp\/v2\/media\/7347"}],"wp:attachment":[{"href":"https:\/\/dev.tandemmadrid.com\/es\/wp-json\/wp\/v2\/media?parent=9231"}],"wp:term":[{"taxonomy":"product_cat","embeddable":true,"href":"https:\/\/dev.tandemmadrid.com\/es\/wp-json\/wp\/v2\/product_cat?post=9231"},{"taxonomy":"product_tag","embeddable":true,"href":"https:\/\/dev.tandemmadrid.com\/es\/wp-json\/wp\/v2\/product_tag?post=9231"}],"curies":[{"name":"wp","href":"https:\/\/api.w.org\/{rel}","templated":true}]}}