
{"id":9233,"date":"2023-10-09T16:07:10","date_gmt":"2023-10-09T14:07:10","guid":{"rendered":"https:\/\/dev.tandemmadrid.com\/shop\/reserva-el-curso-curso-intensivo-de-espanol-de-los-negocios\/"},"modified":"2024-02-01T13:30:37","modified_gmt":"2024-02-01T12:30:37","slug":"espanol-intensivo-negocios","status":"publish","type":"product","link":"https:\/\/dev.tandemmadrid.com\/es\/tienda\/espanol-intensivo-negocios\/","title":{"rendered":"Reserva el curso: Curso Intensivo de Espa\u00f1ol de los Negocios"},"content":{"rendered":"<table class=\"tabla-cursos\">\n<tbody>\n<tr>\n<td class = \"celdas-izq\"> Disponibilidad <\/td>\n<td class = \"celdas-dcha\"> TODO EL A\u00d1O <\/td>\n<\/tr>\n<tr class=\"fondo-color\">\n<td class = \"celdas-izq\"> Lecciones \/ semana <\/td>\n<td class = \"celdas-dcha\"> 20 lecciones de espa\u00f1ol general en grupo + 10 lecciones privadas de espa\u00f1ol de negocios \/ semana <\/td>\n<\/tr>\n<tr>\n<td class = \"celdas-izq\"> Duraci\u00f3n <\/td>\n<td class = \"celdas-dcha\"> Desde 1 semana <\/td>\n<\/tr>\n<tr class=\"fondo-color\">\n<td class = \"celdas-izq\"> Niveles <\/td>\n<td class=\"celdas-dcha\">\n<p><i>Certificado B\u00e1sico de Espa\u00f1ol de los Negocios<\/i><\/p>\n<p><i><\/p>\n<p>Certificado Superior de Espa\u00f1ol de los Negocios<\/p>\n<p><\/i><\/p>\n<p><i>Diploma de Espa\u00f1ol de los Negocios<\/i><\/p>\n<\/td>\n<\/tr>\n<tr class=\"fondo-color\">\n<td class = \"celdas-izq\"> Duraci\u00f3n de la lecci\u00f3n <\/td>\n<td class=\"celdas-dcha\">45 min.<\/td>\n<\/tr>\n<tr>\n<td class=\"celdas-izq\"><strong>Tasa de inscripci\u00f3n<\/strong><\/td>\n<td class=\"celdas-dcha\"><strong>50\u20ac<\/strong><\/td>\n<\/tr>\n<\/tbody>\n<\/table>\n","protected":false},"excerpt":{"rendered":"<p>El programa intensivo de espa\u00f1ol para los negocios, que tiene una duraci\u00f3n m\u00ednima de una semana, incluye un total de 20 clases en grupo por semana y 10 clases particulares por semana de 45 minutos cada una.<br \/>\nEsto permite a cada estudiante dominar sus objetivos personales, ya que se beneficia de las lecciones tanto grupales como individuales.<br \/>\nLas clases en grupo se centran en el espa\u00f1ol general y las particulares se centran en aspectos espec\u00edficos del lenguaje comercial y de negocios.<\/p>\n<p style=\"text-align:center;\"><a href=\"\/es\/c\/espanol-de-los-negocios\/\" title=\"M\u00e1s informaci\u00f3n sobre el curso: Curso Intensivo de Espa\u00f1ol de los Negocios\" class=\"buttonaction\">M\u00e1s informaci\u00f3n sobre este curso<\/a><\/p>\n","protected":false},"featured_media":6762,"template":"","meta":[],"product_cat":[110,112],"product_tag":[],"_links":{"self":[{"href":"https:\/\/dev.tandemmadrid.com\/es\/wp-json\/wp\/v2\/product\/9233"}],"collection":[{"href":"https:\/\/dev.tandemmadrid.com\/es\/wp-json\/wp\/v2\/product"}],"about":[{"href":"https:\/\/dev.tandemmadrid.com\/es\/wp-json\/wp\/v2\/types\/product"}],"version-history":[{"count":0,"href":"https:\/\/dev.tandemmadrid.com\/es\/wp-json\/wp\/v2\/product\/9233\/revisions"}],"wp:featuredmedia":[{"embeddable":true,"href":"https:\/\/dev.tandemmadrid.com\/es\/wp-json\/wp\/v2\/media\/6762"}],"wp:attachment":[{"href":"https:\/\/dev.tandemmadrid.com\/es\/wp-json\/wp\/v2\/media?parent=9233"}],"wp:term":[{"taxonomy":"product_cat","embeddable":true,"href":"https:\/\/dev.tandemmadrid.com\/es\/wp-json\/wp\/v2\/product_cat?post=9233"},{"taxonomy":"product_tag","embeddable":true,"href":"https:\/\/dev.tandemmadrid.com\/es\/wp-json\/wp\/v2\/product_tag?post=9233"}],"curies":[{"name":"wp","href":"https:\/\/api.w.org\/{rel}","templated":true}]}}