
{"id":9234,"date":"2023-10-09T18:57:55","date_gmt":"2023-10-09T16:57:55","guid":{"rendered":"https:\/\/dev.tandemmadrid.com\/shop\/reserva-el-curso-curso-de-espanol-de-inmersion-en-madrid\/"},"modified":"2024-02-01T13:34:58","modified_gmt":"2024-02-01T12:34:58","slug":"inmersion-madrid","status":"publish","type":"product","link":"https:\/\/dev.tandemmadrid.com\/es\/tienda\/inmersion-madrid\/","title":{"rendered":"Reserva el curso: Curso de espa\u00f1ol de inmersi\u00f3n en Madrid"},"content":{"rendered":"<table class=\"tabla-cursos\">\n<tbody>\n<tr>\n<td class=\"celdas-izq\">Fecha de inicio<\/td>\n<td class=\"celdas-dcha\">Cualquier d\u00eda del a\u00f1o<\/td>\n<\/tr>\n<tr class=\"fondo-color\">\n<td class=\"celdas-izq\">Lecciones por semana<\/td>\n<td class=\"celdas-dcha\">A partir de 20 lecciones\/semana<\/td>\n<\/tr>\n<tr>\n<td class=\"celdas-izq\">Niveles<\/td>\n<td class=\"celdas-dcha\">Todos los niveles<\/td>\n<\/tr>\n<tr class=\"fondo-color\">\n<td class=\"celdas-izq\">OPCIONAL<\/td>\n<td class=\"celdas-dcha\">Comida con su profesor\/programa cultural, Actividades culturales por la tarde\/noche<\/td>\n<\/tr>\n<tr class=\"fondo-color\">\n<td class=\"celdas-izq\">Duraci\u00f3n de la lecci\u00f3n<\/td>\n<td class=\"celdas-dcha\">45 min<\/td>\n<\/tr>\n<tr>\n<td class=\"celdas-izq\"><strong>Tasa de inscripci\u00f3n<\/strong><\/td>\n<td class=\"celdas-dcha\">\n<p><strong>50\u20ac<\/strong>.<\/p>\n<\/td>\n<\/tr>\n<\/tbody>\n<\/table>\n","protected":false},"excerpt":{"rendered":"<p>Este curso es una gran opci\u00f3n para aquellos que est\u00e1n interesados en un aprendizaje individual y personalizado que les permita ver resultados r\u00e1pidos. Siempre podr\u00e1s contar con un profesor de espa\u00f1ol especializado en el \u00e1mbito profesional que hayas solicitado. Gracias a las 20\/30 lecciones de 45 minutos semanales, podr\u00e1s incorporarte al curso cualquier d\u00eda del a\u00f1o.<\/p>\n<p style=\"text-align:center;\"><a href=\"\/es\/c\/espanol-para-profesionales-seminario-de-inmersion\/\" title=\"M\u00e1s informaci\u00f3n sobre el curso: Curso de espa\u00f1ol de inmersi\u00f3n en Madrid\" class=\"buttonaction\">M\u00e1s informaci\u00f3n sobre este curso<\/a><\/p>\n","protected":false},"featured_media":6828,"template":"","meta":[],"product_cat":[112],"product_tag":[],"_links":{"self":[{"href":"https:\/\/dev.tandemmadrid.com\/es\/wp-json\/wp\/v2\/product\/9234"}],"collection":[{"href":"https:\/\/dev.tandemmadrid.com\/es\/wp-json\/wp\/v2\/product"}],"about":[{"href":"https:\/\/dev.tandemmadrid.com\/es\/wp-json\/wp\/v2\/types\/product"}],"version-history":[{"count":0,"href":"https:\/\/dev.tandemmadrid.com\/es\/wp-json\/wp\/v2\/product\/9234\/revisions"}],"wp:featuredmedia":[{"embeddable":true,"href":"https:\/\/dev.tandemmadrid.com\/es\/wp-json\/wp\/v2\/media\/6828"}],"wp:attachment":[{"href":"https:\/\/dev.tandemmadrid.com\/es\/wp-json\/wp\/v2\/media?parent=9234"}],"wp:term":[{"taxonomy":"product_cat","embeddable":true,"href":"https:\/\/dev.tandemmadrid.com\/es\/wp-json\/wp\/v2\/product_cat?post=9234"},{"taxonomy":"product_tag","embeddable":true,"href":"https:\/\/dev.tandemmadrid.com\/es\/wp-json\/wp\/v2\/product_tag?post=9234"}],"curies":[{"name":"wp","href":"https:\/\/api.w.org\/{rel}","templated":true}]}}