
{"id":9236,"date":"2023-10-09T13:54:54","date_gmt":"2023-10-09T11:54:54","guid":{"rendered":"https:\/\/dev.tandemmadrid.com\/shop\/reserva-el-curso-programa-de-espanol-junior-de-verano-en-madrid\/"},"modified":"2024-02-01T13:40:33","modified_gmt":"2024-02-01T12:40:33","slug":"junior-madrid","status":"publish","type":"product","link":"https:\/\/dev.tandemmadrid.com\/es\/tienda\/junior-madrid\/","title":{"rendered":"Reserva el curso: Programa de espa\u00f1ol junior de verano en Madrid"},"content":{"rendered":"<table class=\"tabla-cursos\">\n<tbody>\n<tr>\n<td class=\"celdas-izq\">Fechas de inicio<\/td>\n<td class=\"celdas-dcha\">Todos los lunes de junio a julio.<\/td>\n<\/tr>\n<tr class=\"fondo-color\">\n<td class=\"celdas-izq\">Edad<\/td>\n<td class=\"celdas-dcha\">13 a 17<\/td>\n<\/tr>\n<tr>\n<td class=\"celdas-izq\">Lecciones\/semana<\/td>\n<td class=\"celdas-dcha\">20 Lecciones\/semana \u2013 4 Lecciones\/d\u00eda<\/td>\n<\/tr>\n<tr class=\"fondo-color\">\n<td class=\"celdas-izq\">Duraci\u00f3n<\/td>\n<td class=\"celdas-dcha\">M\u00ednimo 2 semanas<\/td>\n<\/tr>\n<tr class=\"fondo-color\">\n<td class=\"celdas-izq\">Niveles<\/td>\n<td class=\"celdas-dcha\">Todos los niveles<\/td>\n<\/tr>\n<tr>\n<td class=\"celdas-izq\">Duraci\u00f3n de la lecci\u00f3n<\/td>\n<td class=\"celdas-dcha\">45 min<\/td>\n<\/tr>\n<tr class=\"fondo-color\">\n<td class=\"celdas-izq\">Programa cultural<\/td>\n<td class=\"celdas-dcha\">1 actividad de tarde cada d\u00eda + 1 excursi\u00f3n el fin de semana<\/td>\n<\/tr>\n<tr>\n<td class=\"celdas-izq\">Alojamiento<\/td>\n<td class=\"celdas-dcha\">Familia de acogida, habitaci\u00f3n individual con pensi\u00f3n completa<\/td>\n<\/tr>\n<tr>\n<td class=\"celdas-izq\"><strong>Cuota de inscripci\u00f3n<\/strong><\/td>\n<td class=\"celdas-dcha\"><strong>50\u20ac<\/strong><\/td>\n<\/tr>\n<\/tbody>\n<\/table>\n","protected":false},"excerpt":{"rendered":"<p>Si tienes entre 13 y 17 a\u00f1os y est\u00e1s pensando en apuntarte a un curso de verano de espa\u00f1ol en Madrid, el Curso de Espa\u00f1ol Junior (13-17) de TANDEM Madrid es una gran opci\u00f3n.<br \/>\nEste programa acad\u00e9mico, que tiene lugar en verano, consta de 4 lecciones de 45 minutos por semana durante un m\u00ednimo de dos semanas. En estos 15 d\u00edas o m\u00e1s, asistir\u00e1s a clases de espa\u00f1ol en una escuela del centro de Madrid con otros estudiantes de tu edad con or\u00edgenes de muchos pa\u00edses distintos.<\/p>\n<p style=\"text-align:center;\"><a href=\"\/es\/c\/curso-de-espanol-junior-en-madrid\/\" title=\"M\u00e1s informaci\u00f3n sobre el curso: Programa de verano de espa\u00f1ol para j\u00f3venes en Madrid\" class=\"buttonaction\">M\u00e1s informaci\u00f3n sobre este curso<\/a><\/p>\n","protected":false},"featured_media":6747,"template":"","meta":[],"product_cat":[121],"product_tag":[],"_links":{"self":[{"href":"https:\/\/dev.tandemmadrid.com\/es\/wp-json\/wp\/v2\/product\/9236"}],"collection":[{"href":"https:\/\/dev.tandemmadrid.com\/es\/wp-json\/wp\/v2\/product"}],"about":[{"href":"https:\/\/dev.tandemmadrid.com\/es\/wp-json\/wp\/v2\/types\/product"}],"version-history":[{"count":0,"href":"https:\/\/dev.tandemmadrid.com\/es\/wp-json\/wp\/v2\/product\/9236\/revisions"}],"wp:featuredmedia":[{"embeddable":true,"href":"https:\/\/dev.tandemmadrid.com\/es\/wp-json\/wp\/v2\/media\/6747"}],"wp:attachment":[{"href":"https:\/\/dev.tandemmadrid.com\/es\/wp-json\/wp\/v2\/media?parent=9236"}],"wp:term":[{"taxonomy":"product_cat","embeddable":true,"href":"https:\/\/dev.tandemmadrid.com\/es\/wp-json\/wp\/v2\/product_cat?post=9236"},{"taxonomy":"product_tag","embeddable":true,"href":"https:\/\/dev.tandemmadrid.com\/es\/wp-json\/wp\/v2\/product_tag?post=9236"}],"curies":[{"name":"wp","href":"https:\/\/api.w.org\/{rel}","templated":true}]}}