
{"id":9237,"date":"2023-10-10T16:45:30","date_gmt":"2023-10-10T14:45:30","guid":{"rendered":"https:\/\/dev.tandemmadrid.com\/shop\/reservar-el-curso-programa-de-acceso-a-la-universidad-espanola\/"},"modified":"2024-02-01T13:49:17","modified_gmt":"2024-02-01T12:49:17","slug":"acceso-universidad-espanola","status":"publish","type":"product","link":"https:\/\/dev.tandemmadrid.com\/es\/tienda\/acceso-universidad-espanola\/","title":{"rendered":"Reservar el curso: Programa de Acceso a la Universidad Espa\u00f1ola"},"content":{"rendered":"<p>Opciones de itinerario<\/p>\n<ul>\n<li>Programa est\u00e1ndar de 14 meses: Durante 6 meses (de abril a septiembre) asistes a nuestros cursos intensivos de lunes a viernes de 09.30 a 13.00 (20 lecciones por semana). Cuando alcanzas el nivel B1, puedes empezar un curso de 8 meses con nuestra escuela asociada (de octubre a diciembre, 10 lecciones por semana, o de enero a mayo con 20 lecciones por semana). El examen de acceso es en junio.<\/li>\n<li>Programa intensivo de 11 meses: Durante 6 meses (de julio a diciembre) asistes a nuestros cursos intensivos, de lunes a viernes de 09.30 a 13.00 (20 lecciones por semana). Cuando alcanzas el nivel B1, puedes empezar un curso intensivo de 5 meses con nuestra escuela asociada (de enero a mayo, 20 lecciones por semana). De nuevo el examen de acceso es en junio.<\/li>\n<li>Programa de 8 meses de b1: Si ya tienes un nivel b1 de espa\u00f1ol, asistes a las clases de preparaci\u00f3n del examen por las ma\u00f1anas durante 8 meses, y vienes a TANDEM para recibir clases de espa\u00f1ol dos veces por semana por las tardes.<\/li>\n<\/ul>\n","protected":false},"excerpt":{"rendered":"<p>Si quieres estudiar en una universidad espa\u00f1ola, TANDEM te ofrece un programa que incluye la gesti\u00f3n del visado de estudiante, un curso de espa\u00f1ol, orientaci\u00f3n al alumno y clases preparatorias para el examen de acceso a un centro especializado. Tambi\u00e9n podemos organizar tu alojamiento en familias o residencias, y ponerte en contacto con estudiantes espa\u00f1oles para intercambiar y practicar conversaci\u00f3n.<\/p>\n<p style=\"text-align:center;\"><a href=\"\/es\/c\/programa-acceso-universidad-espanola\/\" title=\"M\u00e1s informaci\u00f3n sobre el curso: Programa de Acceso a la Universidad Espa\u00f1ola\" class=\"buttonaction\">M\u00e1s informaci\u00f3n sobre este curso<\/a><\/p>\n","protected":false},"featured_media":6697,"template":"","meta":[],"product_cat":[113],"product_tag":[],"_links":{"self":[{"href":"https:\/\/dev.tandemmadrid.com\/es\/wp-json\/wp\/v2\/product\/9237"}],"collection":[{"href":"https:\/\/dev.tandemmadrid.com\/es\/wp-json\/wp\/v2\/product"}],"about":[{"href":"https:\/\/dev.tandemmadrid.com\/es\/wp-json\/wp\/v2\/types\/product"}],"version-history":[{"count":0,"href":"https:\/\/dev.tandemmadrid.com\/es\/wp-json\/wp\/v2\/product\/9237\/revisions"}],"wp:featuredmedia":[{"embeddable":true,"href":"https:\/\/dev.tandemmadrid.com\/es\/wp-json\/wp\/v2\/media\/6697"}],"wp:attachment":[{"href":"https:\/\/dev.tandemmadrid.com\/es\/wp-json\/wp\/v2\/media?parent=9237"}],"wp:term":[{"taxonomy":"product_cat","embeddable":true,"href":"https:\/\/dev.tandemmadrid.com\/es\/wp-json\/wp\/v2\/product_cat?post=9237"},{"taxonomy":"product_tag","embeddable":true,"href":"https:\/\/dev.tandemmadrid.com\/es\/wp-json\/wp\/v2\/product_tag?post=9237"}],"curies":[{"name":"wp","href":"https:\/\/api.w.org\/{rel}","templated":true}]}}