
{"id":9243,"date":"2024-01-28T13:43:54","date_gmt":"2024-01-28T12:43:54","guid":{"rendered":"https:\/\/dev.tandemmadrid.com\/shop\/presupuesto-para-el-cursoespanol-para-familias\/"},"modified":"2024-02-01T13:56:53","modified_gmt":"2024-02-01T12:56:53","slug":"espanol-familias","status":"publish","type":"product","link":"https:\/\/dev.tandemmadrid.com\/es\/tienda\/espanol-familias\/","title":{"rendered":"Presupuesto para el curso:Espa\u00f1ol para familias"},"content":{"rendered":"","protected":false},"excerpt":{"rendered":"<p>Curso para familias que quieren pasar tiempo juntos en Madrid y combinar su aprendizaje del espa\u00f1ol con actividades divertidas y culturales personalizadas.<\/p>\n<p style=\"text-align:center;\"><a href=\"\/es\/c\/espanol-familias\/\" title=\"M\u00e1s informaci\u00f3n sobre el curso: Espa\u00f1ol para familias\" class=\"buttonaction\">M\u00e1s sobre este curso<\/a><\/p>\n","protected":false},"featured_media":7365,"template":"","meta":[],"product_cat":[113,109],"product_tag":[],"_links":{"self":[{"href":"https:\/\/dev.tandemmadrid.com\/es\/wp-json\/wp\/v2\/product\/9243"}],"collection":[{"href":"https:\/\/dev.tandemmadrid.com\/es\/wp-json\/wp\/v2\/product"}],"about":[{"href":"https:\/\/dev.tandemmadrid.com\/es\/wp-json\/wp\/v2\/types\/product"}],"version-history":[{"count":0,"href":"https:\/\/dev.tandemmadrid.com\/es\/wp-json\/wp\/v2\/product\/9243\/revisions"}],"wp:featuredmedia":[{"embeddable":true,"href":"https:\/\/dev.tandemmadrid.com\/es\/wp-json\/wp\/v2\/media\/7365"}],"wp:attachment":[{"href":"https:\/\/dev.tandemmadrid.com\/es\/wp-json\/wp\/v2\/media?parent=9243"}],"wp:term":[{"taxonomy":"product_cat","embeddable":true,"href":"https:\/\/dev.tandemmadrid.com\/es\/wp-json\/wp\/v2\/product_cat?post=9243"},{"taxonomy":"product_tag","embeddable":true,"href":"https:\/\/dev.tandemmadrid.com\/es\/wp-json\/wp\/v2\/product_tag?post=9243"}],"curies":[{"name":"wp","href":"https:\/\/api.w.org\/{rel}","templated":true}]}}