
{"id":9244,"date":"2023-10-10T13:20:26","date_gmt":"2023-10-10T11:20:26","guid":{"rendered":"https:\/\/dev.tandemmadrid.com\/shop\/book-the-course-dele-exam-preparation-face-to-face-or-online\/"},"modified":"2024-02-01T14:20:12","modified_gmt":"2024-02-01T13:20:12","slug":"preparacion-dele","status":"publish","type":"product","link":"https:\/\/dev.tandemmadrid.com\/es\/tienda\/preparacion-dele\/","title":{"rendered":"Reserva el curso: Curso de preparaci\u00f3n del DELE"},"content":{"rendered":"","protected":false},"excerpt":{"rendered":"<p>El DELE es el diploma oficial de aprendizaje de la lengua espa\u00f1ola del Instituto Cervantes. Estos diplomas est\u00e1n reconocidos en todo el mundo y son muy respetados tanto en el \u00e1mbito educativo como en el empresarial y paraobtener la nacionalidad espa\u00f1ola. En este curso te preparamos para el DELE con clases intensivas.<\/p>\n<p style=\"text-align:center;\"><a href=\"\/es\/c\/preparacion-curso-dele\/\" title=\"M\u00e1s informaci\u00f3n sobre el curso: Preparaci\u00f3n del examen DELE\" class=\"buttonaction\">M\u00e1s informaci\u00f3n sobre este curso<\/a><\/p>\n","protected":false},"featured_media":4577,"template":"","meta":[],"product_cat":[111,106],"product_tag":[],"_links":{"self":[{"href":"https:\/\/dev.tandemmadrid.com\/es\/wp-json\/wp\/v2\/product\/9244"}],"collection":[{"href":"https:\/\/dev.tandemmadrid.com\/es\/wp-json\/wp\/v2\/product"}],"about":[{"href":"https:\/\/dev.tandemmadrid.com\/es\/wp-json\/wp\/v2\/types\/product"}],"version-history":[{"count":0,"href":"https:\/\/dev.tandemmadrid.com\/es\/wp-json\/wp\/v2\/product\/9244\/revisions"}],"wp:featuredmedia":[{"embeddable":true,"href":"https:\/\/dev.tandemmadrid.com\/es\/wp-json\/wp\/v2\/media\/4577"}],"wp:attachment":[{"href":"https:\/\/dev.tandemmadrid.com\/es\/wp-json\/wp\/v2\/media?parent=9244"}],"wp:term":[{"taxonomy":"product_cat","embeddable":true,"href":"https:\/\/dev.tandemmadrid.com\/es\/wp-json\/wp\/v2\/product_cat?post=9244"},{"taxonomy":"product_tag","embeddable":true,"href":"https:\/\/dev.tandemmadrid.com\/es\/wp-json\/wp\/v2\/product_tag?post=9244"}],"curies":[{"name":"wp","href":"https:\/\/api.w.org\/{rel}","templated":true}]}}