
{"id":9245,"date":"2023-10-09T13:09:11","date_gmt":"2023-10-09T11:09:11","guid":{"rendered":"https:\/\/dev.tandemmadrid.com\/shop\/reserve-el-cursoformacion-ele-individual-para-profesores-no-nativos\/"},"modified":"2024-02-01T14:30:32","modified_gmt":"2024-02-01T13:30:32","slug":"formacion-ele-no-nativos","status":"publish","type":"product","link":"https:\/\/dev.tandemmadrid.com\/es\/tienda\/formacion-ele-no-nativos\/","title":{"rendered":"Reserve el curso: Formaci\u00f3n ELE individual para profesores no nativos"},"content":{"rendered":"<table class=\"tabla-cursos\">\n<tbody>\n<tr>\n<td class=\"celdas-izq\">Duraci\u00f3n<\/td>\n<td class=\"celdas-dcha\">M\u00ednimo 1 semana (30 lecciones de 45 minutos cada una). 9.30 &#8211; 15.00 (6 lecciones\/d\u00eda)<\/td>\n<\/tr>\n<tr>\n<td class=\"celdas-izq\">Fechas y horarios<\/td>\n<td class=\"celdas-dcha\">\n<p>De lunes a viernes.<\/p>\n<p>Comienza cualquier lunes del a\u00f1o.<\/p>\n<\/td>\n<\/tr>\n<tr>\n<td class=\"celdas-izq\">Nivel<\/td>\n<td class=\"celdas-dcha\"><strong>B2<\/strong><\/td>\n<\/tr>\n<tr>\n<td class=\"celdas-izq\">M\u00e1ximo de participantes<\/td>\n<td class=\"celdas-dcha\"><strong>10<\/strong><\/td>\n<\/tr>\n<\/tbody>\n<\/table>\n","protected":false},"excerpt":{"rendered":"<p>Este curso consta de 20 unidades de clases presenciales de lengua en grupo avanzado (B2 o superior) con un m\u00e1ximo de 10 alumnos + 10 lecciones individuales sobre actualizaci\u00f3n de los conocimientos did\u00e1cticos de la ense\u00f1anza de ELE, adaptadas a las necesidades reales del participante. Impartidas en la escuela TANDEM de Madrid. Antes de llegar a TANDEM te enviaremos un an\u00e1lisis de necesidades.<\/p>\n<p style=\"text-align:center;\"><a href=\"\/es\/c\/formacion-ele-para-profesores-no-nativos\/\" title=\"M\u00e1s informaci\u00f3n sobre el curso: Formaci\u00f3n individual de ELE\" class=\"buttonaction\">M\u00e1s informaci\u00f3n sobre este curso<\/a><\/p>\n","protected":false},"featured_media":6838,"template":"","meta":[],"product_cat":[122],"product_tag":[],"_links":{"self":[{"href":"https:\/\/dev.tandemmadrid.com\/es\/wp-json\/wp\/v2\/product\/9245"}],"collection":[{"href":"https:\/\/dev.tandemmadrid.com\/es\/wp-json\/wp\/v2\/product"}],"about":[{"href":"https:\/\/dev.tandemmadrid.com\/es\/wp-json\/wp\/v2\/types\/product"}],"version-history":[{"count":0,"href":"https:\/\/dev.tandemmadrid.com\/es\/wp-json\/wp\/v2\/product\/9245\/revisions"}],"wp:featuredmedia":[{"embeddable":true,"href":"https:\/\/dev.tandemmadrid.com\/es\/wp-json\/wp\/v2\/media\/6838"}],"wp:attachment":[{"href":"https:\/\/dev.tandemmadrid.com\/es\/wp-json\/wp\/v2\/media?parent=9245"}],"wp:term":[{"taxonomy":"product_cat","embeddable":true,"href":"https:\/\/dev.tandemmadrid.com\/es\/wp-json\/wp\/v2\/product_cat?post=9245"},{"taxonomy":"product_tag","embeddable":true,"href":"https:\/\/dev.tandemmadrid.com\/es\/wp-json\/wp\/v2\/product_tag?post=9245"}],"curies":[{"name":"wp","href":"https:\/\/api.w.org\/{rel}","templated":true}]}}