
{"id":9246,"date":"2024-01-28T11:48:26","date_gmt":"2024-01-28T10:48:26","guid":{"rendered":"https:\/\/dev.tandemmadrid.com\/shop\/reserve-el-curso-tutorias-y-practicas-para-profesores\/"},"modified":"2024-02-01T14:46:38","modified_gmt":"2024-02-01T13:46:38","slug":"tutorias-practicas-profesores","status":"publish","type":"product","link":"https:\/\/dev.tandemmadrid.com\/es\/tienda\/tutorias-practicas-profesores\/","title":{"rendered":"Reserve el curso: Tutor\u00edas y pr\u00e1cticas para profesores"},"content":{"rendered":"","protected":false},"excerpt":{"rendered":"<p>Una o dos semanas de observaci\u00f3n en el aula y ejercicios pr\u00e1cticos de ense\u00f1anza con profesores espa\u00f1oles experimentados de TANDEM Madrid.<\/p>\n<p>Los participantes ser\u00e1n guiados por uno de los formadores de profesores de nuestro equipo, que les acompa\u00f1ar\u00e1 durante la observaci\u00f3n en el aula y los ejercicios pr\u00e1cticos de ense\u00f1anza. Pueden estar presentes durante la preparaci\u00f3n de la clase, observar a su tutor en clase, impartir unidades did\u00e1cticas breves y recibir comentarios despu\u00e9s de la clase.<\/p>\n<p style=\"text-align:center;\"><a href=\"\/es\/c\/tutorias-y-practicas-para-profesores\/\" title=\"M\u00e1s informaci\u00f3n sobre el curso: Tutor\u00edas y pr\u00e1cticas para profesores 2 semanas intensivas (individuales)\" class=\"buttonaction\">M\u00e1s sobre este curso<\/a><\/p>\n","protected":false},"featured_media":7331,"template":"","meta":[],"product_cat":[122],"product_tag":[],"_links":{"self":[{"href":"https:\/\/dev.tandemmadrid.com\/es\/wp-json\/wp\/v2\/product\/9246"}],"collection":[{"href":"https:\/\/dev.tandemmadrid.com\/es\/wp-json\/wp\/v2\/product"}],"about":[{"href":"https:\/\/dev.tandemmadrid.com\/es\/wp-json\/wp\/v2\/types\/product"}],"version-history":[{"count":0,"href":"https:\/\/dev.tandemmadrid.com\/es\/wp-json\/wp\/v2\/product\/9246\/revisions"}],"wp:featuredmedia":[{"embeddable":true,"href":"https:\/\/dev.tandemmadrid.com\/es\/wp-json\/wp\/v2\/media\/7331"}],"wp:attachment":[{"href":"https:\/\/dev.tandemmadrid.com\/es\/wp-json\/wp\/v2\/media?parent=9246"}],"wp:term":[{"taxonomy":"product_cat","embeddable":true,"href":"https:\/\/dev.tandemmadrid.com\/es\/wp-json\/wp\/v2\/product_cat?post=9246"},{"taxonomy":"product_tag","embeddable":true,"href":"https:\/\/dev.tandemmadrid.com\/es\/wp-json\/wp\/v2\/product_tag?post=9246"}],"curies":[{"name":"wp","href":"https:\/\/api.w.org\/{rel}","templated":true}]}}