
{"id":9247,"date":"2023-10-09T17:33:30","date_gmt":"2023-10-09T15:33:30","guid":{"rendered":"https:\/\/dev.tandemmadrid.com\/shop\/reserva-el-curso-campamento-de-futbol-real-madrid-campus-experience\/"},"modified":"2024-02-01T14:55:53","modified_gmt":"2024-02-01T13:55:53","slug":"futbol-real-madrid","status":"publish","type":"product","link":"https:\/\/dev.tandemmadrid.com\/es\/tienda\/futbol-real-madrid\/","title":{"rendered":"Reserva el curso: Campamento de f\u00fatbol Real Madrid Campus Experience"},"content":{"rendered":"<p>Primera Semana: Programa de verano j\u00fanior en TANDEM Madrid<br \/>\nLas actividades culturales y de ocio se iniciar\u00e1n todos los d\u00edas despu\u00e9s de la comida: una actividad vespertina o nocturna. Visitar\u00e1s los monumentos m\u00e1s famosos de Madrid, como la Plaza Mayor, la Puerta del Sol, el Parque del Retiro, el Madrid de los Austrias, las instalaciones deportivas de la ciudad y asistir\u00e1s a conciertos y pel\u00edculas al aire libre. Tambi\u00e9n ofrecemos actividades deportivas como patinaje, nataci\u00f3n, senderismo en las monta\u00f1as cerca de Madrid, una visita al estadio de f\u00fatbol del Real Madrid, partidos de f\u00fatbol o baloncesto, clases de flamenco y mucho m\u00e1s.<\/p>\n<p>Excursiones<br \/>\nLos s\u00e1bados habr\u00e1 excursiones a lugares cercanos a Madrid, como Segovia, con su famoso acueducto romano; \u00c1vila, famosa por sus murallas, o El Escorial, con su impresionante monasterio construido durante el reinado de Felipe II.<\/p>\n<p>Segunda semana: Campamento residencial de f\u00fatbol, 1 semana<br \/>\nDesde el momento en que despierten hasta que se acuesten, nuestros participantes vivir\u00e1n de primera mano lo que significa crecer como grupo dentro del programa de aprendizaje y deportes dirigido por entrenadores de la Fundaci\u00f3n Real Madrid y educadores de Campus Experience. Alojados en una residencia de primera clase, los participantes se trasladar\u00e1n diariamente a la Ciudad Real Madrid de Valdebebas para realizar 90 minutos de entrenamiento por la ma\u00f1ana y por la tarde bajo la supervisi\u00f3n de los entrenadores de la Fundaci\u00f3n Real Madrid. Todas estas actividades est\u00e1n asociadas a los valores del club.<\/p>\n","protected":false},"excerpt":{"rendered":"<p>Nuestro Campamento de Espa\u00f1ol y F\u00fatbol te ofrece una emocionante combinaci\u00f3n de entrenamiento profesional de f\u00fatbol, clases de espa\u00f1ol, viajes y otras actividades.<\/p>\n<p>\u00a1El programa en Madrid! perfecto para tus hijos, ya sean ni\u00f1os o ni\u00f1as. Conoce de primera mano lo que es trabajar en grupo aprendiendo un idioma y al mismo tiempo mejorar el desarrollo deportivo. Este curso es dirigido por entrenadores de la Fundaci\u00f3n Real Madrid y educadores de Campus Experience.<\/p>\n<p style=\"text-align:center;\"><a href=\"\/es\/c\/espanol-campamento-futbol-real-madrid\/\" title=\"M\u00e1s informaci\u00f3n sobre el curso: Programa junior de verano (individual) + campamento de f\u00fatbol Real Madrid Campus Experience\" class=\"buttonaction\">M\u00e1s informaci\u00f3n sobre este curso<\/a><\/p>\n","protected":false},"featured_media":6804,"template":"","meta":[],"product_cat":[121],"product_tag":[],"_links":{"self":[{"href":"https:\/\/dev.tandemmadrid.com\/es\/wp-json\/wp\/v2\/product\/9247"}],"collection":[{"href":"https:\/\/dev.tandemmadrid.com\/es\/wp-json\/wp\/v2\/product"}],"about":[{"href":"https:\/\/dev.tandemmadrid.com\/es\/wp-json\/wp\/v2\/types\/product"}],"version-history":[{"count":0,"href":"https:\/\/dev.tandemmadrid.com\/es\/wp-json\/wp\/v2\/product\/9247\/revisions"}],"wp:featuredmedia":[{"embeddable":true,"href":"https:\/\/dev.tandemmadrid.com\/es\/wp-json\/wp\/v2\/media\/6804"}],"wp:attachment":[{"href":"https:\/\/dev.tandemmadrid.com\/es\/wp-json\/wp\/v2\/media?parent=9247"}],"wp:term":[{"taxonomy":"product_cat","embeddable":true,"href":"https:\/\/dev.tandemmadrid.com\/es\/wp-json\/wp\/v2\/product_cat?post=9247"},{"taxonomy":"product_tag","embeddable":true,"href":"https:\/\/dev.tandemmadrid.com\/es\/wp-json\/wp\/v2\/product_tag?post=9247"}],"curies":[{"name":"wp","href":"https:\/\/api.w.org\/{rel}","templated":true}]}}