
{"id":9250,"date":"2023-10-06T17:59:35","date_gmt":"2023-10-06T15:59:35","guid":{"rendered":"https:\/\/dev.tandemmadrid.com\/shop\/reserva-el-curso-aprender-con-el-corazon-y-la-cabeza\/"},"modified":"2024-02-01T15:10:10","modified_gmt":"2024-02-01T14:10:10","slug":"aprender-corazon-cabeza","status":"publish","type":"product","link":"https:\/\/dev.tandemmadrid.com\/es\/tienda\/aprender-corazon-cabeza\/","title":{"rendered":"Reserva el curso: Aprender con el coraz\u00f3n y la cabeza"},"content":{"rendered":"","protected":false},"excerpt":{"rendered":"<p>El curso presenta las aportaciones de los m\u00e9todos humanistas al aprendizaje y la ense\u00f1anza de lenguas extranjeras: Sugestopedia, Programaci\u00f3n Neuroling\u00fc\u00edstica y otros enfoques hol\u00edsticos que ven a los alumnos como seres globales, dotados de afectividad, creatividad, diferentes tipos de inteligencia y estilos de aprendizaje.<\/p>\n<p style=\"text-align:center;\"><a href=\"\/es\/espanol-online\/tandem-virtual\/aprender-corazon-cabeza\/\" title=\"M\u00e1s informaci\u00f3n sobre el curso: Aprender con el coraz\u00f3n y la cabeza\" class=\"buttonaction\">M\u00e1s informaci\u00f3n sobre este curso<\/a><\/p>\n","protected":false},"featured_media":8530,"template":"","meta":[],"product_cat":[122,113,111],"product_tag":[],"_links":{"self":[{"href":"https:\/\/dev.tandemmadrid.com\/es\/wp-json\/wp\/v2\/product\/9250"}],"collection":[{"href":"https:\/\/dev.tandemmadrid.com\/es\/wp-json\/wp\/v2\/product"}],"about":[{"href":"https:\/\/dev.tandemmadrid.com\/es\/wp-json\/wp\/v2\/types\/product"}],"version-history":[{"count":0,"href":"https:\/\/dev.tandemmadrid.com\/es\/wp-json\/wp\/v2\/product\/9250\/revisions"}],"wp:featuredmedia":[{"embeddable":true,"href":"https:\/\/dev.tandemmadrid.com\/es\/wp-json\/wp\/v2\/media\/8530"}],"wp:attachment":[{"href":"https:\/\/dev.tandemmadrid.com\/es\/wp-json\/wp\/v2\/media?parent=9250"}],"wp:term":[{"taxonomy":"product_cat","embeddable":true,"href":"https:\/\/dev.tandemmadrid.com\/es\/wp-json\/wp\/v2\/product_cat?post=9250"},{"taxonomy":"product_tag","embeddable":true,"href":"https:\/\/dev.tandemmadrid.com\/es\/wp-json\/wp\/v2\/product_tag?post=9250"}],"curies":[{"name":"wp","href":"https:\/\/api.w.org\/{rel}","templated":true}]}}