
{"id":9251,"date":"2023-10-09T17:59:00","date_gmt":"2023-10-09T15:59:00","guid":{"rendered":"https:\/\/dev.tandemmadrid.com\/shop\/spanish-guitar-lessons\/"},"modified":"2024-02-01T15:28:08","modified_gmt":"2024-02-01T14:28:08","slug":"clases-guitarra-espanola","status":"publish","type":"product","link":"https:\/\/dev.tandemmadrid.com\/es\/tienda\/clases-guitarra-espanola\/","title":{"rendered":"Clases de guitarra espa\u00f1ola"},"content":{"rendered":"","protected":false},"excerpt":{"rendered":"<p>Si te gusta la m\u00fasica y quieres aprender a tocar un instrumento t\u00edpico espa\u00f1ol, est\u00e1s en el lugar adecuado. Gracias a estas clases extra de guitarra espa\u00f1ola podr\u00e1s aprender a tocar canciones t\u00edpicas espa\u00f1olas al ritmo de este famoso instrumento.<\/p>\n","protected":false},"featured_media":6979,"template":"","meta":[],"product_cat":[108],"product_tag":[],"_links":{"self":[{"href":"https:\/\/dev.tandemmadrid.com\/es\/wp-json\/wp\/v2\/product\/9251"}],"collection":[{"href":"https:\/\/dev.tandemmadrid.com\/es\/wp-json\/wp\/v2\/product"}],"about":[{"href":"https:\/\/dev.tandemmadrid.com\/es\/wp-json\/wp\/v2\/types\/product"}],"version-history":[{"count":0,"href":"https:\/\/dev.tandemmadrid.com\/es\/wp-json\/wp\/v2\/product\/9251\/revisions"}],"wp:featuredmedia":[{"embeddable":true,"href":"https:\/\/dev.tandemmadrid.com\/es\/wp-json\/wp\/v2\/media\/6979"}],"wp:attachment":[{"href":"https:\/\/dev.tandemmadrid.com\/es\/wp-json\/wp\/v2\/media?parent=9251"}],"wp:term":[{"taxonomy":"product_cat","embeddable":true,"href":"https:\/\/dev.tandemmadrid.com\/es\/wp-json\/wp\/v2\/product_cat?post=9251"},{"taxonomy":"product_tag","embeddable":true,"href":"https:\/\/dev.tandemmadrid.com\/es\/wp-json\/wp\/v2\/product_tag?post=9251"}],"curies":[{"name":"wp","href":"https:\/\/api.w.org\/{rel}","templated":true}]}}