
{"id":9259,"date":"2023-10-09T17:53:20","date_gmt":"2023-10-09T15:53:20","guid":{"rendered":"https:\/\/dev.tandemmadrid.com\/shop\/salsa-classes\/"},"modified":"2024-02-01T15:34:23","modified_gmt":"2024-02-01T14:34:23","slug":"clases-salsa","status":"publish","type":"product","link":"https:\/\/dev.tandemmadrid.com\/es\/tienda\/clases-salsa\/","title":{"rendered":"Salsa classes"},"content":{"rendered":"","protected":false},"excerpt":{"rendered":"<p>Una de las mejores maneras de empezar a conocer gente y socializar en otro pa\u00eds es apuntarse a clases de baile. Y qu\u00e9 mejor baile que la salsa, una danza muy animada y llena de ritmo. No lo dudes y ap\u00fantate a estas clases de baile extra.<\/p>\n","protected":false},"featured_media":6971,"template":"","meta":[],"product_cat":[108],"product_tag":[],"_links":{"self":[{"href":"https:\/\/dev.tandemmadrid.com\/es\/wp-json\/wp\/v2\/product\/9259"}],"collection":[{"href":"https:\/\/dev.tandemmadrid.com\/es\/wp-json\/wp\/v2\/product"}],"about":[{"href":"https:\/\/dev.tandemmadrid.com\/es\/wp-json\/wp\/v2\/types\/product"}],"version-history":[{"count":0,"href":"https:\/\/dev.tandemmadrid.com\/es\/wp-json\/wp\/v2\/product\/9259\/revisions"}],"wp:featuredmedia":[{"embeddable":true,"href":"https:\/\/dev.tandemmadrid.com\/es\/wp-json\/wp\/v2\/media\/6971"}],"wp:attachment":[{"href":"https:\/\/dev.tandemmadrid.com\/es\/wp-json\/wp\/v2\/media?parent=9259"}],"wp:term":[{"taxonomy":"product_cat","embeddable":true,"href":"https:\/\/dev.tandemmadrid.com\/es\/wp-json\/wp\/v2\/product_cat?post=9259"},{"taxonomy":"product_tag","embeddable":true,"href":"https:\/\/dev.tandemmadrid.com\/es\/wp-json\/wp\/v2\/product_tag?post=9259"}],"curies":[{"name":"wp","href":"https:\/\/api.w.org\/{rel}","templated":true}]}}