
{"id":9261,"date":"2023-10-09T17:51:22","date_gmt":"2023-10-09T15:51:22","guid":{"rendered":"https:\/\/dev.tandemmadrid.com\/shop\/clases-de-flamenco\/"},"modified":"2024-02-01T15:39:20","modified_gmt":"2024-02-01T14:39:20","slug":"clases-flamenco","status":"publish","type":"product","link":"https:\/\/dev.tandemmadrid.com\/es\/tienda\/clases-flamenco\/","title":{"rendered":"Clases de flamenco"},"content":{"rendered":"","protected":false},"excerpt":{"rendered":"<p>El flamenco es un baile tradicional espa\u00f1ol de exquisita belleza. Qu\u00e9 mejor manera de sumergirse en la cultura espa\u00f1ola que tomando estas clases extra de flamenco. As\u00ed podr\u00e1s hacer ejercicio mientras te empapas de la cultura espa\u00f1ola.<\/p>\n","protected":false},"featured_media":6963,"template":"","meta":[],"product_cat":[108],"product_tag":[],"_links":{"self":[{"href":"https:\/\/dev.tandemmadrid.com\/es\/wp-json\/wp\/v2\/product\/9261"}],"collection":[{"href":"https:\/\/dev.tandemmadrid.com\/es\/wp-json\/wp\/v2\/product"}],"about":[{"href":"https:\/\/dev.tandemmadrid.com\/es\/wp-json\/wp\/v2\/types\/product"}],"version-history":[{"count":0,"href":"https:\/\/dev.tandemmadrid.com\/es\/wp-json\/wp\/v2\/product\/9261\/revisions"}],"wp:featuredmedia":[{"embeddable":true,"href":"https:\/\/dev.tandemmadrid.com\/es\/wp-json\/wp\/v2\/media\/6963"}],"wp:attachment":[{"href":"https:\/\/dev.tandemmadrid.com\/es\/wp-json\/wp\/v2\/media?parent=9261"}],"wp:term":[{"taxonomy":"product_cat","embeddable":true,"href":"https:\/\/dev.tandemmadrid.com\/es\/wp-json\/wp\/v2\/product_cat?post=9261"},{"taxonomy":"product_tag","embeddable":true,"href":"https:\/\/dev.tandemmadrid.com\/es\/wp-json\/wp\/v2\/product_tag?post=9261"}],"curies":[{"name":"wp","href":"https:\/\/api.w.org\/{rel}","templated":true}]}}