
{"id":9263,"date":"2023-10-09T17:43:43","date_gmt":"2023-10-09T15:43:43","guid":{"rendered":"https:\/\/dev.tandemmadrid.com\/shop\/travel-insurance\/"},"modified":"2024-02-01T15:43:56","modified_gmt":"2024-02-01T14:43:56","slug":"seguro-viaje","status":"publish","type":"product","link":"https:\/\/dev.tandemmadrid.com\/es\/tienda\/seguro-viaje\/","title":{"rendered":"Seguro de viaje"},"content":{"rendered":"","protected":false},"excerpt":{"rendered":"<p>Contrata un seguro de viaje por s\u00f3lo 1,80\u20ac al d\u00eda. Viaja sin preocupaciones y as\u00ed podr\u00e1s tener la cabeza en lo que realmente importa durante tu viaje.<\/p>\n","protected":false},"featured_media":6956,"template":"","meta":[],"product_cat":[108],"product_tag":[],"_links":{"self":[{"href":"https:\/\/dev.tandemmadrid.com\/es\/wp-json\/wp\/v2\/product\/9263"}],"collection":[{"href":"https:\/\/dev.tandemmadrid.com\/es\/wp-json\/wp\/v2\/product"}],"about":[{"href":"https:\/\/dev.tandemmadrid.com\/es\/wp-json\/wp\/v2\/types\/product"}],"version-history":[{"count":0,"href":"https:\/\/dev.tandemmadrid.com\/es\/wp-json\/wp\/v2\/product\/9263\/revisions"}],"wp:featuredmedia":[{"embeddable":true,"href":"https:\/\/dev.tandemmadrid.com\/es\/wp-json\/wp\/v2\/media\/6956"}],"wp:attachment":[{"href":"https:\/\/dev.tandemmadrid.com\/es\/wp-json\/wp\/v2\/media?parent=9263"}],"wp:term":[{"taxonomy":"product_cat","embeddable":true,"href":"https:\/\/dev.tandemmadrid.com\/es\/wp-json\/wp\/v2\/product_cat?post=9263"},{"taxonomy":"product_tag","embeddable":true,"href":"https:\/\/dev.tandemmadrid.com\/es\/wp-json\/wp\/v2\/product_tag?post=9263"}],"curies":[{"name":"wp","href":"https:\/\/api.w.org\/{rel}","templated":true}]}}