
{"id":9264,"date":"2023-10-09T17:37:16","date_gmt":"2023-10-09T15:37:16","guid":{"rendered":"https:\/\/dev.tandemmadrid.com\/shop\/personal-shopper-2-horas\/"},"modified":"2024-02-01T15:51:35","modified_gmt":"2024-02-01T14:51:35","slug":"personal-shopper","status":"publish","type":"product","link":"https:\/\/dev.tandemmadrid.com\/es\/tienda\/personal-shopper\/","title":{"rendered":"Personal shopper (2 HORAS)"},"content":{"rendered":"","protected":false},"excerpt":{"rendered":"<p>Gracias a esta opci\u00f3n extra de personal shopper podr\u00e1s por fin dar sentido a tu pasi\u00f3n por la moda. Se trata de una opci\u00f3n perfecta en el que te guiar\u00e1n por las tiendas m\u00e1s importantes de Madrid. Un extra perfecto para los apasionados de la moda que quieran pasar un buen rato de compras en Madrid mientras realizan un curso de espa\u00f1ol. Marcas exclusivas, las mejores ofertas.<\/p>\n","protected":false},"featured_media":9258,"template":"","meta":[],"product_cat":[108],"product_tag":[],"_links":{"self":[{"href":"https:\/\/dev.tandemmadrid.com\/es\/wp-json\/wp\/v2\/product\/9264"}],"collection":[{"href":"https:\/\/dev.tandemmadrid.com\/es\/wp-json\/wp\/v2\/product"}],"about":[{"href":"https:\/\/dev.tandemmadrid.com\/es\/wp-json\/wp\/v2\/types\/product"}],"version-history":[{"count":0,"href":"https:\/\/dev.tandemmadrid.com\/es\/wp-json\/wp\/v2\/product\/9264\/revisions"}],"wp:featuredmedia":[{"embeddable":true,"href":"https:\/\/dev.tandemmadrid.com\/es\/wp-json\/wp\/v2\/media\/9258"}],"wp:attachment":[{"href":"https:\/\/dev.tandemmadrid.com\/es\/wp-json\/wp\/v2\/media?parent=9264"}],"wp:term":[{"taxonomy":"product_cat","embeddable":true,"href":"https:\/\/dev.tandemmadrid.com\/es\/wp-json\/wp\/v2\/product_cat?post=9264"},{"taxonomy":"product_tag","embeddable":true,"href":"https:\/\/dev.tandemmadrid.com\/es\/wp-json\/wp\/v2\/product_tag?post=9264"}],"curies":[{"name":"wp","href":"https:\/\/api.w.org\/{rel}","templated":true}]}}