
{"id":9277,"date":"2023-10-09T17:26:47","date_gmt":"2023-10-09T15:26:47","guid":{"rendered":"https:\/\/dev.tandemmadrid.com\/shop\/servicio-de-recogida-en-el-aeropuerto\/"},"modified":"2024-02-01T15:57:09","modified_gmt":"2024-02-01T14:57:09","slug":"recogida-aeropuerto","status":"publish","type":"product","link":"https:\/\/dev.tandemmadrid.com\/es\/tienda\/recogida-aeropuerto\/","title":{"rendered":"Recogida en el aeropuerto"},"content":{"rendered":"","protected":false},"excerpt":{"rendered":"<p>Despu\u00e9s de un largo viaje, lo primero que querr\u00e1s hacer es volver cuanto antes a tu \u00e1rea de descanso. Por eso te ofrecemos un servicio adicional que te ayudar\u00e1 a conseguirlo. Podemos recogerte en el aeropuerto y llevarte a su destino. Algo muy \u00fatil sobre todo si no conoces la ciudad y no hablas muy bien el idioma.<\/p>\n","protected":false},"featured_media":9271,"template":"","meta":[],"product_cat":[108],"product_tag":[],"_links":{"self":[{"href":"https:\/\/dev.tandemmadrid.com\/es\/wp-json\/wp\/v2\/product\/9277"}],"collection":[{"href":"https:\/\/dev.tandemmadrid.com\/es\/wp-json\/wp\/v2\/product"}],"about":[{"href":"https:\/\/dev.tandemmadrid.com\/es\/wp-json\/wp\/v2\/types\/product"}],"version-history":[{"count":0,"href":"https:\/\/dev.tandemmadrid.com\/es\/wp-json\/wp\/v2\/product\/9277\/revisions"}],"wp:featuredmedia":[{"embeddable":true,"href":"https:\/\/dev.tandemmadrid.com\/es\/wp-json\/wp\/v2\/media\/9271"}],"wp:attachment":[{"href":"https:\/\/dev.tandemmadrid.com\/es\/wp-json\/wp\/v2\/media?parent=9277"}],"wp:term":[{"taxonomy":"product_cat","embeddable":true,"href":"https:\/\/dev.tandemmadrid.com\/es\/wp-json\/wp\/v2\/product_cat?post=9277"},{"taxonomy":"product_tag","embeddable":true,"href":"https:\/\/dev.tandemmadrid.com\/es\/wp-json\/wp\/v2\/product_tag?post=9277"}],"curies":[{"name":"wp","href":"https:\/\/api.w.org\/{rel}","templated":true}]}}