
{"id":9283,"date":"2023-10-09T20:30:44","date_gmt":"2023-10-09T18:30:44","guid":{"rendered":"https:\/\/dev.tandemmadrid.com\/shop\/apartamento-privado-a\/"},"modified":"2024-02-01T16:02:27","modified_gmt":"2024-02-01T15:02:27","slug":"apartamento-privado-a","status":"publish","type":"product","link":"https:\/\/dev.tandemmadrid.com\/es\/tienda\/apartamento-privado-a\/","title":{"rendered":"Apartamento privado A"},"content":{"rendered":"","protected":false},"excerpt":{"rendered":"<p>Apartamento para dos o tres personas. Con dormitorio independiente con cama de matrimonio o dos camas individuales seg\u00fan se solicite, sal\u00f3n con sof\u00e1 cama para una persona, ba\u00f1o, cocina y terraza con vistas a Madrid.<\/p>\n<p style=\"text-align:center;\"><a href=\"\/es\/apartamento-privado\/\" title=\"M\u00e1s informaci\u00f3n sobre el alojamiento: Apartamento A\" class=\"buttonaction\">M\u00e1s informaci\u00f3n sobre este alojamiento<\/a><\/p>\n","protected":false},"featured_media":7106,"template":"","meta":[],"product_cat":[105],"product_tag":[],"_links":{"self":[{"href":"https:\/\/dev.tandemmadrid.com\/es\/wp-json\/wp\/v2\/product\/9283"}],"collection":[{"href":"https:\/\/dev.tandemmadrid.com\/es\/wp-json\/wp\/v2\/product"}],"about":[{"href":"https:\/\/dev.tandemmadrid.com\/es\/wp-json\/wp\/v2\/types\/product"}],"version-history":[{"count":0,"href":"https:\/\/dev.tandemmadrid.com\/es\/wp-json\/wp\/v2\/product\/9283\/revisions"}],"wp:featuredmedia":[{"embeddable":true,"href":"https:\/\/dev.tandemmadrid.com\/es\/wp-json\/wp\/v2\/media\/7106"}],"wp:attachment":[{"href":"https:\/\/dev.tandemmadrid.com\/es\/wp-json\/wp\/v2\/media?parent=9283"}],"wp:term":[{"taxonomy":"product_cat","embeddable":true,"href":"https:\/\/dev.tandemmadrid.com\/es\/wp-json\/wp\/v2\/product_cat?post=9283"},{"taxonomy":"product_tag","embeddable":true,"href":"https:\/\/dev.tandemmadrid.com\/es\/wp-json\/wp\/v2\/product_tag?post=9283"}],"curies":[{"name":"wp","href":"https:\/\/api.w.org\/{rel}","templated":true}]}}