
{"id":9284,"date":"2023-10-10T16:13:58","date_gmt":"2023-10-10T14:13:58","guid":{"rendered":"https:\/\/dev.tandemmadrid.com\/shop\/apartamento-privado-b\/"},"modified":"2024-02-01T16:07:26","modified_gmt":"2024-02-01T15:07:26","slug":"apartamento-privado-b","status":"publish","type":"product","link":"https:\/\/dev.tandemmadrid.com\/es\/tienda\/apartamento-privado-b\/","title":{"rendered":"Apartamento privado B"},"content":{"rendered":"","protected":false},"excerpt":{"rendered":"<p>Apartamento para cuatro personas. Con dos dormitorios independientes con cama de matrimonio o dos camas individuales seg\u00fan se solicite, sal\u00f3n con sof\u00e1 cama para una persona, ba\u00f1o, cocina y terraza con vistas a Madrid.<\/p>\n<p style=\"text-align:center;\"><a href=\"\/es\/apartamento-privado\/\" title=\"M\u00e1s informaci\u00f3n sobre el alojamiento: Apartamento B\" class=\"buttonaction\">M\u00e1s informaci\u00f3n sobre este alojamiento<\/a><\/p>\n","protected":false},"featured_media":7106,"template":"","meta":[],"product_cat":[105],"product_tag":[],"_links":{"self":[{"href":"https:\/\/dev.tandemmadrid.com\/es\/wp-json\/wp\/v2\/product\/9284"}],"collection":[{"href":"https:\/\/dev.tandemmadrid.com\/es\/wp-json\/wp\/v2\/product"}],"about":[{"href":"https:\/\/dev.tandemmadrid.com\/es\/wp-json\/wp\/v2\/types\/product"}],"version-history":[{"count":0,"href":"https:\/\/dev.tandemmadrid.com\/es\/wp-json\/wp\/v2\/product\/9284\/revisions"}],"wp:featuredmedia":[{"embeddable":true,"href":"https:\/\/dev.tandemmadrid.com\/es\/wp-json\/wp\/v2\/media\/7106"}],"wp:attachment":[{"href":"https:\/\/dev.tandemmadrid.com\/es\/wp-json\/wp\/v2\/media?parent=9284"}],"wp:term":[{"taxonomy":"product_cat","embeddable":true,"href":"https:\/\/dev.tandemmadrid.com\/es\/wp-json\/wp\/v2\/product_cat?post=9284"},{"taxonomy":"product_tag","embeddable":true,"href":"https:\/\/dev.tandemmadrid.com\/es\/wp-json\/wp\/v2\/product_tag?post=9284"}],"curies":[{"name":"wp","href":"https:\/\/api.w.org\/{rel}","templated":true}]}}