
{"id":9291,"date":"2023-10-09T19:10:51","date_gmt":"2023-10-09T17:10:51","guid":{"rendered":"https:\/\/dev.tandemmadrid.com\/shop\/residencia-de-estudiantes-tandem-habitacion-individual\/"},"modified":"2024-02-01T16:27:12","modified_gmt":"2024-02-01T15:27:12","slug":"residencia-habitacion-individual","status":"publish","type":"product","link":"https:\/\/dev.tandemmadrid.com\/es\/tienda\/residencia-habitacion-individual\/","title":{"rendered":"Residencia de estudiantes Tandem &#8211; Habitaci\u00f3n individual"},"content":{"rendered":"","protected":false},"excerpt":{"rendered":"<p>La Residencia de Estudiantes TANDEM Madrid est\u00e1 situada en el coraz\u00f3n del centro de Madrid, cerca de todo lo que hay que ver en Madrid. Con esta opci\u00f3n, tendr\u00e1s una habitaci\u00f3n individual con ba\u00f1o privado, por el n\u00famero de noches que elijas.<\/p>\n<p style=\"text-align:center;\"><a href=\"\/es\/residencia-de-estudiantes\/\" title=\"M\u00e1s informaci\u00f3n sobre el alojamiento: Residencia de Estudiantes TANDEM\" class=\"buttonaction\">M\u00e1s informaci\u00f3n sobre este alojamiento<\/a><\/p>\n","protected":false},"featured_media":7083,"template":"","meta":[],"product_cat":[105],"product_tag":[],"_links":{"self":[{"href":"https:\/\/dev.tandemmadrid.com\/es\/wp-json\/wp\/v2\/product\/9291"}],"collection":[{"href":"https:\/\/dev.tandemmadrid.com\/es\/wp-json\/wp\/v2\/product"}],"about":[{"href":"https:\/\/dev.tandemmadrid.com\/es\/wp-json\/wp\/v2\/types\/product"}],"version-history":[{"count":0,"href":"https:\/\/dev.tandemmadrid.com\/es\/wp-json\/wp\/v2\/product\/9291\/revisions"}],"wp:featuredmedia":[{"embeddable":true,"href":"https:\/\/dev.tandemmadrid.com\/es\/wp-json\/wp\/v2\/media\/7083"}],"wp:attachment":[{"href":"https:\/\/dev.tandemmadrid.com\/es\/wp-json\/wp\/v2\/media?parent=9291"}],"wp:term":[{"taxonomy":"product_cat","embeddable":true,"href":"https:\/\/dev.tandemmadrid.com\/es\/wp-json\/wp\/v2\/product_cat?post=9291"},{"taxonomy":"product_tag","embeddable":true,"href":"https:\/\/dev.tandemmadrid.com\/es\/wp-json\/wp\/v2\/product_tag?post=9291"}],"curies":[{"name":"wp","href":"https:\/\/api.w.org\/{rel}","templated":true}]}}