
{"id":9292,"date":"2023-10-09T18:46:06","date_gmt":"2023-10-09T16:46:06","guid":{"rendered":"https:\/\/dev.tandemmadrid.com\/shop\/residencia-universitaria-de-verano-tandem-habitacion-individual-pension-completa\/"},"modified":"2024-02-01T16:34:40","modified_gmt":"2024-02-01T15:34:40","slug":"residencia-universitaria-verano","status":"publish","type":"product","link":"https:\/\/dev.tandemmadrid.com\/es\/tienda\/residencia-universitaria-verano\/","title":{"rendered":"Residencia universitaria de verano TANDEM"},"content":{"rendered":"","protected":false},"excerpt":{"rendered":"<p>Nuestra residencia universitaria de verano se encuentra en la zona del campus universitario (distrito de Moncloa). Incluye habitaci\u00f3n individual y pensi\u00f3n completa. Est\u00e1 situada en el barrio universitario de la capital con una estaci\u00f3n de metro y paradas de autob\u00fas justo en la puerta, estando a pocos minutos del centro de la ciudad utilizando el transporte p\u00fablico.<\/p>\n<p style=\"text-align:center;\"><a href=\"\/es\/residencia-universitaria-de-verano\/\" title=\"M\u00e1s informaci\u00f3n sobre el alojamiento: La residencia universitaria de verano de TANDEM\" class=\"buttonaction\">M\u00e1s informaci\u00f3n sobre este alojamiento<\/a><\/p>\n","protected":false},"featured_media":6999,"template":"","meta":[],"product_cat":[105],"product_tag":[],"_links":{"self":[{"href":"https:\/\/dev.tandemmadrid.com\/es\/wp-json\/wp\/v2\/product\/9292"}],"collection":[{"href":"https:\/\/dev.tandemmadrid.com\/es\/wp-json\/wp\/v2\/product"}],"about":[{"href":"https:\/\/dev.tandemmadrid.com\/es\/wp-json\/wp\/v2\/types\/product"}],"version-history":[{"count":0,"href":"https:\/\/dev.tandemmadrid.com\/es\/wp-json\/wp\/v2\/product\/9292\/revisions"}],"wp:featuredmedia":[{"embeddable":true,"href":"https:\/\/dev.tandemmadrid.com\/es\/wp-json\/wp\/v2\/media\/6999"}],"wp:attachment":[{"href":"https:\/\/dev.tandemmadrid.com\/es\/wp-json\/wp\/v2\/media?parent=9292"}],"wp:term":[{"taxonomy":"product_cat","embeddable":true,"href":"https:\/\/dev.tandemmadrid.com\/es\/wp-json\/wp\/v2\/product_cat?post=9292"},{"taxonomy":"product_tag","embeddable":true,"href":"https:\/\/dev.tandemmadrid.com\/es\/wp-json\/wp\/v2\/product_tag?post=9292"}],"curies":[{"name":"wp","href":"https:\/\/api.w.org\/{rel}","templated":true}]}}