
{"id":9296,"date":"2024-02-01T16:41:10","date_gmt":"2024-02-01T15:41:10","guid":{"rendered":"https:\/\/dev.tandemmadrid.com\/shop\/alojamiento-en-familia-habitacion-doble\/"},"modified":"2024-02-05T15:03:56","modified_gmt":"2024-02-05T14:03:56","slug":"alojamiento-familia-habitacion-doble","status":"publish","type":"product","link":"https:\/\/dev.tandemmadrid.com\/es\/tienda\/alojamiento-familia-habitacion-doble\/","title":{"rendered":"Alojamiento en familia &#8211; Habitaci\u00f3n doble"},"content":{"rendered":"","protected":false},"excerpt":{"rendered":"<p><strong>Las habitaciones dobles s\u00f3lo est\u00e1n disponibles cuando los dos hu\u00e9spedes vienen juntos.<\/strong> Por favor, haga una reserva individual para cada hu\u00e9sped.<\/strong><br \/>\nPrecios por semana en euros. Los precios indicados son para 7 noches. <\/p>\n<p><strong>El precio base incluye el desayuno. Elija media pensi\u00f3n o pensi\u00f3n completa si lo desea.<\/strong><\/p>\n<p style=\"text-align:center;\"><a href=\"\/es\/familia\/\" title=\"M\u00e1s informaci\u00f3n sobre el alojamiento: Alojamiento en familia\" class=\"buttonaction\">M\u00e1s informaci\u00f3n sobre este alojamiento<\/a><\/p>\n","protected":false},"featured_media":6986,"template":"","meta":[],"product_cat":[105],"product_tag":[],"_links":{"self":[{"href":"https:\/\/dev.tandemmadrid.com\/es\/wp-json\/wp\/v2\/product\/9296"}],"collection":[{"href":"https:\/\/dev.tandemmadrid.com\/es\/wp-json\/wp\/v2\/product"}],"about":[{"href":"https:\/\/dev.tandemmadrid.com\/es\/wp-json\/wp\/v2\/types\/product"}],"version-history":[{"count":0,"href":"https:\/\/dev.tandemmadrid.com\/es\/wp-json\/wp\/v2\/product\/9296\/revisions"}],"wp:featuredmedia":[{"embeddable":true,"href":"https:\/\/dev.tandemmadrid.com\/es\/wp-json\/wp\/v2\/media\/6986"}],"wp:attachment":[{"href":"https:\/\/dev.tandemmadrid.com\/es\/wp-json\/wp\/v2\/media?parent=9296"}],"wp:term":[{"taxonomy":"product_cat","embeddable":true,"href":"https:\/\/dev.tandemmadrid.com\/es\/wp-json\/wp\/v2\/product_cat?post=9296"},{"taxonomy":"product_tag","embeddable":true,"href":"https:\/\/dev.tandemmadrid.com\/es\/wp-json\/wp\/v2\/product_tag?post=9296"}],"curies":[{"name":"wp","href":"https:\/\/api.w.org\/{rel}","templated":true}]}}