
{"id":9521,"date":"2024-01-28T12:31:42","date_gmt":"2024-01-28T11:31:42","guid":{"rendered":"https:\/\/dev.tandemmadrid.com\/shop\/reserva-el-curso-curso-superintensivo-de-espanol\/"},"modified":"2024-02-05T16:48:59","modified_gmt":"2024-02-05T15:48:59","slug":"superintensivo","status":"publish","type":"product","link":"https:\/\/dev.tandemmadrid.com\/es\/tienda\/superintensivo\/","title":{"rendered":"Reserva el curso: Curso Superintensivo de Espa\u00f1ol"},"content":{"rendered":"<table class=\"tabla-cursos\">\n<tbody>\n<tr>\n<td class=\"celdas-izq\">Fecha de inicio<\/td>\n<td class=\"celdas-dcha\">TODOS LOS LUNES DEL A\u00d1O<\/td>\n<\/tr>\n<tr class=\"fondo-color\">\n<td class=\"celdas-izq\">Clases por semana<\/td>\n<td class=\"celdas-dcha\"><strong>Clases grupales: 20 clases\/semana de espa\u00f1ol (4 clases\/dia) 2 clases\/semana de espa\u00f1ol y conversaci\u00f3n desde el nivel A2.<\/strong> Total: 22 clases semanales<\/br><strong>Clases part\u00edculares: 10 clases a la semana<\/strong><\/td>\n<\/tr>\n<tr>\n<td class=\"celdas-izq\">Duraci\u00f3n<\/td>\n<td class=\"celdas-dcha\">M\u00ednimo: 1 semana<\/td>\n<\/tr>\n<tr class=\"fondo-color\">\n<td class=\"celdas-izq\">Niveles<\/td>\n<td class=\"celdas-dcha\">Todos los niveles<\/td>\n<\/tr>\n<tr class=\"fondo-color\">\n<td class=\"celdas-izq\">Duraci\u00f3n de las clases<\/td>\n<td class=\"celdas-dcha\">45 min<\/td>\n<\/tr>\n<tr>\n<td class=\"celdas-izq\"><strong>Matr\u00edcula<\/strong><\/td>\n<td class=\"celdas-dcha\">\n<p><strong>50\u20ac<\/strong>.<\/p>\n<\/td>\n<\/tr>\n<\/tbody>\n<\/table>\n","protected":false},"excerpt":{"rendered":"<p>20 clases\/semana + 10 clases\/semana en grupo reducido + 2 clases sobre la situaci\u00f3n social, econ\u00f3mica y pol\u00edtica actual en Espa\u00f1a, combinadas con una visita una vez al mes a un medio de comunicaci\u00f3n. En total: 32 clases semanales<\/p>\n<p><strong>Matr\u00edcula: 50\u20ac<\/strong>.<\/p>\n<p style=\"text-align:center;\"><a href=\"\/c\/super-intensive-spanish-courses\/\" title=\"M\u00e1s sobre este curso: Curso SuperIntensivo de Espa\u00f1ol\" class=\"buttonaction\">M\u00e1s sobre este curso<\/a><\/p>\n","protected":false},"featured_media":7339,"template":"","meta":[],"product_cat":[110],"product_tag":[],"_links":{"self":[{"href":"https:\/\/dev.tandemmadrid.com\/es\/wp-json\/wp\/v2\/product\/9521"}],"collection":[{"href":"https:\/\/dev.tandemmadrid.com\/es\/wp-json\/wp\/v2\/product"}],"about":[{"href":"https:\/\/dev.tandemmadrid.com\/es\/wp-json\/wp\/v2\/types\/product"}],"version-history":[{"count":0,"href":"https:\/\/dev.tandemmadrid.com\/es\/wp-json\/wp\/v2\/product\/9521\/revisions"}],"wp:featuredmedia":[{"embeddable":true,"href":"https:\/\/dev.tandemmadrid.com\/es\/wp-json\/wp\/v2\/media\/7339"}],"wp:attachment":[{"href":"https:\/\/dev.tandemmadrid.com\/es\/wp-json\/wp\/v2\/media?parent=9521"}],"wp:term":[{"taxonomy":"product_cat","embeddable":true,"href":"https:\/\/dev.tandemmadrid.com\/es\/wp-json\/wp\/v2\/product_cat?post=9521"},{"taxonomy":"product_tag","embeddable":true,"href":"https:\/\/dev.tandemmadrid.com\/es\/wp-json\/wp\/v2\/product_tag?post=9521"}],"curies":[{"name":"wp","href":"https:\/\/api.w.org\/{rel}","templated":true}]}}