
{"id":9287,"date":"2024-01-23T10:16:26","date_gmt":"2024-01-23T09:16:26","guid":{"rendered":"https:\/\/dev.tandemmadrid.com\/devenez-un-agent-tandem-agences-de-langues\/"},"modified":"2024-02-01T16:12:55","modified_gmt":"2024-02-01T15:12:55","slug":"devenez-un-agent-tandem-agences-de-langues","status":"publish","type":"page","link":"https:\/\/dev.tandemmadrid.com\/fr\/devenez-un-agent-tandem-agences-de-langues\/","title":{"rendered":"Devenez un agent TANDEM : Agences de langues"},"content":{"rendered":"\t\t<div data-elementor-type=\"wp-page\" data-elementor-id=\"9287\" class=\"elementor elementor-9287 elementor-5864\" data-elementor-post-type=\"page\">\n\t\t\t\t\t\t\t<div class=\"elementor-element elementor-element-574ca3b6 e-flex e-con-boxed e-con e-parent\" data-id=\"574ca3b6\" data-element_type=\"container\" data-settings=\"{&quot;content_width&quot;:&quot;boxed&quot;}\" data-core-v316-plus=\"true\">\n\t\t\t\t\t<div class=\"e-con-inner\">\n\t\t\t\t<div class=\"elementor-element elementor-element-7adf2e54 elementor-widget elementor-widget-text-editor\" data-id=\"7adf2e54\" data-element_type=\"widget\" data-widget_type=\"text-editor.default\">\n\t\t\t\t<div class=\"elementor-widget-container\">\n\t\t\t<style>\/*! elementor - v3.16.0 - 20-09-2023 *\/\n.elementor-widget-text-editor.elementor-drop-cap-view-stacked .elementor-drop-cap{background-color:#69727d;color:#fff}.elementor-widget-text-editor.elementor-drop-cap-view-framed .elementor-drop-cap{color:#69727d;border:3px solid;background-color:transparent}.elementor-widget-text-editor:not(.elementor-drop-cap-view-default) .elementor-drop-cap{margin-top:8px}.elementor-widget-text-editor:not(.elementor-drop-cap-view-default) .elementor-drop-cap-letter{width:1em;height:1em}.elementor-widget-text-editor .elementor-drop-cap{float:left;text-align:center;line-height:1;font-size:50px}.elementor-widget-text-editor .elementor-drop-cap-letter{display:inline-block}<\/style>\t\t\t\t\t\t\t\t\t\t<\/div>\n\t\t\t\t<\/div>\n\t\t\t\t\t<\/div>\n\t\t\t\t<\/div>\n\t\t<div class=\"elementor-element elementor-element-cb6882c e-con-full e-flex e-con e-parent\" data-id=\"cb6882c\" data-element_type=\"container\" data-settings=\"{&quot;content_width&quot;:&quot;full&quot;}\" data-core-v316-plus=\"true\">\n\t\t\t\t<div class=\"elementor-element elementor-element-8c00bcb elementor-widget elementor-widget-template\" data-id=\"8c00bcb\" data-element_type=\"widget\" data-widget_type=\"template.default\">\n\t\t\t\t<div class=\"elementor-widget-container\">\n\t\t\t\t\t<div class=\"elementor-template\">\n\t\t\t\t\t<div data-elementor-type=\"section\" data-elementor-id=\"2712\" class=\"elementor elementor-2712\" data-elementor-post-type=\"elementor_library\">\n\t\t\t\t\t\t<div class=\"elementor-element elementor-element-5f95a5c descripciones  e-flex e-con-boxed e-con e-parent\" data-id=\"5f95a5c\" data-element_type=\"container\" data-settings=\"{&quot;background_background&quot;:&quot;classic&quot;,&quot;shape_divider_bottom&quot;:&quot;wave-brush&quot;,&quot;content_width&quot;:&quot;boxed&quot;}\" data-e-bg-lazyload=\"\" data-core-v316-plus=\"true\">\n\t\t\t\t\t<div class=\"e-con-inner\">\n\t\t\t\t<div class=\"elementor-shape elementor-shape-bottom\" data-negative=\"false\">\n\t\t\t<svg xmlns=\"http:\/\/www.w3.org\/2000\/svg\" viewBox=\"0 0 283.5 27.8\" preserveAspectRatio=\"none\">\n\t<path class=\"elementor-shape-fill\" d=\"M283.5,9.7c0,0-7.3,4.3-14,4.6c-6.8,0.3-12.6,0-20.9-1.5c-11.3-2-33.1-10.1-44.7-5.7\ts-12.1,4.6-18,7.4c-6.6,3.2-20,9.6-36.6,9.3C131.6,23.5,99.5,7.2,86.3,8c-1.4,0.1-6.6,0.8-10.5,2c-3.8,1.2-9.4,3.8-17,4.7\tc-3.2,0.4-8.3,1.1-14.2,0.9c-1.5-0.1-6.3-0.4-12-1.6c-5.7-1.2-11-3.1-15.8-3.7C6.5,9.2,0,10.8,0,10.8V0h283.5V9.7z M260.8,11.3\tc-0.7-1-2-0.4-4.3-0.4c-2.3,0-6.1-1.2-5.8-1.1c0.3,0.1,3.1,1.5,6,1.9C259.7,12.2,261.4,12.3,260.8,11.3z M242.4,8.6\tc0,0-2.4-0.2-5.6-0.9c-3.2-0.8-10.3-2.8-15.1-3.5c-8.2-1.1-15.8,0-15.1,0.1c0.8,0.1,9.6-0.6,17.6,1.1c3.3,0.7,9.3,2.2,12.4,2.7\tC239.9,8.7,242.4,8.6,242.4,8.6z M185.2,8.5c1.7-0.7-13.3,4.7-18.5,6.1c-2.1,0.6-6.2,1.6-10,2c-3.9,0.4-8.9,0.4-8.8,0.5\tc0,0.2,5.8,0.8,11.2,0c5.4-0.8,5.2-1.1,7.6-1.6C170.5,14.7,183.5,9.2,185.2,8.5z M199.1,6.9c0.2,0-0.8-0.4-4.8,1.1\tc-4,1.5-6.7,3.5-6.9,3.7c-0.2,0.1,3.5-1.8,6.6-3C197,7.5,199,6.9,199.1,6.9z M283,6c-0.1,0.1-1.9,1.1-4.8,2.5s-6.9,2.8-6.7,2.7\tc0.2,0,3.5-0.6,7.4-2.5C282.8,6.8,283.1,5.9,283,6z M31.3,11.6c0.1-0.2-1.9-0.2-4.5-1.2s-5.4-1.6-7.8-2C15,7.6,7.3,8.5,7.7,8.6\tC8,8.7,15.9,8.3,20.2,9.3c2.2,0.5,2.4,0.5,5.7,1.6S31.2,11.9,31.3,11.6z M73,9.2c0.4-0.1,3.5-1.6,8.4-2.6c4.9-1.1,8.9-0.5,8.9-0.8\tc0-0.3-1-0.9-6.2-0.3S72.6,9.3,73,9.2z M71.6,6.7C71.8,6.8,75,5.4,77.3,5c2.3-0.3,1.9-0.5,1.9-0.6c0-0.1-1.1-0.2-2.7,0.2\tC74.8,5.1,71.4,6.6,71.6,6.7z M93.6,4.4c0.1,0.2,3.5,0.8,5.6,1.8c2.1,1,1.8,0.6,1.9,0.5c0.1-0.1-0.8-0.8-2.4-1.3\tC97.1,4.8,93.5,4.2,93.6,4.4z M65.4,11.1c-0.1,0.3,0.3,0.5,1.9-0.2s2.6-1.3,2.2-1.2s-0.9,0.4-2.5,0.8C65.3,10.9,65.5,10.8,65.4,11.1\tz M34.5,12.4c-0.2,0,2.1,0.8,3.3,0.9c1.2,0.1,2,0.1,2-0.2c0-0.3-0.1-0.5-1.6-0.4C36.6,12.8,34.7,12.4,34.5,12.4z M152.2,21.1\tc-0.1,0.1-2.4-0.3-7.5-0.3c-5,0-13.6-2.4-17.2-3.5c-3.6-1.1,10,3.9,16.5,4.1C150.5,21.6,152.3,21,152.2,21.1z\"\/>\n\t<path class=\"elementor-shape-fill\" d=\"M269.6,18c-0.1-0.1-4.6,0.3-7.2,0c-7.3-0.7-17-3.2-16.6-2.9c0.4,0.3,13.7,3.1,17,3.3\tC267.7,18.8,269.7,18,269.6,18z\"\/>\n\t<path class=\"elementor-shape-fill\" d=\"M227.4,9.8c-0.2-0.1-4.5-1-9.5-1.2c-5-0.2-12.7,0.6-12.3,0.5c0.3-0.1,5.9-1.8,13.3-1.2\tS227.6,9.9,227.4,9.8z\"\/>\n\t<path class=\"elementor-shape-fill\" d=\"M204.5,13.4c-0.1-0.1,2-1,3.2-1.1c1.2-0.1,2,0,2,0.3c0,0.3-0.1,0.5-1.6,0.4\tC206.4,12.9,204.6,13.5,204.5,13.4z\"\/>\n\t<path class=\"elementor-shape-fill\" d=\"M201,10.6c0-0.1-4.4,1.2-6.3,2.2c-1.9,0.9-6.2,3.1-6.1,3.1c0.1,0.1,4.2-1.6,6.3-2.6\tS201,10.7,201,10.6z\"\/>\n\t<path class=\"elementor-shape-fill\" d=\"M154.5,26.7c-0.1-0.1-4.6,0.3-7.2,0c-7.3-0.7-17-3.2-16.6-2.9c0.4,0.3,13.7,3.1,17,3.3\tC152.6,27.5,154.6,26.8,154.5,26.7z\"\/>\n\t<path class=\"elementor-shape-fill\" d=\"M41.9,19.3c0,0,1.2-0.3,2.9-0.1c1.7,0.2,5.8,0.9,8.2,0.7c4.2-0.4,7.4-2.7,7-2.6\tc-0.4,0-4.3,2.2-8.6,1.9c-1.8-0.1-5.1-0.5-6.7-0.4S41.9,19.3,41.9,19.3z\"\/>\n\t<path class=\"elementor-shape-fill\" d=\"M75.5,12.6c0.2,0.1,2-0.8,4.3-1.1c2.3-0.2,2.1-0.3,2.1-0.5c0-0.1-1.8-0.4-3.4,0\tC76.9,11.5,75.3,12.5,75.5,12.6z\"\/>\n\t<path class=\"elementor-shape-fill\" d=\"M15.6,13.2c0-0.1,4.3,0,6.7,0.5c2.4,0.5,5,1.9,5,2c0,0.1-2.7-0.8-5.1-1.4\tC19.9,13.7,15.7,13.3,15.6,13.2z\"\/>\n<\/svg>\t\t<\/div>\n\t\t<div class=\"elementor-element elementor-element-170fd72 e-flex e-con-boxed e-con e-child\" data-id=\"170fd72\" data-element_type=\"container\" data-settings=\"{&quot;content_width&quot;:&quot;boxed&quot;}\">\n\t\t\t\t\t<div class=\"e-con-inner\">\n\t\t\t\t<div class=\"elementor-element elementor-element-96256bb textolayerblanco elementor-widget elementor-widget-theme-post-title elementor-page-title elementor-widget-heading\" data-id=\"96256bb\" data-element_type=\"widget\" data-widget_type=\"theme-post-title.default\">\n\t\t\t\t<div class=\"elementor-widget-container\">\n\t\t\t<style>\/*! elementor - v3.16.0 - 20-09-2023 *\/\n.elementor-heading-title{padding:0;margin:0;line-height:1}.elementor-widget-heading .elementor-heading-title[class*=elementor-size-]>a{color:inherit;font-size:inherit;line-height:inherit}.elementor-widget-heading .elementor-heading-title.elementor-size-small{font-size:15px}.elementor-widget-heading .elementor-heading-title.elementor-size-medium{font-size:19px}.elementor-widget-heading .elementor-heading-title.elementor-size-large{font-size:29px}.elementor-widget-heading .elementor-heading-title.elementor-size-xl{font-size:39px}.elementor-widget-heading .elementor-heading-title.elementor-size-xxl{font-size:59px}<\/style><h1 class=\"elementor-heading-title elementor-size-default\">Devenez un agent TANDEM : Agences de langues<\/h1>\t\t<\/div>\n\t\t\t\t<\/div>\n\t\t\t\t\t<\/div>\n\t\t\t\t<\/div>\n\t\t\t\t\t<\/div>\n\t\t\t\t<\/div>\n\t\t\t\t\t\t<\/div>\n\t\t\t\t<\/div>\n\t\t\t\t<\/div>\n\t\t\t\t<\/div>\n\t\t\t\t<\/div>\n\t\t<div class=\"elementor-element elementor-element-14bca09 e-con-full e-flex e-con e-parent\" data-id=\"14bca09\" data-element_type=\"container\" data-settings=\"{&quot;content_width&quot;:&quot;full&quot;}\" data-core-v316-plus=\"true\">\n\t\t<div class=\"elementor-element elementor-element-04ce3c1 e-con-full e-flex e-con e-child\" data-id=\"04ce3c1\" data-element_type=\"container\" data-settings=\"{&quot;content_width&quot;:&quot;full&quot;}\">\n\t\t\t\t<div class=\"elementor-element elementor-element-9d64931 elementor-widget elementor-widget-text-editor\" data-id=\"9d64931\" data-element_type=\"widget\" data-widget_type=\"text-editor.default\">\n\t\t\t\t<div class=\"elementor-widget-container\">\n\t\t\t\t\t\t\t<p>Aujourd&rsquo;hui, TANDEM Escuela Internacional Madrid est l&rsquo;un des centres de formation les plus prestigieux d&rsquo;Espagne. Nous parlons de \u00ab\u00a0centre de formation\u00a0\u00bb parce que nous sommes bien plus qu&rsquo;une simple \u00e9cole de langues : nous formons des enseignants, nous avons des accords avec des universit\u00e9s, nous organisons des stages en entreprise, nous coordonnons des projets de l&rsquo;Union europ\u00e9enne, nous participons \u00e0 des activit\u00e9s multim\u00e9dias, nous \u00e9crivons des livres et des manuels, nous donnons des conf\u00e9rences et nous cr\u00e9ons des programmes culturels.<\/p>\n<p>En devenant agent Tandem, vous ferez partie d&rsquo;une \u00e9quipe dynamique et cr\u00e9ative, offrant des exp\u00e9riences uniques \u00e0 vos clients.<\/p>\n<p>Tout ce travail a \u00e9t\u00e9 r\u00e9compens\u00e9 par la reconnaissance de grandes institutions nationales et internationales.<\/p>\n<h2><b>TANDEM EN CHIFFRES<\/b><\/h2>\n<p><b>Dans le domaine de l&rsquo;espagnol :<\/b><\/p>\n<p>En ce qui concerne le nombre total d&rsquo;\u00e9tudiants qui \u00e9tudient chez nous chaque ann\u00e9e, nous estimons qu&rsquo;environ 400 d&rsquo;entre eux sont germanophones, 300 italiens et 200 anglophones, auxquels s&rsquo;ajoutent des dizaines d&rsquo;\u00e9tudiants &#8211; principalement chinois, cor\u00e9ens et arabes. \u00c0 cela s&rsquo;ajoutent les 3 000 heures de cours dispens\u00e9es aux \u00e9tudiants expatri\u00e9s dans les entreprises multinationales bas\u00e9es \u00e0 Madrid.<\/p>\n<p>En outre, nous travaillons en \u00e9troite collaboration avec des institutions telles que la Carl Duisberg Gesellschaft, la fondation syndicale Arbeit und Leben et diff\u00e9rentes universit\u00e9s populaires, entre autres. Depuis 1987, nous avons donn\u00e9 50 s\u00e9minaires sp\u00e9cifiquement destin\u00e9s aux professeurs d&rsquo;espagnol travaillant en Allemagne dans le cadre des programmes europ\u00e9ens <b>LINGUA<\/b> et <b>SOCRATES<\/b>.<\/p>\n<p><b>Dans le domaine de l&rsquo;allemand :<\/b><\/p>\n<p>Nous accueillons environ <b>2 000 \u00e9tudiants<\/b> par an dans le cadre de cours extensifs, intensifs et sp\u00e9cialis\u00e9s, ainsi que de nombreuses entreprises clientes auxquelles nous dispensons plus de <b>7 000 heures<\/b> de cours par an.<\/p>\n<p>Chaque ann\u00e9e, nous envoyons environ <b>200 personnes<\/b> en Allemagne pour des cours d&rsquo;\u00e9t\u00e9 et nous attribuons <b>15 bourses<\/b> \u00e0 des \u00e9tudiants de notre centre.<\/p>\n<p>Depuis 1982, nous avons jumel\u00e9 <b>2 500 partenaires TANDEM<\/b>, c&rsquo;est-\u00e0-dire que nous avons mis en contact au moins 1 250 Espagnols avec 1 250 Allemands pour des \u00e9changes de conversation.<\/p>\n<p>Enfin, notre d\u00e9partement allemand pour les enfants ne cesse de cro\u00eetre, avec environ <b>350 enfants \u00e2g\u00e9s de 7 \u00e0 14 ans<\/b> chaque ann\u00e9e scolaire.<\/p>\n<p><b>AVANTAGES D&rsquo;\u00caTRE UN AGENT TANDEM<\/b><\/p>\n<ul>\n<li>\n<p class=\"western\">TANDEM Escuela Internacional Madrid travaille chaque jour avec des centaines d&rsquo;agents dans le monde entier.<\/p>\n<\/li>\n<li>\n<p class=\"western\">Vos clients peuvent \u00eatre s\u00fbrs qu&rsquo;ils \u00e9tudient l&rsquo;espagnol dans l&rsquo;une des \u00e9coles les plus prestigieuses et les plus performantes au monde.<\/p>\n<\/li>\n<li>\n<p class=\"western\">Travailler avec une \u00e9cole sur la conception et la cr\u00e9ation de mat\u00e9riel attrayant et innovant qui aura un impact sur vos clients potentiels.<\/p>\n<\/li>\n<\/ul>\n<p><b>COMMENT DEVENIR AGENT TANDEM<\/b><\/p>\n<p>C&rsquo;est tr\u00e8s simple. Il vous suffit de t\u00e9l\u00e9phoner au <a href=\"tel:+00%2034%2091%205322715\" target=\"_blank\">+00 34 91 5322715<\/a> ou de remplir le formulaire en ligne ci-dessous et d&rsquo;appuyer sur Envoyer. Vous recevrez une r\u00e9ponse dans les 48 heures.<\/p>\n<p>* Champs obligatoires :<\/p>\t\t\t\t\t\t<\/div>\n\t\t\t\t<\/div>\n\t\t\t\t<\/div>\n\t\t\t\t<\/div>\n\t\t\t\t\t\t\t<\/div>\n\t\t","protected":false},"excerpt":{"rendered":"<p>Aujourd&rsquo;hui, TANDEM Escuela Internacional Madrid est l&rsquo;un des centres de formation les plus prestigieux d&rsquo;Espagne. Nous parlons de \u00ab\u00a0centre de formation\u00a0\u00bb parce que nous sommes bien plus qu&rsquo;une simple \u00e9cole de langues : nous formons des enseignants, nous avons des accords avec des universit\u00e9s, nous organisons des stages en entreprise, nous coordonnons des projets de [&hellip;]<\/p>\n","protected":false},"author":2,"featured_media":5245,"parent":0,"menu_order":0,"comment_status":"closed","ping_status":"closed","template":"elementor_header_footer","meta":{"footnotes":"","_elementor_data":"[{\"id\":\"574ca3b6\",\"elType\":\"container\",\"settings\":{\"jedv_conditions\":[{\"_id\":\"24025ae\"}]},\"elements\":[{\"id\":\"7adf2e54\",\"elType\":\"widget\",\"settings\":{\"editor\":\"\",\"jedv_conditions\":[{\"_id\":\"7e93bc2\"}]},\"elements\":[],\"widgetType\":\"text-editor\"}],\"isInner\":false},{\"id\":\"cb6882c\",\"elType\":\"container\",\"settings\":{\"content_width\":\"full\",\"padding\":{\"unit\":\"px\",\"top\":\"0\",\"right\":\"0\",\"bottom\":\"0\",\"left\":\"0\",\"isLinked\":true},\"jedv_conditions\":[{\"_id\":\"1ef4d1c\"}]},\"elements\":[{\"id\":\"8c00bcb\",\"elType\":\"widget\",\"settings\":{\"template_id\":\"2712\",\"jedv_conditions\":[{\"_id\":\"93f2160\"}]},\"elements\":[],\"widgetType\":\"template\"}],\"isInner\":false},{\"id\":\"14bca09\",\"elType\":\"container\",\"settings\":{\"flex_direction\":\"row\",\"flex_gap\":{\"unit\":\"px\",\"size\":20,\"column\":\"20\",\"row\":\"0\"},\"padding\":{\"unit\":\"px\",\"top\":\"0\",\"right\":\"0\",\"bottom\":\"60\",\"left\":\"0\",\"isLinked\":false},\"jedv_conditions\":[{\"_id\":\"c033fb9\"}],\"padding_mobile\":{\"unit\":\"px\",\"top\":\"0\",\"right\":\"20\",\"bottom\":\"40\",\"left\":\"20\",\"isLinked\":false},\"width\":{\"unit\":\"%\",\"size\":80,\"sizes\":[]},\"flex_align_items\":\"flex-start\",\"content_width\":\"full\"},\"elements\":[{\"id\":\"04ce3c1\",\"elType\":\"container\",\"settings\":{\"flex_direction\":\"column\",\"content_width\":\"full\",\"width\":{\"unit\":\"%\",\"size\":100},\"jedv_conditions\":[{\"_id\":\"82b43a9\"}]},\"elements\":[{\"id\":\"9d64931\",\"elType\":\"widget\",\"settings\":{\"editor\":\"<p>Aujourd'hui, TANDEM Escuela Internacional Madrid est l'un des centres de formation les plus prestigieux d'Espagne. Nous parlons de \\\"centre de formation\\\" parce que nous sommes bien plus qu'une simple \\u00e9cole de langues : nous formons des enseignants, nous avons des accords avec des universit\\u00e9s, nous organisons des stages en entreprise, nous coordonnons des projets de l'Union europ\\u00e9enne, nous participons \\u00e0 des activit\\u00e9s multim\\u00e9dias, nous \\u00e9crivons des livres et des manuels, nous donnons des conf\\u00e9rences et nous cr\\u00e9ons des programmes culturels.<\\\/p>\\n<p>En devenant agent Tandem, vous ferez partie d'une \\u00e9quipe dynamique et cr\\u00e9ative, offrant des exp\\u00e9riences uniques \\u00e0 vos clients.<\\\/p>\\n<p>Tout ce travail a \\u00e9t\\u00e9 r\\u00e9compens\\u00e9 par la reconnaissance de grandes institutions nationales et internationales.<\\\/p>\\n<h2><b>TANDEM EN CHIFFRES<\\\/b><\\\/h2>\\n<p><b>Dans le domaine de l'espagnol :<\\\/b><\\\/p>\\n<p>En ce qui concerne le nombre total d'\\u00e9tudiants qui \\u00e9tudient chez nous chaque ann\\u00e9e, nous estimons qu'environ 400 d'entre eux sont germanophones, 300 italiens et 200 anglophones, auxquels s'ajoutent des dizaines d'\\u00e9tudiants - principalement chinois, cor\\u00e9ens et arabes. \\u00c0 cela s'ajoutent les 3 000 heures de cours dispens\\u00e9es aux \\u00e9tudiants expatri\\u00e9s dans les entreprises multinationales bas\\u00e9es \\u00e0 Madrid.<\\\/p>\\n<p>En outre, nous travaillons en \\u00e9troite collaboration avec des institutions telles que la Carl Duisberg Gesellschaft, la fondation syndicale Arbeit und Leben et diff\\u00e9rentes universit\\u00e9s populaires, entre autres. Depuis 1987, nous avons donn\\u00e9 50 s\\u00e9minaires sp\\u00e9cifiquement destin\\u00e9s aux professeurs d'espagnol travaillant en Allemagne dans le cadre des programmes europ\\u00e9ens <b>LINGUA<\\\/b> et <b>SOCRATES<\\\/b>.<\\\/p>\\n<p><b>Dans le domaine de l'allemand :<\\\/b><\\\/p>\\n<p>Nous accueillons environ <b>2 000 \\u00e9tudiants<\\\/b> par an dans le cadre de cours extensifs, intensifs et sp\\u00e9cialis\\u00e9s, ainsi que de nombreuses entreprises clientes auxquelles nous dispensons plus de <b>7 000 heures<\\\/b> de cours par an.<\\\/p>\\n<p>Chaque ann\\u00e9e, nous envoyons environ <b>200 personnes<\\\/b> en Allemagne pour des cours d'\\u00e9t\\u00e9 et nous attribuons <b>15 bourses<\\\/b> \\u00e0 des \\u00e9tudiants de notre centre.<\\\/p>\\n<p>Depuis 1982, nous avons jumel\\u00e9 <b>2 500 partenaires TANDEM<\\\/b>, c'est-\\u00e0-dire que nous avons mis en contact au moins 1 250 Espagnols avec 1 250 Allemands pour des \\u00e9changes de conversation.<\\\/p>\\n<p>Enfin, notre d\\u00e9partement allemand pour les enfants ne cesse de cro\\u00eetre, avec environ <b>350 enfants \\u00e2g\\u00e9s de 7 \\u00e0 14 ans<\\\/b> chaque ann\\u00e9e scolaire.<\\\/p>\\n<p><b>AVANTAGES D'\\u00caTRE UN AGENT TANDEM<\\\/b><\\\/p>\\n<ul>\\n<li>\\n<p class=\\\"western\\\">TANDEM Escuela Internacional Madrid travaille chaque jour avec des centaines d'agents dans le monde entier.<\\\/p>\\n<\\\/li>\\n<li>\\n<p class=\\\"western\\\">Vos clients peuvent \\u00eatre s\\u00fbrs qu'ils \\u00e9tudient l'espagnol dans l'une des \\u00e9coles les plus prestigieuses et les plus performantes au monde.<\\\/p>\\n<\\\/li>\\n<li>\\n<p class=\\\"western\\\">Travailler avec une \\u00e9cole sur la conception et la cr\\u00e9ation de mat\\u00e9riel attrayant et innovant qui aura un impact sur vos clients potentiels.<\\\/p>\\n<\\\/li>\\n<\\\/ul>\\n<p><b>COMMENT DEVENIR AGENT TANDEM<\\\/b><\\\/p>\\n<p>C'est tr\\u00e8s simple. Il vous suffit de t\\u00e9l\\u00e9phoner au <a href=\\\"tel:+00%2034%2091%205322715\\\" target=\\\"_blank\\\">+00 34 91 5322715<\\\/a> ou de remplir le formulaire en ligne ci-dessous et d'appuyer sur Envoyer. Vous recevrez une r\\u00e9ponse dans les 48 heures.<\\\/p>\\n<p>* Champs obligatoires :<\\\/p>\",\"text_color\":\"#000000\",\"typography_typography\":\"custom\",\"typography_font_size\":{\"unit\":\"px\",\"size\":18,\"sizes\":[]},\"typography_font_weight\":\"400\",\"typography_line_height\":{\"unit\":\"px\",\"size\":28,\"sizes\":[]},\"jedv_conditions\":[{\"_id\":\"c4dda0f\"}],\"_margin\":{\"unit\":\"px\",\"top\":\"10\",\"right\":\"0\",\"bottom\":\"-10\",\"left\":\"0\",\"isLinked\":false},\"align_mobile\":\"left\",\"typography_font_family\":\"Futura medium\"},\"elements\":[],\"widgetType\":\"text-editor\"}],\"isInner\":true}],\"isInner\":false}]","_elementor_edit_mode":"builder","_elementor_template_type":"wp-page","_elementor_page_settings":""},"_links":{"self":[{"href":"https:\/\/dev.tandemmadrid.com\/fr\/wp-json\/wp\/v2\/pages\/9287"}],"collection":[{"href":"https:\/\/dev.tandemmadrid.com\/fr\/wp-json\/wp\/v2\/pages"}],"about":[{"href":"https:\/\/dev.tandemmadrid.com\/fr\/wp-json\/wp\/v2\/types\/page"}],"author":[{"embeddable":true,"href":"https:\/\/dev.tandemmadrid.com\/fr\/wp-json\/wp\/v2\/users\/2"}],"replies":[{"embeddable":true,"href":"https:\/\/dev.tandemmadrid.com\/fr\/wp-json\/wp\/v2\/comments?post=9287"}],"version-history":[{"count":0,"href":"https:\/\/dev.tandemmadrid.com\/fr\/wp-json\/wp\/v2\/pages\/9287\/revisions"}],"wp:featuredmedia":[{"embeddable":true,"href":"https:\/\/dev.tandemmadrid.com\/fr\/wp-json\/wp\/v2\/media\/5245"}],"wp:attachment":[{"href":"https:\/\/dev.tandemmadrid.com\/fr\/wp-json\/wp\/v2\/media?parent=9287"}],"curies":[{"name":"wp","href":"https:\/\/api.w.org\/{rel}","templated":true}]}}