
{"id":9482,"date":"2024-01-15T10:59:23","date_gmt":"2024-01-15T09:59:23","guid":{"rendered":"https:\/\/dev.tandemmadrid.com\/auberges\/"},"modified":"2024-02-02T23:18:28","modified_gmt":"2024-02-02T22:18:28","slug":"auberges","status":"publish","type":"page","link":"https:\/\/dev.tandemmadrid.com\/fr\/auberges\/","title":{"rendered":"Auberges"},"content":{"rendered":"\t\t<div data-elementor-type=\"wp-page\" data-elementor-id=\"9482\" class=\"elementor elementor-9482 elementor-4202\" data-elementor-post-type=\"page\">\n\t\t\t\t\t\t\t<div class=\"elementor-element elementor-element-f205964 e-con-full e-flex e-con e-parent\" data-id=\"f205964\" data-element_type=\"container\" data-settings=\"{&quot;content_width&quot;:&quot;full&quot;}\" data-core-v316-plus=\"true\">\n\t\t\t\t<div class=\"elementor-element elementor-element-fb2cbc0 elementor-widget elementor-widget-template\" data-id=\"fb2cbc0\" data-element_type=\"widget\" data-widget_type=\"template.default\">\n\t\t\t\t<div class=\"elementor-widget-container\">\n\t\t\t\t\t<div class=\"elementor-template\">\n\t\t\t\t\t<div data-elementor-type=\"section\" data-elementor-id=\"2712\" class=\"elementor elementor-2712\" data-elementor-post-type=\"elementor_library\">\n\t\t\t\t\t\t<div class=\"elementor-element elementor-element-5f95a5c descripciones  e-flex e-con-boxed e-con e-parent\" data-id=\"5f95a5c\" data-element_type=\"container\" data-settings=\"{&quot;background_background&quot;:&quot;classic&quot;,&quot;shape_divider_bottom&quot;:&quot;wave-brush&quot;,&quot;content_width&quot;:&quot;boxed&quot;}\" data-e-bg-lazyload=\"\" data-core-v316-plus=\"true\">\n\t\t\t\t\t<div class=\"e-con-inner\">\n\t\t\t\t<div class=\"elementor-shape elementor-shape-bottom\" data-negative=\"false\">\n\t\t\t<svg xmlns=\"http:\/\/www.w3.org\/2000\/svg\" viewBox=\"0 0 283.5 27.8\" preserveAspectRatio=\"none\">\n\t<path class=\"elementor-shape-fill\" d=\"M283.5,9.7c0,0-7.3,4.3-14,4.6c-6.8,0.3-12.6,0-20.9-1.5c-11.3-2-33.1-10.1-44.7-5.7\ts-12.1,4.6-18,7.4c-6.6,3.2-20,9.6-36.6,9.3C131.6,23.5,99.5,7.2,86.3,8c-1.4,0.1-6.6,0.8-10.5,2c-3.8,1.2-9.4,3.8-17,4.7\tc-3.2,0.4-8.3,1.1-14.2,0.9c-1.5-0.1-6.3-0.4-12-1.6c-5.7-1.2-11-3.1-15.8-3.7C6.5,9.2,0,10.8,0,10.8V0h283.5V9.7z M260.8,11.3\tc-0.7-1-2-0.4-4.3-0.4c-2.3,0-6.1-1.2-5.8-1.1c0.3,0.1,3.1,1.5,6,1.9C259.7,12.2,261.4,12.3,260.8,11.3z M242.4,8.6\tc0,0-2.4-0.2-5.6-0.9c-3.2-0.8-10.3-2.8-15.1-3.5c-8.2-1.1-15.8,0-15.1,0.1c0.8,0.1,9.6-0.6,17.6,1.1c3.3,0.7,9.3,2.2,12.4,2.7\tC239.9,8.7,242.4,8.6,242.4,8.6z M185.2,8.5c1.7-0.7-13.3,4.7-18.5,6.1c-2.1,0.6-6.2,1.6-10,2c-3.9,0.4-8.9,0.4-8.8,0.5\tc0,0.2,5.8,0.8,11.2,0c5.4-0.8,5.2-1.1,7.6-1.6C170.5,14.7,183.5,9.2,185.2,8.5z M199.1,6.9c0.2,0-0.8-0.4-4.8,1.1\tc-4,1.5-6.7,3.5-6.9,3.7c-0.2,0.1,3.5-1.8,6.6-3C197,7.5,199,6.9,199.1,6.9z M283,6c-0.1,0.1-1.9,1.1-4.8,2.5s-6.9,2.8-6.7,2.7\tc0.2,0,3.5-0.6,7.4-2.5C282.8,6.8,283.1,5.9,283,6z M31.3,11.6c0.1-0.2-1.9-0.2-4.5-1.2s-5.4-1.6-7.8-2C15,7.6,7.3,8.5,7.7,8.6\tC8,8.7,15.9,8.3,20.2,9.3c2.2,0.5,2.4,0.5,5.7,1.6S31.2,11.9,31.3,11.6z M73,9.2c0.4-0.1,3.5-1.6,8.4-2.6c4.9-1.1,8.9-0.5,8.9-0.8\tc0-0.3-1-0.9-6.2-0.3S72.6,9.3,73,9.2z M71.6,6.7C71.8,6.8,75,5.4,77.3,5c2.3-0.3,1.9-0.5,1.9-0.6c0-0.1-1.1-0.2-2.7,0.2\tC74.8,5.1,71.4,6.6,71.6,6.7z M93.6,4.4c0.1,0.2,3.5,0.8,5.6,1.8c2.1,1,1.8,0.6,1.9,0.5c0.1-0.1-0.8-0.8-2.4-1.3\tC97.1,4.8,93.5,4.2,93.6,4.4z M65.4,11.1c-0.1,0.3,0.3,0.5,1.9-0.2s2.6-1.3,2.2-1.2s-0.9,0.4-2.5,0.8C65.3,10.9,65.5,10.8,65.4,11.1\tz M34.5,12.4c-0.2,0,2.1,0.8,3.3,0.9c1.2,0.1,2,0.1,2-0.2c0-0.3-0.1-0.5-1.6-0.4C36.6,12.8,34.7,12.4,34.5,12.4z M152.2,21.1\tc-0.1,0.1-2.4-0.3-7.5-0.3c-5,0-13.6-2.4-17.2-3.5c-3.6-1.1,10,3.9,16.5,4.1C150.5,21.6,152.3,21,152.2,21.1z\"\/>\n\t<path class=\"elementor-shape-fill\" d=\"M269.6,18c-0.1-0.1-4.6,0.3-7.2,0c-7.3-0.7-17-3.2-16.6-2.9c0.4,0.3,13.7,3.1,17,3.3\tC267.7,18.8,269.7,18,269.6,18z\"\/>\n\t<path class=\"elementor-shape-fill\" d=\"M227.4,9.8c-0.2-0.1-4.5-1-9.5-1.2c-5-0.2-12.7,0.6-12.3,0.5c0.3-0.1,5.9-1.8,13.3-1.2\tS227.6,9.9,227.4,9.8z\"\/>\n\t<path class=\"elementor-shape-fill\" d=\"M204.5,13.4c-0.1-0.1,2-1,3.2-1.1c1.2-0.1,2,0,2,0.3c0,0.3-0.1,0.5-1.6,0.4\tC206.4,12.9,204.6,13.5,204.5,13.4z\"\/>\n\t<path class=\"elementor-shape-fill\" d=\"M201,10.6c0-0.1-4.4,1.2-6.3,2.2c-1.9,0.9-6.2,3.1-6.1,3.1c0.1,0.1,4.2-1.6,6.3-2.6\tS201,10.7,201,10.6z\"\/>\n\t<path class=\"elementor-shape-fill\" d=\"M154.5,26.7c-0.1-0.1-4.6,0.3-7.2,0c-7.3-0.7-17-3.2-16.6-2.9c0.4,0.3,13.7,3.1,17,3.3\tC152.6,27.5,154.6,26.8,154.5,26.7z\"\/>\n\t<path class=\"elementor-shape-fill\" d=\"M41.9,19.3c0,0,1.2-0.3,2.9-0.1c1.7,0.2,5.8,0.9,8.2,0.7c4.2-0.4,7.4-2.7,7-2.6\tc-0.4,0-4.3,2.2-8.6,1.9c-1.8-0.1-5.1-0.5-6.7-0.4S41.9,19.3,41.9,19.3z\"\/>\n\t<path class=\"elementor-shape-fill\" d=\"M75.5,12.6c0.2,0.1,2-0.8,4.3-1.1c2.3-0.2,2.1-0.3,2.1-0.5c0-0.1-1.8-0.4-3.4,0\tC76.9,11.5,75.3,12.5,75.5,12.6z\"\/>\n\t<path class=\"elementor-shape-fill\" d=\"M15.6,13.2c0-0.1,4.3,0,6.7,0.5c2.4,0.5,5,1.9,5,2c0,0.1-2.7-0.8-5.1-1.4\tC19.9,13.7,15.7,13.3,15.6,13.2z\"\/>\n<\/svg>\t\t<\/div>\n\t\t<div class=\"elementor-element elementor-element-170fd72 e-flex e-con-boxed e-con e-child\" data-id=\"170fd72\" data-element_type=\"container\" data-settings=\"{&quot;content_width&quot;:&quot;boxed&quot;}\">\n\t\t\t\t\t<div class=\"e-con-inner\">\n\t\t\t\t<div class=\"elementor-element elementor-element-96256bb textolayerblanco elementor-widget elementor-widget-theme-post-title elementor-page-title elementor-widget-heading\" data-id=\"96256bb\" data-element_type=\"widget\" data-widget_type=\"theme-post-title.default\">\n\t\t\t\t<div class=\"elementor-widget-container\">\n\t\t\t<style>\/*! elementor - v3.16.0 - 20-09-2023 *\/\n.elementor-heading-title{padding:0;margin:0;line-height:1}.elementor-widget-heading .elementor-heading-title[class*=elementor-size-]>a{color:inherit;font-size:inherit;line-height:inherit}.elementor-widget-heading .elementor-heading-title.elementor-size-small{font-size:15px}.elementor-widget-heading .elementor-heading-title.elementor-size-medium{font-size:19px}.elementor-widget-heading .elementor-heading-title.elementor-size-large{font-size:29px}.elementor-widget-heading .elementor-heading-title.elementor-size-xl{font-size:39px}.elementor-widget-heading .elementor-heading-title.elementor-size-xxl{font-size:59px}<\/style><h1 class=\"elementor-heading-title elementor-size-default\">Auberges<\/h1>\t\t<\/div>\n\t\t\t\t<\/div>\n\t\t\t\t\t<\/div>\n\t\t\t\t<\/div>\n\t\t\t\t\t<\/div>\n\t\t\t\t<\/div>\n\t\t\t\t\t\t<\/div>\n\t\t\t\t<\/div>\n\t\t\t\t<\/div>\n\t\t\t\t<\/div>\n\t\t\t\t<\/div>\n\t\t<div class=\"elementor-element elementor-element-c344eb6 e-con-full e-flex e-con e-parent\" data-id=\"c344eb6\" data-element_type=\"container\" data-settings=\"{&quot;content_width&quot;:&quot;full&quot;}\" data-core-v316-plus=\"true\">\n\t\t<div class=\"elementor-element elementor-element-1ab1630 e-con-full e-flex e-con e-child\" data-id=\"1ab1630\" data-element_type=\"container\" data-settings=\"{&quot;content_width&quot;:&quot;full&quot;}\">\n\t\t\t\t<div class=\"elementor-element elementor-element-58ca590 elementor-widget elementor-widget-text-editor\" data-id=\"58ca590\" data-element_type=\"widget\" data-widget_type=\"text-editor.default\">\n\t\t\t\t<div class=\"elementor-widget-container\">\n\t\t\t<style>\/*! elementor - v3.16.0 - 20-09-2023 *\/\n.elementor-widget-text-editor.elementor-drop-cap-view-stacked .elementor-drop-cap{background-color:#69727d;color:#fff}.elementor-widget-text-editor.elementor-drop-cap-view-framed .elementor-drop-cap{color:#69727d;border:3px solid;background-color:transparent}.elementor-widget-text-editor:not(.elementor-drop-cap-view-default) .elementor-drop-cap{margin-top:8px}.elementor-widget-text-editor:not(.elementor-drop-cap-view-default) .elementor-drop-cap-letter{width:1em;height:1em}.elementor-widget-text-editor .elementor-drop-cap{float:left;text-align:center;line-height:1;font-size:50px}.elementor-widget-text-editor .elementor-drop-cap-letter{display:inline-block}<\/style>\t\t\t\t<div class=\"vc_row wpb_row vc_row-fluid vc_custom_1503053731499\">\n<div class=\"wpb_column vc_column_container vc_col-sm-12\">\n<div class=\"vc_column-inner\">\n<div class=\"wpb_wrapper\">\n<div class=\"wpb_text_column wpb_content_element \">\n<div class=\"wpb_wrapper\">\n\nLes auberges sont des \u00e9tablissements similaires aux h\u00f4tels, mais avec un niveau de services inf\u00e9rieur et des prix plus bas. Les auberges espagnoles sont consid\u00e9r\u00e9es comme particuli\u00e8rement bonnes et celles que nous choisissons pour nos \u00e9tudiants sont au c\u0153ur de Madrid et tr\u00e8s proches de Tandem, de sorte qu&rsquo;il est possible de se rendre \u00e0 l&rsquo;\u00e9cole \u00e0 pied tous les jours.\n\nCette cat\u00e9gorie propose des chambres avec salle de bains privative ou commune.\n\nLes auberges proposent un large \u00e9ventail de styles pour r\u00e9pondre aux besoins de chacun, et offrent toute une s\u00e9rie de services et d&rsquo;installations pour que l&rsquo;\u00e9tudiant se sente comme chez lui. Certains d&rsquo;entre eux proposent \u00e9galement des repas, d&rsquo;autres des chambres d&rsquo;h\u00f4tes, d&rsquo;autres encore uniquement la chambre. <b>Tous les \u00e9tablissements que nous choisissons sont conformes aux normes de qualit\u00e9 europ\u00e9ennes.<\/b>\n\n<\/div>\n<\/div>\n<\/div>\n<\/div>\n<\/div>\n<\/div>\t\t\t\t\t\t<\/div>\n\t\t\t\t<\/div>\n\t\t\t\t<\/div>\n\t\t\t\t<\/div>\n\t\t<div class=\"elementor-element elementor-element-6ba6e52 e-flex e-con-boxed e-con e-parent\" data-id=\"6ba6e52\" data-element_type=\"container\" data-settings=\"{&quot;background_background&quot;:&quot;classic&quot;,&quot;content_width&quot;:&quot;boxed&quot;}\" data-core-v316-plus=\"true\">\n\t\t\t\t\t<div class=\"e-con-inner\">\n\t\t<div class=\"elementor-element elementor-element-07fc479 e-con-full e-flex e-con e-child\" data-id=\"07fc479\" data-element_type=\"container\" data-settings=\"{&quot;content_width&quot;:&quot;full&quot;}\">\n\t\t\t\t<div class=\"elementor-element elementor-element-e489011 elementor-view-default elementor-widget elementor-widget-icon\" data-id=\"e489011\" data-element_type=\"widget\" data-widget_type=\"icon.default\">\n\t\t\t\t<div class=\"elementor-widget-container\">\n\t\t\t\t\t<div class=\"elementor-icon-wrapper\">\n\t\t\t<div class=\"elementor-icon\">\n\t\t\t<i aria-hidden=\"true\" class=\"fas fa-hotel\"><\/i>\t\t\t<\/div>\n\t\t<\/div>\n\t\t\t\t<\/div>\n\t\t\t\t<\/div>\n\t\t\t\t<div class=\"elementor-element elementor-element-4025374 elementor-widget elementor-widget-heading\" data-id=\"4025374\" data-element_type=\"widget\" data-widget_type=\"heading.default\">\n\t\t\t\t<div class=\"elementor-widget-container\">\n\t\t\t<h2 class=\"elementor-heading-title elementor-size-default\">H\u00d4TELS **<\/h2>\t\t<\/div>\n\t\t\t\t<\/div>\n\t\t\t\t<div class=\"elementor-element elementor-element-1a9d137 elementor-widget elementor-widget-heading\" data-id=\"1a9d137\" data-element_type=\"widget\" data-widget_type=\"heading.default\">\n\t\t\t\t<div class=\"elementor-widget-container\">\n\t\t\t<h3 class=\"elementor-heading-title elementor-size-default\">Pour un devis personnalis\u00e9, veuillez nous contacter.<\/h3>\t\t<\/div>\n\t\t\t\t<\/div>\n\t\t\t\t<div class=\"elementor-element elementor-element-4155443 elementor-align-center elementor-mobile-align-center elementor-widget elementor-widget-button\" data-id=\"4155443\" data-element_type=\"widget\" data-widget_type=\"button.default\">\n\t\t\t\t<div class=\"elementor-widget-container\">\n\t\t\t\t\t<div class=\"elementor-button-wrapper\">\n\t\t\t<a class=\"elementor-button elementor-button-link elementor-size-lg elementor-animation-grow\" href=\"\/fr\/contactez-nous\/\" title=\"Contactez nous\">\n\t\t\t\t\t\t<span class=\"elementor-button-content-wrapper\">\n\t\t\t\t\t\t<span class=\"elementor-button-text\">Contactez nous<\/span>\n\t\t<\/span>\n\t\t\t\t\t<\/a>\n\t\t<\/div>\n\t\t\t\t<\/div>\n\t\t\t\t<\/div>\n\t\t\t\t<div class=\"elementor-element elementor-element-43fde7f descripciones elementor-widget elementor-widget-text-editor\" data-id=\"43fde7f\" data-element_type=\"widget\" data-widget_type=\"text-editor.default\">\n\t\t\t\t<div class=\"elementor-widget-container\">\n\t\t\t\t\t\t\tConsultez \u00e9galement nos autres types <a title=\"logement \u00e0 Madrid\" href=\"\/fr\/logement\/\">d&rsquo;h\u00e9bergement<\/a> pour \u00e9tudier l&rsquo;espagnol \u00e0 Madrid.\t\t\t\t\t\t<\/div>\n\t\t\t\t<\/div>\n\t\t\t\t<\/div>\n\t\t\t\t\t<\/div>\n\t\t\t\t<\/div>\n\t\t\t\t\t\t\t<\/div>\n\t\t","protected":false},"excerpt":{"rendered":"<p>Les auberges sont des \u00e9tablissements similaires aux h\u00f4tels, mais avec un niveau de services inf\u00e9rieur et des prix plus bas. Les auberges espagnoles sont consid\u00e9r\u00e9es comme particuli\u00e8rement bonnes et celles que nous choisissons pour nos \u00e9tudiants sont au c\u0153ur de Madrid et tr\u00e8s proches de Tandem, de sorte qu&rsquo;il est possible de se rendre \u00e0 [&hellip;]<\/p>\n","protected":false},"author":1,"featured_media":4317,"parent":0,"menu_order":0,"comment_status":"closed","ping_status":"closed","template":"elementor_header_footer","meta":{"footnotes":"","_elementor_data":"[{\"id\":\"f205964\",\"elType\":\"container\",\"settings\":{\"content_width\":\"full\",\"padding\":{\"unit\":\"px\",\"top\":\"0\",\"right\":\"0\",\"bottom\":\"0\",\"left\":\"0\",\"isLinked\":true},\"jedv_conditions\":[{\"_id\":\"d31cd5c\"}]},\"elements\":[{\"id\":\"fb2cbc0\",\"elType\":\"widget\",\"settings\":{\"template_id\":\"2712\",\"jedv_conditions\":[{\"_id\":\"4f291f8\"}]},\"elements\":[],\"widgetType\":\"template\"}],\"isInner\":false},{\"id\":\"c344eb6\",\"elType\":\"container\",\"settings\":{\"flex_direction\":\"row\",\"flex_gap\":{\"unit\":\"px\",\"size\":20,\"column\":\"20\",\"row\":\"0\"},\"padding\":{\"unit\":\"px\",\"top\":\"60\",\"right\":\"0\",\"bottom\":\"60\",\"left\":\"0\",\"isLinked\":false},\"jedv_conditions\":[{\"_id\":\"c033fb9\"}],\"padding_mobile\":{\"unit\":\"px\",\"top\":\"30\",\"right\":\"20\",\"bottom\":\"0\",\"left\":\"20\",\"isLinked\":false},\"width\":{\"unit\":\"%\",\"size\":80,\"sizes\":[]},\"flex_align_items\":\"center\",\"content_width\":\"full\"},\"elements\":[{\"id\":\"1ab1630\",\"elType\":\"container\",\"settings\":{\"flex_direction\":\"column\",\"content_width\":\"full\",\"width\":{\"unit\":\"%\",\"size\":100},\"jedv_conditions\":[{\"_id\":\"82b43a9\"}]},\"elements\":[{\"id\":\"58ca590\",\"elType\":\"widget\",\"settings\":{\"editor\":\"<div class=\\\"vc_row wpb_row vc_row-fluid vc_custom_1503053731499\\\">\\n<div class=\\\"wpb_column vc_column_container vc_col-sm-12\\\">\\n<div class=\\\"vc_column-inner\\\">\\n<div class=\\\"wpb_wrapper\\\">\\n<div class=\\\"wpb_text_column wpb_content_element \\\">\\n<div class=\\\"wpb_wrapper\\\">\\n\\nLes auberges sont des \\u00e9tablissements similaires aux h\\u00f4tels, mais avec un niveau de services inf\\u00e9rieur et des prix plus bas. Les auberges espagnoles sont consid\\u00e9r\\u00e9es comme particuli\\u00e8rement bonnes et celles que nous choisissons pour nos \\u00e9tudiants sont au c\\u0153ur de Madrid et tr\\u00e8s proches de Tandem, de sorte qu'il est possible de se rendre \\u00e0 l'\\u00e9cole \\u00e0 pied tous les jours.\\n\\nCette cat\\u00e9gorie propose des chambres avec salle de bains privative ou commune.\\n\\nLes auberges proposent un large \\u00e9ventail de styles pour r\\u00e9pondre aux besoins de chacun, et offrent toute une s\\u00e9rie de services et d'installations pour que l'\\u00e9tudiant se sente comme chez lui. Certains d'entre eux proposent \\u00e9galement des repas, d'autres des chambres d'h\\u00f4tes, d'autres encore uniquement la chambre. <b>Tous les \\u00e9tablissements que nous choisissons sont conformes aux normes de qualit\\u00e9 europ\\u00e9ennes.<\\\/b>\\n\\n<\\\/div>\\n<\\\/div>\\n<\\\/div>\\n<\\\/div>\\n<\\\/div>\\n<\\\/div>\",\"text_color\":\"#000000\",\"typography_typography\":\"custom\",\"typography_font_size\":{\"unit\":\"px\",\"size\":21,\"sizes\":[]},\"typography_font_weight\":\"400\",\"typography_line_height\":{\"unit\":\"px\",\"size\":31,\"sizes\":[]},\"jedv_conditions\":[{\"_id\":\"c4dda0f\"}],\"_margin\":{\"unit\":\"px\",\"top\":\"10\",\"right\":\"0\",\"bottom\":\"-10\",\"left\":\"0\",\"isLinked\":false},\"align_mobile\":\"left\",\"typography_font_family\":\"Futura medium\",\"align\":\"left\"},\"elements\":[],\"widgetType\":\"text-editor\"}],\"isInner\":true}],\"isInner\":false},{\"id\":\"6ba6e52\",\"elType\":\"container\",\"settings\":{\"flex_direction\":\"row-reverse\",\"background_background\":\"classic\",\"background_color\":\"#FABD00\",\"padding\":{\"unit\":\"px\",\"top\":\"50\",\"right\":\"0\",\"bottom\":\"50\",\"left\":\"0\",\"isLinked\":false},\"padding_mobile\":{\"unit\":\"px\",\"top\":\"50\",\"right\":\"30\",\"bottom\":\"50\",\"left\":\"30\",\"isLinked\":false},\"_flex_align_self\":\"center\",\"_title\":\"CTA\",\"flex_gap\":{\"unit\":\"px\",\"size\":20,\"sizes\":[],\"column\":\"20\",\"row\":\"20\",\"isLinked\":true},\"background_image\":{\"url\":\"\",\"id\":\"\",\"size\":\"\",\"alt\":\"Special & university courses\",\"source\":\"library\"},\"jedv_conditions\":[{\"_id\":\"860f86b\"}],\"background_bg_width\":{\"unit\":\"%\",\"size\":54,\"sizes\":[]},\"background_overlay_background\":\"gradient\",\"background_overlay_color\":\"#FFFFFF00\",\"background_overlay_color_b\":\"#FABD00\",\"background_overlay_gradient_angle\":{\"unit\":\"deg\",\"size\":-90,\"sizes\":[]},\"background_overlay_opacity_mobile\":{\"unit\":\"px\",\"size\":0.42,\"sizes\":[]},\"margin_mobile\":{\"unit\":\"px\",\"top\":\"50\",\"right\":\"0\",\"bottom\":\"0\",\"left\":\"0\",\"isLinked\":false},\"background_position\":\"center right\",\"background_position_mobile\":\"top center\",\"background_repeat\":\"no-repeat\",\"background_size\":\"initial\",\"background_bg_width_mobile\":{\"unit\":\"px\",\"size\":418,\"sizes\":[]},\"background_overlay_color_b_stop\":{\"unit\":\"%\",\"size\":50,\"sizes\":[]},\"background_overlay_opacity\":{\"unit\":\"px\",\"size\":1,\"sizes\":[]}},\"elements\":[{\"id\":\"07fc479\",\"elType\":\"container\",\"settings\":{\"content_width\":\"full\",\"flex_justify_content\":\"center\",\"flex_direction_tablet\":\"column\",\"flex_justify_content_tablet\":\"flex-start\",\"padding\":{\"unit\":\"px\",\"top\":\"0\",\"right\":\"0\",\"bottom\":\"0\",\"left\":\"0\",\"isLinked\":false},\"padding_mobile\":{\"unit\":\"px\",\"top\":\"0\",\"right\":\"0\",\"bottom\":\"0\",\"left\":\"0\",\"isLinked\":true},\"flex_gap\":{\"unit\":\"px\",\"size\":20,\"sizes\":[],\"column\":\"20\",\"row\":\"20\",\"isLinked\":true},\"jedv_conditions\":[{\"_id\":\"cae759f\"}]},\"elements\":[{\"id\":\"e489011\",\"elType\":\"widget\",\"settings\":{\"selected_icon\":{\"value\":\"fas fa-hotel\",\"library\":\"fa-solid\"},\"primary_color\":\"#CC2142\",\"size\":{\"unit\":\"px\",\"size\":60,\"sizes\":[]},\"jedv_conditions\":[{\"_id\":\"a907c93\"}]},\"elements\":[],\"widgetType\":\"icon\"},{\"id\":\"4025374\",\"elType\":\"widget\",\"settings\":{\"title\":\"H\\u00d4TELS **\",\"title_color\":\"#000000\",\"jedv_conditions\":[{\"_id\":\"286d828\"}],\"typography_typography\":\"custom\",\"typography_font_weight\":\"500\",\"align_mobile\":\"center\",\"align\":\"center\",\"typography_font_family\":\"Futura medium\"},\"elements\":[],\"widgetType\":\"heading\"},{\"id\":\"1a9d137\",\"elType\":\"widget\",\"settings\":{\"title\":\"Pour un devis personnalis\\u00e9, veuillez nous contacter.\",\"title_color\":\"#000000\",\"jedv_conditions\":[{\"_id\":\"286d828\"}],\"typography_typography\":\"custom\",\"typography_font_weight\":\"500\",\"align_mobile\":\"center\",\"header_size\":\"h3\",\"align\":\"center\",\"typography_font_family\":\"Futura medium\",\"typography_font_size\":{\"unit\":\"px\",\"size\":23,\"sizes\":[]},\"typography_line_height\":{\"unit\":\"px\",\"size\":35,\"sizes\":[]}},\"elements\":[],\"widgetType\":\"heading\"},{\"id\":\"4155443\",\"elType\":\"widget\",\"settings\":{\"text\":\"Contactez nous\",\"link\":{\"url\":\"\\\/fr\\\/contactez-nous\\\/\",\"is_external\":\"\",\"nofollow\":\"\",\"custom_attributes\":\"title|Contactez nous\"},\"align\":\"center\",\"size\":\"lg\",\"typography_typography\":\"custom\",\"typography_font_size\":{\"unit\":\"px\",\"size\":21,\"sizes\":[]},\"typography_font_weight\":\"500\",\"button_text_color\":\"#000000\",\"background_color\":\"#FFFFFF00\",\"hover_color\":\"#FFFFFF\",\"button_background_hover_color\":\"#CC2142\",\"button_hover_border_color\":\"#CC2142\",\"hover_animation\":\"grow\",\"border_border\":\"solid\",\"border_width\":{\"unit\":\"px\",\"top\":\"2\",\"right\":\"2\",\"bottom\":\"2\",\"left\":\"2\",\"isLinked\":true},\"border_radius\":{\"unit\":\"px\",\"top\":\"0\",\"right\":\"0\",\"bottom\":\"0\",\"left\":\"0\",\"isLinked\":true},\"jedv_conditions\":[{\"_id\":\"d3b7a5c\"}],\"typography_font_family\":\"Futura medium\",\"align_mobile\":\"center\"},\"elements\":[],\"widgetType\":\"button\"},{\"id\":\"43fde7f\",\"elType\":\"widget\",\"settings\":{\"editor\":\"Consultez \\u00e9galement nos autres types <a title=\\\"logement \\u00e0 Madrid\\\" href=\\\"\\\/fr\\\/logement\\\/\\\">d'h\\u00e9bergement<\\\/a> pour \\u00e9tudier l'espagnol \\u00e0 Madrid.\",\"text_color\":\"#000000\",\"typography_typography\":\"custom\",\"typography_font_size\":{\"unit\":\"px\",\"size\":21,\"sizes\":[]},\"typography_font_weight\":\"400\",\"typography_line_height\":{\"unit\":\"px\",\"size\":31,\"sizes\":[]},\"jedv_conditions\":[{\"_id\":\"c4dda0f\"}],\"_margin\":{\"unit\":\"px\",\"top\":\"10\",\"right\":\"0\",\"bottom\":\"0\",\"left\":\"0\",\"isLinked\":false},\"align_mobile\":\"center\",\"typography_font_family\":\"Futura medium\",\"align\":\"center\",\"_css_classes\":\"descripciones\"},\"elements\":[],\"widgetType\":\"text-editor\"}],\"isInner\":true}],\"isInner\":false}]","_elementor_edit_mode":"builder","_elementor_template_type":"wp-page","_elementor_page_settings":""},"_links":{"self":[{"href":"https:\/\/dev.tandemmadrid.com\/fr\/wp-json\/wp\/v2\/pages\/9482"}],"collection":[{"href":"https:\/\/dev.tandemmadrid.com\/fr\/wp-json\/wp\/v2\/pages"}],"about":[{"href":"https:\/\/dev.tandemmadrid.com\/fr\/wp-json\/wp\/v2\/types\/page"}],"author":[{"embeddable":true,"href":"https:\/\/dev.tandemmadrid.com\/fr\/wp-json\/wp\/v2\/users\/1"}],"replies":[{"embeddable":true,"href":"https:\/\/dev.tandemmadrid.com\/fr\/wp-json\/wp\/v2\/comments?post=9482"}],"version-history":[{"count":0,"href":"https:\/\/dev.tandemmadrid.com\/fr\/wp-json\/wp\/v2\/pages\/9482\/revisions"}],"wp:featuredmedia":[{"embeddable":true,"href":"https:\/\/dev.tandemmadrid.com\/fr\/wp-json\/wp\/v2\/media\/4317"}],"wp:attachment":[{"href":"https:\/\/dev.tandemmadrid.com\/fr\/wp-json\/wp\/v2\/media?parent=9482"}],"curies":[{"name":"wp","href":"https:\/\/api.w.org\/{rel}","templated":true}]}}