
{"id":9625,"date":"2023-12-20T17:33:02","date_gmt":"2023-12-20T16:33:02","guid":{"rendered":"https:\/\/dev.tandemmadrid.com\/cours-dete-despagnol-pour-enfants-et-adolescents\/"},"modified":"2024-02-06T14:28:01","modified_gmt":"2024-02-06T13:28:01","slug":"cours-dete-despagnol","status":"publish","type":"page","link":"https:\/\/dev.tandemmadrid.com\/fr\/cours-dete-despagnol\/","title":{"rendered":"Cours d&rsquo;Et\u00e9 d&rsquo;Espagnol pour enfants et adolescents"},"content":{"rendered":"\t\t<div data-elementor-type=\"wp-page\" data-elementor-id=\"9625\" class=\"elementor elementor-9625 elementor-2107\" data-elementor-post-type=\"page\">\n\t\t\t\t\t\t\t<div class=\"elementor-element elementor-element-c059275 e-flex e-con-boxed e-con e-parent\" data-id=\"c059275\" data-element_type=\"container\" data-settings=\"{&quot;content_width&quot;:&quot;boxed&quot;}\" data-core-v316-plus=\"true\">\n\t\t\t\t\t<div class=\"e-con-inner\">\n\t\t\t\t<div class=\"elementor-element elementor-element-05336db elementor-widget elementor-widget-jet-listing-grid\" data-id=\"05336db\" data-element_type=\"widget\" data-settings=\"{&quot;columns&quot;:3}\" data-widget_type=\"jet-listing-grid.default\">\n\t\t\t\t<div class=\"elementor-widget-container\">\n\t\t\t<div class=\"jet-listing-grid jet-listing\"><div class=\"jet-listing-grid__items grid-col-desk-3 grid-col-tablet-3 grid-col-mobile-3 jet-listing-grid--557\" data-queried-id=\"9625|WP_Post\" data-nav=\"{&quot;enabled&quot;:false,&quot;type&quot;:null,&quot;more_el&quot;:null,&quot;query&quot;:[],&quot;widget_settings&quot;:{&quot;lisitng_id&quot;:557,&quot;posts_num&quot;:6,&quot;columns&quot;:3,&quot;columns_tablet&quot;:3,&quot;columns_mobile&quot;:3,&quot;is_archive_template&quot;:&quot;&quot;,&quot;post_status&quot;:[&quot;publish&quot;],&quot;use_random_posts_num&quot;:&quot;&quot;,&quot;max_posts_num&quot;:9,&quot;not_found_message&quot;:&quot;Aucune donn\\u00e9e n'a \\u00e9t\\u00e9 trouv\\u00e9e&quot;,&quot;is_masonry&quot;:false,&quot;equal_columns_height&quot;:&quot;&quot;,&quot;use_load_more&quot;:&quot;&quot;,&quot;load_more_id&quot;:&quot;&quot;,&quot;load_more_type&quot;:&quot;click&quot;,&quot;load_more_offset&quot;:{&quot;unit&quot;:&quot;px&quot;,&quot;size&quot;:0,&quot;sizes&quot;:[]},&quot;use_custom_post_types&quot;:&quot;&quot;,&quot;custom_post_types&quot;:[],&quot;hide_widget_if&quot;:&quot;&quot;,&quot;carousel_enabled&quot;:&quot;&quot;,&quot;slides_to_scroll&quot;:&quot;1&quot;,&quot;arrows&quot;:&quot;true&quot;,&quot;arrow_icon&quot;:&quot;fa fa-angle-left&quot;,&quot;dots&quot;:&quot;&quot;,&quot;autoplay&quot;:&quot;true&quot;,&quot;autoplay_speed&quot;:5000,&quot;infinite&quot;:&quot;true&quot;,&quot;center_mode&quot;:&quot;&quot;,&quot;effect&quot;:&quot;slide&quot;,&quot;speed&quot;:500,&quot;inject_alternative_items&quot;:&quot;&quot;,&quot;injection_items&quot;:[],&quot;scroll_slider_enabled&quot;:&quot;&quot;,&quot;scroll_slider_on&quot;:[&quot;desktop&quot;,&quot;tablet&quot;,&quot;mobile&quot;],&quot;custom_query&quot;:&quot;yes&quot;,&quot;custom_query_id&quot;:&quot;13&quot;,&quot;_element_id&quot;:&quot;&quot;}}\" data-page=\"1\" data-pages=\"1\" data-listing-source=\"query\" data-listing-id=\"557\" data-query-id=\"13\"><div class=\"jet-listing-grid__item jet-listing-dynamic-post-11419\" data-post-id=\"11419\" >\t\t<div data-elementor-type=\"jet-listing-items\" data-elementor-id=\"557\" class=\"elementor elementor-557\" data-elementor-post-type=\"jet-engine\">\n\t\t\t\t\t\t\t\t\t<section class=\"elementor-section elementor-top-section elementor-element elementor-element-d75c8e8 elementor-section-boxed elementor-section-height-default elementor-section-height-default\" data-id=\"d75c8e8\" data-element_type=\"section\">\n\t\t\t\t\t\t<div class=\"elementor-container elementor-column-gap-default\">\n\t\t\t\t\t<div class=\"elementor-column elementor-col-100 elementor-top-column elementor-element elementor-element-31b3d2a\" data-id=\"31b3d2a\" data-element_type=\"column\">\n\t\t\t<div class=\"elementor-widget-wrap elementor-element-populated\">\n\t\t\t\t\t\t\t\t<div class=\"elementor-element elementor-element-baf40b2 elementor-widget elementor-widget-jet-listing-dynamic-image\" data-id=\"baf40b2\" data-element_type=\"widget\" data-widget_type=\"jet-listing-dynamic-image.default\">\n\t\t\t\t<div class=\"elementor-widget-container\">\n\t\t\t<div class=\"jet-listing jet-listing-dynamic-image\"><a href=\"https:\/\/dev.tandemmadrid.com\/fr\/c\/cours-dete-jeunes-football-generation-adidas\/\" class=\"jet-listing-dynamic-image__link\" rel=\"alternate\" title=\"Le cours d&rsquo;Espagnol + football POUR LES GROUPES FERM\u00c9S\"><img decoding=\"async\" width=\"1920\" height=\"1080\" src=\"https:\/\/dev.tandemmadrid.com\/wp-content\/uploads\/2024\/01\/spanish-football-adidas.jpg\" class=\"jet-listing-dynamic-image__img attachment-full size-full\" alt=\"Summer Junior Course + football 360\u00ba by Generation Adidas\" srcset=\"https:\/\/dev.tandemmadrid.com\/wp-content\/uploads\/2024\/01\/spanish-football-adidas.jpg 1920w, https:\/\/dev.tandemmadrid.com\/wp-content\/uploads\/2024\/01\/spanish-football-adidas-300x169.jpg 300w, https:\/\/dev.tandemmadrid.com\/wp-content\/uploads\/2024\/01\/spanish-football-adidas-1024x576.jpg 1024w, https:\/\/dev.tandemmadrid.com\/wp-content\/uploads\/2024\/01\/spanish-football-adidas-768x432.jpg 768w, https:\/\/dev.tandemmadrid.com\/wp-content\/uploads\/2024\/01\/spanish-football-adidas-1536x864.jpg 1536w, https:\/\/dev.tandemmadrid.com\/wp-content\/uploads\/2024\/01\/spanish-football-adidas-600x338.jpg 600w\" sizes=\"(max-width: 1920px) 100vw, 1920px\" loading=\"lazy\" \/><\/a><\/div>\t\t<\/div>\n\t\t\t\t<\/div>\n\t\t\t\t<div class=\"elementor-element elementor-element-5f293e9 w100 elementor-widget elementor-widget-jet-listing-dynamic-link\" data-id=\"5f293e9\" data-element_type=\"widget\" data-widget_type=\"jet-listing-dynamic-link.default\">\n\t\t\t\t<div class=\"elementor-widget-container\">\n\t\t\t<a href=\"https:\/\/dev.tandemmadrid.com\/fr\/c\/cours-dete-jeunes-football-generation-adidas\/\" class=\"jet-listing-dynamic-link__link\" rel=\"title\" aria-label=\"Le cours d&rsquo;Espagnol + football POUR LES GROUPES FERM\u00c9S\" title=\"Le cours d&rsquo;Espagnol + football POUR LES GROUPES FERM\u00c9S\">Le cours d&rsquo;Espagnol + football POUR LES GROUPES FERM\u00c9S<\/a>\t\t<\/div>\n\t\t\t\t<\/div>\n\t\t\t\t\t<\/div>\n\t\t<\/div>\n\t\t\t\t\t\t\t<\/div>\n\t\t<\/section>\n\t\t\t\t\t\t\t<\/div>\n\t\t<\/div><div class=\"jet-listing-grid__item jet-listing-dynamic-post-11471\" data-post-id=\"11471\" >\t\t<div data-elementor-type=\"jet-listing-items\" data-elementor-id=\"557\" class=\"elementor elementor-557\" data-elementor-post-type=\"jet-engine\">\n\t\t\t\t\t\t\t\t\t<section class=\"elementor-section elementor-top-section elementor-element elementor-element-d75c8e8 elementor-section-boxed elementor-section-height-default elementor-section-height-default\" data-id=\"d75c8e8\" data-element_type=\"section\">\n\t\t\t\t\t\t<div class=\"elementor-container elementor-column-gap-default\">\n\t\t\t\t\t<div class=\"elementor-column elementor-col-100 elementor-top-column elementor-element elementor-element-31b3d2a\" data-id=\"31b3d2a\" data-element_type=\"column\">\n\t\t\t<div class=\"elementor-widget-wrap elementor-element-populated\">\n\t\t\t\t\t\t\t\t<div class=\"elementor-element elementor-element-baf40b2 elementor-widget elementor-widget-jet-listing-dynamic-image\" data-id=\"baf40b2\" data-element_type=\"widget\" data-widget_type=\"jet-listing-dynamic-image.default\">\n\t\t\t\t<div class=\"elementor-widget-container\">\n\t\t\t<div class=\"jet-listing jet-listing-dynamic-image\"><a href=\"https:\/\/dev.tandemmadrid.com\/fr\/c\/camp-de-football-despagnol-real-madrid\/\" class=\"jet-listing-dynamic-image__link\" rel=\"alternate\" title=\"1 semaine de programme Junior + 1 semaine de camp de foot, de 9 \u00e0 17 ans (gar\u00e7ons et filles)\"><img decoding=\"async\" width=\"1920\" height=\"1080\" src=\"https:\/\/dev.tandemmadrid.com\/wp-content\/uploads\/2024\/02\/real-madrid-campus-experience-1.jpg\" class=\"jet-listing-dynamic-image__img attachment-full size-full\" alt=\"TANDEM Madrid in association with Real Madrid Campus Experience\" srcset=\"https:\/\/dev.tandemmadrid.com\/wp-content\/uploads\/2024\/02\/real-madrid-campus-experience-1.jpg 1920w, https:\/\/dev.tandemmadrid.com\/wp-content\/uploads\/2024\/02\/real-madrid-campus-experience-1-300x169.jpg 300w, https:\/\/dev.tandemmadrid.com\/wp-content\/uploads\/2024\/02\/real-madrid-campus-experience-1-1024x576.jpg 1024w, https:\/\/dev.tandemmadrid.com\/wp-content\/uploads\/2024\/02\/real-madrid-campus-experience-1-768x432.jpg 768w, https:\/\/dev.tandemmadrid.com\/wp-content\/uploads\/2024\/02\/real-madrid-campus-experience-1-1536x864.jpg 1536w, https:\/\/dev.tandemmadrid.com\/wp-content\/uploads\/2024\/02\/real-madrid-campus-experience-1-600x338.jpg 600w\" sizes=\"(max-width: 1920px) 100vw, 1920px\" loading=\"lazy\" \/><\/a><\/div>\t\t<\/div>\n\t\t\t\t<\/div>\n\t\t\t\t<div class=\"elementor-element elementor-element-5f293e9 w100 elementor-widget elementor-widget-jet-listing-dynamic-link\" data-id=\"5f293e9\" data-element_type=\"widget\" data-widget_type=\"jet-listing-dynamic-link.default\">\n\t\t\t\t<div class=\"elementor-widget-container\">\n\t\t\t<a href=\"https:\/\/dev.tandemmadrid.com\/fr\/c\/camp-de-football-despagnol-real-madrid\/\" class=\"jet-listing-dynamic-link__link\" rel=\"title\" aria-label=\"1 semaine de programme Junior + 1 semaine de camp de foot, de 9 \u00e0 17 ans (gar\u00e7ons et filles)\" title=\"1 semaine de programme Junior + 1 semaine de camp de foot, de 9 \u00e0 17 ans (gar\u00e7ons et filles)\">1 semaine de programme Junior + 1 semaine de camp de foot, de 9 \u00e0 17 ans (gar\u00e7ons et filles)<\/a>\t\t<\/div>\n\t\t\t\t<\/div>\n\t\t\t\t\t<\/div>\n\t\t<\/div>\n\t\t\t\t\t\t\t<\/div>\n\t\t<\/section>\n\t\t\t\t\t\t\t<\/div>\n\t\t<\/div><div class=\"jet-listing-grid__item jet-listing-dynamic-post-11466\" data-post-id=\"11466\" >\t\t<div data-elementor-type=\"jet-listing-items\" data-elementor-id=\"557\" class=\"elementor elementor-557\" data-elementor-post-type=\"jet-engine\">\n\t\t\t\t\t\t\t\t\t<section class=\"elementor-section elementor-top-section elementor-element elementor-element-d75c8e8 elementor-section-boxed elementor-section-height-default elementor-section-height-default\" data-id=\"d75c8e8\" data-element_type=\"section\">\n\t\t\t\t\t\t<div class=\"elementor-container elementor-column-gap-default\">\n\t\t\t\t\t<div class=\"elementor-column elementor-col-100 elementor-top-column elementor-element elementor-element-31b3d2a\" data-id=\"31b3d2a\" data-element_type=\"column\">\n\t\t\t<div class=\"elementor-widget-wrap elementor-element-populated\">\n\t\t\t\t\t\t\t\t<div class=\"elementor-element elementor-element-baf40b2 elementor-widget elementor-widget-jet-listing-dynamic-image\" data-id=\"baf40b2\" data-element_type=\"widget\" data-widget_type=\"jet-listing-dynamic-image.default\">\n\t\t\t\t<div class=\"elementor-widget-container\">\n\t\t\t<div class=\"jet-listing jet-listing-dynamic-image\"><a href=\"https:\/\/dev.tandemmadrid.com\/fr\/c\/cours-despagnol-famille\/\" class=\"jet-listing-dynamic-image__link\" rel=\"alternate\" title=\"Espagnol pour les familles\"><img decoding=\"async\" width=\"1920\" height=\"1080\" src=\"https:\/\/dev.tandemmadrid.com\/wp-content\/uploads\/2024\/01\/spanish-families.jpg\" class=\"jet-listing-dynamic-image__img attachment-full size-full\" alt=\"Spanish for families in Madrid\" srcset=\"https:\/\/dev.tandemmadrid.com\/wp-content\/uploads\/2024\/01\/spanish-families.jpg 1920w, https:\/\/dev.tandemmadrid.com\/wp-content\/uploads\/2024\/01\/spanish-families-300x169.jpg 300w, https:\/\/dev.tandemmadrid.com\/wp-content\/uploads\/2024\/01\/spanish-families-1024x576.jpg 1024w, https:\/\/dev.tandemmadrid.com\/wp-content\/uploads\/2024\/01\/spanish-families-768x432.jpg 768w, https:\/\/dev.tandemmadrid.com\/wp-content\/uploads\/2024\/01\/spanish-families-1536x864.jpg 1536w, https:\/\/dev.tandemmadrid.com\/wp-content\/uploads\/2024\/01\/spanish-families-600x338.jpg 600w\" sizes=\"(max-width: 1920px) 100vw, 1920px\" loading=\"lazy\" \/><\/a><\/div>\t\t<\/div>\n\t\t\t\t<\/div>\n\t\t\t\t<div class=\"elementor-element elementor-element-5f293e9 w100 elementor-widget elementor-widget-jet-listing-dynamic-link\" data-id=\"5f293e9\" data-element_type=\"widget\" data-widget_type=\"jet-listing-dynamic-link.default\">\n\t\t\t\t<div class=\"elementor-widget-container\">\n\t\t\t<a href=\"https:\/\/dev.tandemmadrid.com\/fr\/c\/cours-despagnol-famille\/\" class=\"jet-listing-dynamic-link__link\" rel=\"title\" aria-label=\"Espagnol pour les familles\" title=\"Espagnol pour les familles\">Espagnol pour les familles<\/a>\t\t<\/div>\n\t\t\t\t<\/div>\n\t\t\t\t\t<\/div>\n\t\t<\/div>\n\t\t\t\t\t\t\t<\/div>\n\t\t<\/section>\n\t\t\t\t\t\t\t<\/div>\n\t\t<\/div><div class=\"jet-listing-grid__item jet-listing-dynamic-post-11462\" data-post-id=\"11462\" >\t\t<div data-elementor-type=\"jet-listing-items\" data-elementor-id=\"557\" class=\"elementor elementor-557\" data-elementor-post-type=\"jet-engine\">\n\t\t\t\t\t\t\t\t\t<section class=\"elementor-section elementor-top-section elementor-element elementor-element-d75c8e8 elementor-section-boxed elementor-section-height-default elementor-section-height-default\" data-id=\"d75c8e8\" data-element_type=\"section\">\n\t\t\t\t\t\t<div class=\"elementor-container elementor-column-gap-default\">\n\t\t\t\t\t<div class=\"elementor-column elementor-col-100 elementor-top-column elementor-element elementor-element-31b3d2a\" data-id=\"31b3d2a\" data-element_type=\"column\">\n\t\t\t<div class=\"elementor-widget-wrap elementor-element-populated\">\n\t\t\t\t\t\t\t\t<div class=\"elementor-element elementor-element-baf40b2 elementor-widget elementor-widget-jet-listing-dynamic-image\" data-id=\"baf40b2\" data-element_type=\"widget\" data-widget_type=\"jet-listing-dynamic-image.default\">\n\t\t\t\t<div class=\"elementor-widget-container\">\n\t\t\t<div class=\"jet-listing jet-listing-dynamic-image\"><a href=\"https:\/\/dev.tandemmadrid.com\/fr\/c\/cours-espagnol-ete-junior-madrid\/\" class=\"jet-listing-dynamic-image__link\" rel=\"alternate\" title=\"Camp Urbain Junior d&rsquo;Et\u00e9 \u00e0 Madrid (13 &#8211; 17 ans)\"><img decoding=\"async\" width=\"1920\" height=\"1080\" src=\"https:\/\/dev.tandemmadrid.com\/wp-content\/uploads\/2024\/02\/junior-spanish-program.jpg\" class=\"jet-listing-dynamic-image__img attachment-full size-full\" alt=\"Spanish Summer Junior Urban Camp in Madrid\" srcset=\"https:\/\/dev.tandemmadrid.com\/wp-content\/uploads\/2024\/02\/junior-spanish-program.jpg 1920w, https:\/\/dev.tandemmadrid.com\/wp-content\/uploads\/2024\/02\/junior-spanish-program-300x169.jpg 300w, https:\/\/dev.tandemmadrid.com\/wp-content\/uploads\/2024\/02\/junior-spanish-program-1024x576.jpg 1024w, https:\/\/dev.tandemmadrid.com\/wp-content\/uploads\/2024\/02\/junior-spanish-program-768x432.jpg 768w, https:\/\/dev.tandemmadrid.com\/wp-content\/uploads\/2024\/02\/junior-spanish-program-1536x864.jpg 1536w, https:\/\/dev.tandemmadrid.com\/wp-content\/uploads\/2024\/02\/junior-spanish-program-600x338.jpg 600w\" sizes=\"(max-width: 1920px) 100vw, 1920px\" loading=\"lazy\" \/><\/a><\/div>\t\t<\/div>\n\t\t\t\t<\/div>\n\t\t\t\t<div class=\"elementor-element elementor-element-5f293e9 w100 elementor-widget elementor-widget-jet-listing-dynamic-link\" data-id=\"5f293e9\" data-element_type=\"widget\" data-widget_type=\"jet-listing-dynamic-link.default\">\n\t\t\t\t<div class=\"elementor-widget-container\">\n\t\t\t<a href=\"https:\/\/dev.tandemmadrid.com\/fr\/c\/cours-espagnol-ete-junior-madrid\/\" class=\"jet-listing-dynamic-link__link\" rel=\"title\" aria-label=\"Camp Urbain Junior d&rsquo;Et\u00e9 \u00e0 Madrid (13 &#8211; 17 ans)\" title=\"Camp Urbain Junior d&rsquo;Et\u00e9 \u00e0 Madrid (13 &#8211; 17 ans)\">Camp Urbain Junior d&rsquo;Et\u00e9 \u00e0 Madrid (13 &#8211; 17 ans)<\/a>\t\t<\/div>\n\t\t\t\t<\/div>\n\t\t\t\t\t<\/div>\n\t\t<\/div>\n\t\t\t\t\t\t\t<\/div>\n\t\t<\/section>\n\t\t\t\t\t\t\t<\/div>\n\t\t<\/div><div class=\"jet-listing-grid__item jet-listing-dynamic-post-11459\" data-post-id=\"11459\" >\t\t<div data-elementor-type=\"jet-listing-items\" data-elementor-id=\"557\" class=\"elementor elementor-557\" data-elementor-post-type=\"jet-engine\">\n\t\t\t\t\t\t\t\t\t<section class=\"elementor-section elementor-top-section elementor-element elementor-element-d75c8e8 elementor-section-boxed elementor-section-height-default elementor-section-height-default\" data-id=\"d75c8e8\" data-element_type=\"section\">\n\t\t\t\t\t\t<div class=\"elementor-container elementor-column-gap-default\">\n\t\t\t\t\t<div class=\"elementor-column elementor-col-100 elementor-top-column elementor-element elementor-element-31b3d2a\" data-id=\"31b3d2a\" data-element_type=\"column\">\n\t\t\t<div class=\"elementor-widget-wrap elementor-element-populated\">\n\t\t\t\t\t\t\t\t<div class=\"elementor-element elementor-element-baf40b2 elementor-widget elementor-widget-jet-listing-dynamic-image\" data-id=\"baf40b2\" data-element_type=\"widget\" data-widget_type=\"jet-listing-dynamic-image.default\">\n\t\t\t\t<div class=\"elementor-widget-container\">\n\t\t\t<div class=\"jet-listing jet-listing-dynamic-image\"><a href=\"https:\/\/dev.tandemmadrid.com\/fr\/c\/colonies-vacances-urbaines-espagnol-ados\/\" class=\"jet-listing-dynamic-image__link\" rel=\"alternate\" title=\"Vacances ludiques et \u00e9ducatives en Espagnol pour les enfants\"><img decoding=\"async\" width=\"1920\" height=\"1038\" src=\"https:\/\/dev.tandemmadrid.com\/wp-content\/uploads\/2024\/01\/summer-camp-kids-spanish.jpg\" class=\"jet-listing-dynamic-image__img attachment-full size-full\" alt=\"Summer urban camps for kids in Madrid\" srcset=\"https:\/\/dev.tandemmadrid.com\/wp-content\/uploads\/2024\/01\/summer-camp-kids-spanish.jpg 1920w, https:\/\/dev.tandemmadrid.com\/wp-content\/uploads\/2024\/01\/summer-camp-kids-spanish-300x162.jpg 300w, https:\/\/dev.tandemmadrid.com\/wp-content\/uploads\/2024\/01\/summer-camp-kids-spanish-1024x554.jpg 1024w, https:\/\/dev.tandemmadrid.com\/wp-content\/uploads\/2024\/01\/summer-camp-kids-spanish-768x415.jpg 768w, https:\/\/dev.tandemmadrid.com\/wp-content\/uploads\/2024\/01\/summer-camp-kids-spanish-1536x830.jpg 1536w, https:\/\/dev.tandemmadrid.com\/wp-content\/uploads\/2024\/01\/summer-camp-kids-spanish-600x324.jpg 600w\" sizes=\"(max-width: 1920px) 100vw, 1920px\" loading=\"lazy\" \/><\/a><\/div>\t\t<\/div>\n\t\t\t\t<\/div>\n\t\t\t\t<div class=\"elementor-element elementor-element-5f293e9 w100 elementor-widget elementor-widget-jet-listing-dynamic-link\" data-id=\"5f293e9\" data-element_type=\"widget\" data-widget_type=\"jet-listing-dynamic-link.default\">\n\t\t\t\t<div class=\"elementor-widget-container\">\n\t\t\t<a href=\"https:\/\/dev.tandemmadrid.com\/fr\/c\/colonies-vacances-urbaines-espagnol-ados\/\" class=\"jet-listing-dynamic-link__link\" rel=\"title\" aria-label=\"Vacances ludiques et \u00e9ducatives en Espagnol pour les enfants\" title=\"Vacances ludiques et \u00e9ducatives en Espagnol pour les enfants\">Vacances ludiques et \u00e9ducatives en Espagnol pour les enfants<\/a>\t\t<\/div>\n\t\t\t\t<\/div>\n\t\t\t\t\t<\/div>\n\t\t<\/div>\n\t\t\t\t\t\t\t<\/div>\n\t\t<\/section>\n\t\t\t\t\t\t\t<\/div>\n\t\t<\/div><\/div><\/div>\t\t<\/div>\n\t\t\t\t<\/div>\n\t\t\t\t\t<\/div>\n\t\t\t\t<\/div>\n\t\t\t\t\t\t\t<\/div>\n\t\t","protected":false},"excerpt":{"rendered":"<p>Aucune donn\u00e9e n&rsquo;a \u00e9t\u00e9 trouv\u00e9e<\/p>\n","protected":false},"author":1,"featured_media":2367,"parent":0,"menu_order":0,"comment_status":"closed","ping_status":"closed","template":"","meta":{"footnotes":"","_elementor_data":"[{\"id\":\"c059275\",\"elType\":\"container\",\"settings\":{\"jedv_conditions\":[{\"_id\":\"1f63ae4\"}]},\"elements\":[{\"id\":\"05336db\",\"elType\":\"widget\",\"settings\":{\"lisitng_id\":\"557\",\"not_found_message\":\"Aucune donn\\u00e9e n'a \\u00e9t\\u00e9 trouv\\u00e9e\",\"injection_items\":[],\"custom_query\":\"yes\",\"custom_query_id\":\"13\",\"posts_query\":[],\"terms_meta_query\":[],\"users_meta_query\":[],\"jedv_conditions\":[{\"_id\":\"f6bbedd\"}]},\"elements\":[],\"widgetType\":\"jet-listing-grid\"}],\"isInner\":false}]","_elementor_edit_mode":"builder","_elementor_template_type":"wp-page","_elementor_page_settings":""},"_links":{"self":[{"href":"https:\/\/dev.tandemmadrid.com\/fr\/wp-json\/wp\/v2\/pages\/9625"}],"collection":[{"href":"https:\/\/dev.tandemmadrid.com\/fr\/wp-json\/wp\/v2\/pages"}],"about":[{"href":"https:\/\/dev.tandemmadrid.com\/fr\/wp-json\/wp\/v2\/types\/page"}],"author":[{"embeddable":true,"href":"https:\/\/dev.tandemmadrid.com\/fr\/wp-json\/wp\/v2\/users\/1"}],"replies":[{"embeddable":true,"href":"https:\/\/dev.tandemmadrid.com\/fr\/wp-json\/wp\/v2\/comments?post=9625"}],"version-history":[{"count":0,"href":"https:\/\/dev.tandemmadrid.com\/fr\/wp-json\/wp\/v2\/pages\/9625\/revisions"}],"wp:featuredmedia":[{"embeddable":true,"href":"https:\/\/dev.tandemmadrid.com\/fr\/wp-json\/wp\/v2\/media\/2367"}],"wp:attachment":[{"href":"https:\/\/dev.tandemmadrid.com\/fr\/wp-json\/wp\/v2\/media?parent=9625"}],"curies":[{"name":"wp","href":"https:\/\/api.w.org\/{rel}","templated":true}]}}