
{"id":11468,"date":"2023-10-06T17:59:35","date_gmt":"2023-10-06T15:59:35","guid":{"rendered":"https:\/\/dev.tandemmadrid.com\/shop\/reserver-le-cours-aprender-con-el-corazon-y-la-cabeza\/"},"modified":"2024-02-07T08:59:13","modified_gmt":"2024-02-07T07:59:13","slug":"aprender-corazon-cabeza","status":"publish","type":"product","link":"https:\/\/dev.tandemmadrid.com\/fr\/boutique\/aprender-corazon-cabeza\/","title":{"rendered":"R\u00e9server le cours : Aprender con el coraz\u00f3n y la cabeza"},"content":{"rendered":"","protected":false},"excerpt":{"rendered":"<p>Le cours aborde les contributions des m\u00e9thodes humanistes \u00e0 l&rsquo;apprentissage et \u00e0 l&rsquo;enseignement des langues \u00e9trang\u00e8res : Suggestopedia, Programmation Neurolinguistique et autres approches holistiques qui consid\u00e8rent les \u00e9tudiants comme des \u00eatres globaux, dot\u00e9s d&rsquo;affectivit\u00e9, de cr\u00e9ativit\u00e9, de diff\u00e9rents types d&rsquo;intelligence et de styles d&rsquo;apprentissage.<\/p>\n<p style=\"text-align:center;\"><a href=\"\" title=\"Plus d'informations sur le cours: Aprender con el Coraz\u00f3n y la Cabeza\" class=\"buttonaction\" target=\"_blank\" rel=\"noopener\">Plus d&rsquo;informations sur le cours<\/a><\/p>\n","protected":false},"featured_media":8526,"template":"","meta":[],"product_cat":[170,162,180],"product_tag":[],"_links":{"self":[{"href":"https:\/\/dev.tandemmadrid.com\/fr\/wp-json\/wp\/v2\/product\/11468"}],"collection":[{"href":"https:\/\/dev.tandemmadrid.com\/fr\/wp-json\/wp\/v2\/product"}],"about":[{"href":"https:\/\/dev.tandemmadrid.com\/fr\/wp-json\/wp\/v2\/types\/product"}],"version-history":[{"count":0,"href":"https:\/\/dev.tandemmadrid.com\/fr\/wp-json\/wp\/v2\/product\/11468\/revisions"}],"wp:featuredmedia":[{"embeddable":true,"href":"https:\/\/dev.tandemmadrid.com\/fr\/wp-json\/wp\/v2\/media\/8526"}],"wp:attachment":[{"href":"https:\/\/dev.tandemmadrid.com\/fr\/wp-json\/wp\/v2\/media?parent=11468"}],"wp:term":[{"taxonomy":"product_cat","embeddable":true,"href":"https:\/\/dev.tandemmadrid.com\/fr\/wp-json\/wp\/v2\/product_cat?post=11468"},{"taxonomy":"product_tag","embeddable":true,"href":"https:\/\/dev.tandemmadrid.com\/fr\/wp-json\/wp\/v2\/product_tag?post=11468"}],"curies":[{"name":"wp","href":"https:\/\/api.w.org\/{rel}","templated":true}]}}