
{"id":11469,"date":"2023-10-10T15:58:11","date_gmt":"2023-10-10T13:58:11","guid":{"rendered":"https:\/\/dev.tandemmadrid.com\/shop\/devis-pour-le-cours-formation-pour-les-entreprises\/"},"modified":"2024-02-07T09:12:16","modified_gmt":"2024-02-07T08:12:16","slug":"formation-entreprises","status":"publish","type":"product","link":"https:\/\/dev.tandemmadrid.com\/fr\/boutique\/formation-entreprises\/","title":{"rendered":"Devis pour le cours : Formation pour les entreprises"},"content":{"rendered":"","protected":false},"excerpt":{"rendered":"<p>Il s&rsquo;agit d&rsquo;un cours sur mesure. Demandez un devis d\u00e9taill\u00e9 en pr\u00e9cisant tous les \u00e9l\u00e9ments \u00e0 prendre en compte, tels que la dur\u00e9e, le nombre de participants, les dates de d\u00e9but, etc. Notre \u00e9quipe vous contactera avec une proposition et toutes les informations, afin que vous puissiez r\u00e9server le cours ult\u00e9rieurement.<\/p>\n<p style=\"text-align:center;\"><a href=\"\/fr\/c\/formation-enterprises\/\" title=\"Plus d'informations sur le cours: Formation pour les Entreprises\" class=\"buttonaction\">Plus d&rsquo;informations sur le cours<\/a><\/p>\n","protected":false},"featured_media":6685,"template":"","meta":[],"product_cat":[166],"product_tag":[],"_links":{"self":[{"href":"https:\/\/dev.tandemmadrid.com\/fr\/wp-json\/wp\/v2\/product\/11469"}],"collection":[{"href":"https:\/\/dev.tandemmadrid.com\/fr\/wp-json\/wp\/v2\/product"}],"about":[{"href":"https:\/\/dev.tandemmadrid.com\/fr\/wp-json\/wp\/v2\/types\/product"}],"version-history":[{"count":0,"href":"https:\/\/dev.tandemmadrid.com\/fr\/wp-json\/wp\/v2\/product\/11469\/revisions"}],"wp:featuredmedia":[{"embeddable":true,"href":"https:\/\/dev.tandemmadrid.com\/fr\/wp-json\/wp\/v2\/media\/6685"}],"wp:attachment":[{"href":"https:\/\/dev.tandemmadrid.com\/fr\/wp-json\/wp\/v2\/media?parent=11469"}],"wp:term":[{"taxonomy":"product_cat","embeddable":true,"href":"https:\/\/dev.tandemmadrid.com\/fr\/wp-json\/wp\/v2\/product_cat?post=11469"},{"taxonomy":"product_tag","embeddable":true,"href":"https:\/\/dev.tandemmadrid.com\/fr\/wp-json\/wp\/v2\/product_tag?post=11469"}],"curies":[{"name":"wp","href":"https:\/\/api.w.org\/{rel}","templated":true}]}}