
{"id":11470,"date":"2023-10-10T13:43:30","date_gmt":"2023-10-10T11:43:30","guid":{"rendered":"https:\/\/dev.tandemmadrid.com\/shop\/reservez-le-cours-cours-particulier-despagnol\/"},"modified":"2024-02-07T09:18:17","modified_gmt":"2024-02-07T08:18:17","slug":"cours-particulier","status":"publish","type":"product","link":"https:\/\/dev.tandemmadrid.com\/fr\/boutique\/cours-particulier\/","title":{"rendered":"R\u00e9servez le cours : Cours particulier d\u2019Espagnol"},"content":{"rendered":"<table class=\"tabla-cursos\" border=\"1\">\n<tbody>\n<tr>\n<td class=\"celdas-izq\">Date de d\u00e9but<\/td>\n<td class=\"celdas-dcha\">Tous les jourservices incluss de l\u2019ann\u00e9e<\/td>\n<\/tr>\n<tr class=\"fondo-color\">\n<td class=\"celdas-izq\">Nombre de le\u00e7ons<\/td>\n<td class=\"celdas-dcha\">\u00c0 partir de 1 le\u00e7on<\/td>\n<\/tr>\n<tr class=\"fondo-color\">\n<td class=\"celdas-izq\">Niveaux<\/td>\n<td class=\"celdas-dcha\">Tous les niveaux<\/td>\n<\/tr>\n<tr>\n<td class=\"celdas-izq\">OPTION<\/td>\n<td class=\"celdas-dcha\">D\u00e9jeuner avec votre professeur\/Programme culturel<\/td>\n<\/tr>\n<tr class=\"fondo-color\">\n<td class=\"celdas-izq\">Dur\u00e9e de chaque le\u00e7on<\/td>\n<td class=\"celdas-dcha\">45 min<\/td>\n<\/tr>\n<tr>\n<td class=\"celdas-izq\">Frais d\u2019inscription<\/td>\n<td class=\"celdas-dcha\"><strong>50\u20ac<\/strong><\/td>\n<\/tr>\n<\/tbody>\n<\/table>\n","protected":false},"excerpt":{"rendered":"<p>Le cours offre une formation individuelle \u00e0 votre propre rythme. Votre professeur s&rsquo;adaptera \u00e0 vos connaissances de l&rsquo;espagnol et \u00e0 vos besoins personnels et professionnels. Il vous accompagnera et vous aidera tout au long de votre apprentissage.<br \/>\nLe contenu de nos cours d&rsquo;espagnol priv\u00e9s est d\u00e9termin\u00e9 par les \u00e9tudiants eux-m\u00eames. Ce sont \u00e9galement les \u00e9tudiants qui d\u00e9cideront du nombre de cours d&rsquo;espagnol qu&rsquo;ils souhaitent suivre et des horaires qui leur conviennent le mieux pour les 45 minutes de cours d&rsquo;espagnol priv\u00e9.<\/p>\n<p style=\"text-align:center;\"><a href=\"\/fr\/c\/cours-espagnol-privee\/\" title=\"En savoir plus sur le cours : Cours d'espagnol priv\u00e9s (particuliers)\" class=\"buttonaction\">En savoir plus sur ce cours<\/a><\/p>\n","protected":false},"featured_media":7369,"template":"","meta":[],"product_cat":[166],"product_tag":[],"_links":{"self":[{"href":"https:\/\/dev.tandemmadrid.com\/fr\/wp-json\/wp\/v2\/product\/11470"}],"collection":[{"href":"https:\/\/dev.tandemmadrid.com\/fr\/wp-json\/wp\/v2\/product"}],"about":[{"href":"https:\/\/dev.tandemmadrid.com\/fr\/wp-json\/wp\/v2\/types\/product"}],"version-history":[{"count":0,"href":"https:\/\/dev.tandemmadrid.com\/fr\/wp-json\/wp\/v2\/product\/11470\/revisions"}],"wp:featuredmedia":[{"embeddable":true,"href":"https:\/\/dev.tandemmadrid.com\/fr\/wp-json\/wp\/v2\/media\/7369"}],"wp:attachment":[{"href":"https:\/\/dev.tandemmadrid.com\/fr\/wp-json\/wp\/v2\/media?parent=11470"}],"wp:term":[{"taxonomy":"product_cat","embeddable":true,"href":"https:\/\/dev.tandemmadrid.com\/fr\/wp-json\/wp\/v2\/product_cat?post=11470"},{"taxonomy":"product_tag","embeddable":true,"href":"https:\/\/dev.tandemmadrid.com\/fr\/wp-json\/wp\/v2\/product_tag?post=11470"}],"curies":[{"name":"wp","href":"https:\/\/api.w.org\/{rel}","templated":true}]}}