
{"id":11472,"date":"2023-10-10T12:25:38","date_gmt":"2023-10-10T10:25:38","guid":{"rendered":"https:\/\/dev.tandemmadrid.com\/shop\/devis-pour-le-cours-cours-despagnol-en-groupe-standard\/"},"modified":"2024-02-07T09:25:12","modified_gmt":"2024-02-07T08:25:12","slug":"groupe-standard","status":"publish","type":"product","link":"https:\/\/dev.tandemmadrid.com\/fr\/boutique\/groupe-standard\/","title":{"rendered":"Devis pour le cours : Cours d&rsquo;espagnol en groupe standard"},"content":{"rendered":"<p>Apprendre en groupe est beaucoup plus amusant qu&rsquo;apprendre seul. Vous participerez \u00e0 diverses activit\u00e9s culturelles espagnoles o\u00f9 vous devrez appliquer ce que vous avez appris en classe.<br \/>\nLe cours d&rsquo;espagnol standard pour les groupes dure au minimum une semaine, et le groupe peut suivre tous les cours qu&rsquo;il souhaite. Les participants suivent des cours d&rsquo;espagnol dans notre \u00e9cole le matin pour apprendre les bases de la grammaire, du vocabulaire et de la conversation. L&rsquo;apr\u00e8s-midi, les cours d&rsquo;espagnol th\u00e9oriques se transforment en une vari\u00e9t\u00e9 d&rsquo;activit\u00e9s culturelles de groupe, telles que des visites \u00e0 pied des principaux sites historiques de Madrid, des cours de cuisine espagnole ou de danse flamenco, ou des excursions d&rsquo;une journ\u00e9e dans des villes voisines comme Avila, S\u00e9govie ou Tol\u00e8de.<\/p>\n","protected":false},"excerpt":{"rendered":"<p>Il s&rsquo;agit d&rsquo;un cours sur mesure. Veuillez demander un devis expliquant tous les d\u00e9tails que nous devons prendre en compte, comme la dur\u00e9e, le nombre de participants, les dates de d\u00e9but, etc. Notre \u00e9quipe vous contactera avec une proposition et toutes les informations, afin que vous puissiez r\u00e9server le cours ult\u00e9rieurement.<\/p>\n<p style=\"text-align:center;\"><a href=\"\/fr\/c\/cours-espagnol-groupe-standard\/\" title=\"En savoir plus sur le cours: Cours d'espagnol en groupe standard\" class=\"buttonaction\">En savoir plus sur ce cours<\/a><\/p>\n","protected":false},"featured_media":6711,"template":"","meta":[],"product_cat":[159,158],"product_tag":[],"_links":{"self":[{"href":"https:\/\/dev.tandemmadrid.com\/fr\/wp-json\/wp\/v2\/product\/11472"}],"collection":[{"href":"https:\/\/dev.tandemmadrid.com\/fr\/wp-json\/wp\/v2\/product"}],"about":[{"href":"https:\/\/dev.tandemmadrid.com\/fr\/wp-json\/wp\/v2\/types\/product"}],"version-history":[{"count":0,"href":"https:\/\/dev.tandemmadrid.com\/fr\/wp-json\/wp\/v2\/product\/11472\/revisions"}],"wp:featuredmedia":[{"embeddable":true,"href":"https:\/\/dev.tandemmadrid.com\/fr\/wp-json\/wp\/v2\/media\/6711"}],"wp:attachment":[{"href":"https:\/\/dev.tandemmadrid.com\/fr\/wp-json\/wp\/v2\/media?parent=11472"}],"wp:term":[{"taxonomy":"product_cat","embeddable":true,"href":"https:\/\/dev.tandemmadrid.com\/fr\/wp-json\/wp\/v2\/product_cat?post=11472"},{"taxonomy":"product_tag","embeddable":true,"href":"https:\/\/dev.tandemmadrid.com\/fr\/wp-json\/wp\/v2\/product_tag?post=11472"}],"curies":[{"name":"wp","href":"https:\/\/api.w.org\/{rel}","templated":true}]}}