
{"id":11473,"date":"2024-01-28T12:31:42","date_gmt":"2024-01-28T11:31:42","guid":{"rendered":"https:\/\/dev.tandemmadrid.com\/shop\/reservez-le-cours-cours-despagnol-avec-super-apprentissage\/"},"modified":"2024-02-08T13:36:25","modified_gmt":"2024-02-08T12:36:25","slug":"super-intensif","status":"publish","type":"product","link":"https:\/\/dev.tandemmadrid.com\/fr\/boutique\/super-intensif\/","title":{"rendered":"R\u00e9servez le cours : Cours d&rsquo;espagnol super intensif"},"content":{"rendered":"<table class=\"tabla-cursos\" border=\"1\">\n<tbody>\n<tr>\n<td class=\"celdas-izq\">Date de d\u00e9but<\/td>\n<td class=\"celdas-dcha\">TOUTE lundi de l\u2019ann\u00e9e<\/td>\n<\/tr>\n<tr class=\"fondo-color\">\n<td class=\"celdas-izq\">Le\u00e7ons par semaine<\/td>\n<td class=\"celdas-dcha\"><strong>Group lessons<\/strong>: 20 le\u00e7ons d&rsquo;espagnol\/semaine (4 le\u00e7ons\/jour) 2 le\u00e7ons\/semaine d&rsquo;espagnol et de conversation \u00e0 partir du niveau A2. Total : 22 le\u00e7ons\/semaine.<\/br><strong>Private Lessons<\/strong>: 10 le\u00e7ons\/semaine<\/td>\n<\/tr>\n<tr>\n<td class=\"celdas-izq\">Dur\u00e9e<\/td>\n<td class=\"celdas-dcha\">Minimum : 1 semaine<\/td>\n<\/tr>\n<tr class=\"fondo-color\">\n<td class=\"celdas-izq\">Niveaux<\/td>\n<td class=\"celdas-dcha\">Tous les niveaux<\/td>\n<\/tr>\n<tr class=\"fondo-color\">\n<td class=\"celdas-izq\">Lesson duration<\/td>\n<td class=\"celdas-dcha\">45 min<\/td>\n<\/tr>\n<tr>\n<td class=\"celdas-izq\"><strong>Frais d\u2019inscription<\/strong><\/td>\n<td class=\"celdas-dcha\">\n<p><strong>50\u20ac<\/strong>.<\/p>\n<\/td>\n<\/tr>\n<\/tbody>\n<\/table>\n","protected":false},"excerpt":{"rendered":"<p>20 le\u00e7ons\/semaine + 10 le\u00e7ons\/semaine en petit groupe + 2 cours sur la situation sociale, \u00e9conomique et politique actuelle en Espagne, combin\u00e9s avec une visite une fois par mois \u00e0 un moyen de communication. All in all: 32 lessons\/week.\n<\/p>\n<p><strong>Frais d&rsquo;inscription : 50\u20ac<\/strong>.<\/p>\n<p style=\"text-align:center;\"><a href=\"\/fr\/c\/cours-espagnol-super-intensif\/\" title=\"Plus d'informations sur le cours: Super Intensive Spanish Courses\" class=\"buttonaction\">Plus d&rsquo;informations sur le cours<\/a><\/p>\n","protected":false},"featured_media":7335,"template":"","meta":[],"product_cat":[159],"product_tag":[],"_links":{"self":[{"href":"https:\/\/dev.tandemmadrid.com\/fr\/wp-json\/wp\/v2\/product\/11473"}],"collection":[{"href":"https:\/\/dev.tandemmadrid.com\/fr\/wp-json\/wp\/v2\/product"}],"about":[{"href":"https:\/\/dev.tandemmadrid.com\/fr\/wp-json\/wp\/v2\/types\/product"}],"version-history":[{"count":0,"href":"https:\/\/dev.tandemmadrid.com\/fr\/wp-json\/wp\/v2\/product\/11473\/revisions"}],"wp:featuredmedia":[{"embeddable":true,"href":"https:\/\/dev.tandemmadrid.com\/fr\/wp-json\/wp\/v2\/media\/7335"}],"wp:attachment":[{"href":"https:\/\/dev.tandemmadrid.com\/fr\/wp-json\/wp\/v2\/media?parent=11473"}],"wp:term":[{"taxonomy":"product_cat","embeddable":true,"href":"https:\/\/dev.tandemmadrid.com\/fr\/wp-json\/wp\/v2\/product_cat?post=11473"},{"taxonomy":"product_tag","embeddable":true,"href":"https:\/\/dev.tandemmadrid.com\/fr\/wp-json\/wp\/v2\/product_tag?post=11473"}],"curies":[{"name":"wp","href":"https:\/\/api.w.org\/{rel}","templated":true}]}}