
{"id":11474,"date":"2023-10-06T17:38:52","date_gmt":"2023-10-06T15:38:52","guid":{"rendered":"https:\/\/dev.tandemmadrid.com\/shop\/reserver-le-cours-cours-de-longue-duree\/"},"modified":"2024-02-07T09:48:01","modified_gmt":"2024-02-07T08:48:01","slug":"longue-duree","status":"publish","type":"product","link":"https:\/\/dev.tandemmadrid.com\/fr\/boutique\/longue-duree\/","title":{"rendered":"R\u00e9server le cours : Cours de longue dur\u00e9e"},"content":{"rendered":"<table class=\"tabla-cursos\" border=\"1\">\n<tbody>\n<tr>\n<td class=\"celdas-izq\">Date de d\u00e9but<\/td>\n<td class=\"celdas-dcha\">Tous les lundis de l\u2019ann\u00e9e<\/td>\n<\/tr>\n<tr class=\"fondo-color\">\n<td class=\"celdas-izq\">Le\u00e7ons par semaine<\/td>\n<td class=\"celdas-dcha\">20 le\u00e7ons\/semaine d\u2019espagnol \u2013 4 le\u00e7ons\/jour + 2 le\u00e7ons\/semaine d\u2019espagnol et conversation \u00e0 partir du niveau A2.<\/td>\n<\/tr>\n<tr>\n<td class=\"celdas-izq\">Dur\u00e9e<\/td>\n<td class=\"celdas-dcha\">La dur\u00e9e minimale de ce programme est de 24 semaines int\u00e9grales ininterrompues.<\/td>\n<\/tr>\n<tr class=\"fondo-color\">\n<td class=\"celdas-izq\">Niveaux<\/td>\n<td class=\"celdas-dcha\">Tous les niveaux<\/td>\n<\/tr>\n<tr class=\"fondo-color\">\n<td class=\"celdas-izq\">Dur\u00e9e de chaque le\u00e7on<\/td>\n<td class=\"celdas-dcha\">45 min<\/td>\n<\/tr>\n<tr class=\"fondo-color\">\n<td class=\"celdas-izq\">\u00c2ge<\/td>\n<td class=\"celdas-dcha\">\n<p>L\u2019\u00e2ge minimum pour participer est de <strong>16 ans<\/strong>.<\/p>\n<p>Pour garantir que vous profitez le plus possible des cours, le cours d\u2019espagnol de longue dur\u00e9e compte sur 12 \u00e9tudiants maximum, ce qui vous rendra plus facile la conversation avec vos coll\u00e8gues de classe.<\/p>\n<\/td>\n<\/tr>\n<tr>\n<td class=\"celdas-izq\">Frais d\u2019inscription<\/td>\n<td class=\"celdas-dcha\"><strong>0\u20ac<\/strong><\/td>\n<\/tr>\n<tr>\n<\/tbody>\n<\/table>\n","protected":false},"excerpt":{"rendered":"<p>Le cours d&rsquo;espagnol prolong\u00e9 de TANDEM Madrid offre les m\u00eames caract\u00e9ristiques que les autres cours intensifs d&rsquo;espagnol, mais avec l&rsquo;avantage de permettre une formation plus approfondie de la langue et de la culture espagnoles. Vous passerez beaucoup de temps \u00e0 vivre avec des Espagnols et \u00e0 exp\u00e9rimenter la vie quotidienne dans la ville dynamique et attrayante de Madrid.<\/p>\n<p style=\"text-align:center;\"><a href=\"\/fr\/c\/cours-espagnol-longue-duree\/\" title=\"En savoir plus sur le cours : Cours de longue dur\u00e9e\" class=\"buttonaction\">En savoir plus sur ce cours<\/a><\/p>\n","protected":false},"featured_media":6593,"template":"","meta":[],"product_cat":[159],"product_tag":[],"_links":{"self":[{"href":"https:\/\/dev.tandemmadrid.com\/fr\/wp-json\/wp\/v2\/product\/11474"}],"collection":[{"href":"https:\/\/dev.tandemmadrid.com\/fr\/wp-json\/wp\/v2\/product"}],"about":[{"href":"https:\/\/dev.tandemmadrid.com\/fr\/wp-json\/wp\/v2\/types\/product"}],"version-history":[{"count":0,"href":"https:\/\/dev.tandemmadrid.com\/fr\/wp-json\/wp\/v2\/product\/11474\/revisions"}],"wp:featuredmedia":[{"embeddable":true,"href":"https:\/\/dev.tandemmadrid.com\/fr\/wp-json\/wp\/v2\/media\/6593"}],"wp:attachment":[{"href":"https:\/\/dev.tandemmadrid.com\/fr\/wp-json\/wp\/v2\/media?parent=11474"}],"wp:term":[{"taxonomy":"product_cat","embeddable":true,"href":"https:\/\/dev.tandemmadrid.com\/fr\/wp-json\/wp\/v2\/product_cat?post=11474"},{"taxonomy":"product_tag","embeddable":true,"href":"https:\/\/dev.tandemmadrid.com\/fr\/wp-json\/wp\/v2\/product_tag?post=11474"}],"curies":[{"name":"wp","href":"https:\/\/api.w.org\/{rel}","templated":true}]}}