
{"id":11475,"date":"2023-10-09T18:01:43","date_gmt":"2023-10-09T16:01:43","guid":{"rendered":"https:\/\/dev.tandemmadrid.com\/shop\/reservez-le-cours-cours-despagnol-et-stages-a-madrid\/"},"modified":"2024-02-07T09:54:56","modified_gmt":"2024-02-07T08:54:56","slug":"stages-madrid","status":"publish","type":"product","link":"https:\/\/dev.tandemmadrid.com\/fr\/boutique\/stages-madrid\/","title":{"rendered":"R\u00e9servez le cours : Cours d\u2019Espagnol et stages \u00e0 Madrid"},"content":{"rendered":"<table class=\"tabla-cursos\" border=\"1\">\n<tbody>\n<tr>\n<td class=\"celdas-izq\">Date de d\u00e9but<\/td>\n<td class=\"celdas-dcha\">Tous les lundis de l\u2019ann\u00e9e<\/td>\n<\/tr>\n<tr class=\"fondo-color\">\n<td class=\"celdas-izq\">Le\u00e7ons par semaine<\/td>\n<td class=\"celdas-dcha\">20 le\u00e7ons\/semaine d\u2019espagnol \u2013 4 le\u00e7ons\/jour + 2 le\u00e7ons\/semaine d\u2019espagnol et conversation \u00e0 partir du niveau A2. 9:30 \u2013 13:00, du lundi au vendredi<\/td>\n<\/tr>\n<tr>\n<td class=\"celdas-izq\">Dur\u00e9e<\/td>\n<td class=\"celdas-dcha\">Minimum : 3 mois de stage dans une entreprise<\/td>\n<\/tr>\n<tr class=\"fondo-color\">\n<td class=\"celdas-izq\">Niveaux<\/td>\n<td class=\"celdas-dcha\">\u00c0 partir de B1<\/td>\n<\/tr>\n<tr>\n<td class=\"celdas-izq\">Horaires<\/td>\n<td class=\"celdas-dcha\">D\u00e9termin\u00e9s par la soci\u00e9t\u00e9. Peuvent \u00eatre \u00e0 temps partiel ou \u00e0 temps plein (8 heures par jour) du lundi au vendredi<\/td>\n<\/tr>\n<tr class=\"fondo-color\">\n<td class=\"celdas-izq\">Max. et min. \u00e2ge<\/td>\n<td class=\"celdas-dcha\">18 \u2013 30<\/td>\n<\/tr>\n<tr class=\"fondo-color\">\n<td class=\"celdas-izq\">Disponibilit\u00e9<\/td>\n<td class=\"celdas-dcha\">Toute l\u2019ann\u00e9e<\/td>\n<\/tr>\n<tr>\n<td class=\"celdas-izq\">Frais d\u2019inscription<\/td>\n<td class=\"celdas-dcha\"><strong>45\u20ac<\/strong><\/td>\n<\/tr>\n<\/tbody>\n<\/table>\n","protected":false},"excerpt":{"rendered":"<p>Ce programme consiste en 4 cours par semaine de 45 minutes chacun, 2 jours par semaine et il ne se limite pas seulement aux Au Pair. Les \u00e9tudiants Erasmus ou d&rsquo;autres \u00e9changes internationaux et les autres personnes qui n&rsquo;ont pas beaucoup de temps pour apprendre l&rsquo;espagnol pendant la semaine trouveront \u00e9galement un bon alli\u00e9 dans ce cours, puisqu&rsquo;il leur permet de combiner leur travail et leurs \u00e9tudes avec des cours d&rsquo;espagnol flexibles et efficaces.<\/p>\n<p style=\"text-align:center;\"><a href=\"\/fr\/c\/cours-despagnol-stages-madrid\/\" title=\"En savoir plus sur le cours: Cours d\u2019Espagnol et stages \u00e0 Madrid\n\" class=\"buttonaction\">En savoir plus sur ce cours<\/a><\/p>\n","protected":false},"featured_media":5708,"template":"","meta":[],"product_cat":[166],"product_tag":[],"_links":{"self":[{"href":"https:\/\/dev.tandemmadrid.com\/fr\/wp-json\/wp\/v2\/product\/11475"}],"collection":[{"href":"https:\/\/dev.tandemmadrid.com\/fr\/wp-json\/wp\/v2\/product"}],"about":[{"href":"https:\/\/dev.tandemmadrid.com\/fr\/wp-json\/wp\/v2\/types\/product"}],"version-history":[{"count":0,"href":"https:\/\/dev.tandemmadrid.com\/fr\/wp-json\/wp\/v2\/product\/11475\/revisions"}],"wp:featuredmedia":[{"embeddable":true,"href":"https:\/\/dev.tandemmadrid.com\/fr\/wp-json\/wp\/v2\/media\/5708"}],"wp:attachment":[{"href":"https:\/\/dev.tandemmadrid.com\/fr\/wp-json\/wp\/v2\/media?parent=11475"}],"wp:term":[{"taxonomy":"product_cat","embeddable":true,"href":"https:\/\/dev.tandemmadrid.com\/fr\/wp-json\/wp\/v2\/product_cat?post=11475"},{"taxonomy":"product_tag","embeddable":true,"href":"https:\/\/dev.tandemmadrid.com\/fr\/wp-json\/wp\/v2\/product_tag?post=11475"}],"curies":[{"name":"wp","href":"https:\/\/api.w.org\/{rel}","templated":true}]}}