
{"id":11476,"date":"2023-10-10T18:18:48","date_gmt":"2023-10-10T16:18:48","guid":{"rendered":"https:\/\/dev.tandemmadrid.com\/shop\/reservez-le-cours-lespagnol-et-la-passion-de-la-cuisine-gastronomique\/"},"modified":"2024-02-07T10:05:00","modified_gmt":"2024-02-07T09:05:00","slug":"passion-cuisine-gastronomique","status":"publish","type":"product","link":"https:\/\/dev.tandemmadrid.com\/fr\/boutique\/passion-cuisine-gastronomique\/","title":{"rendered":"R\u00e9servez le cours : L&rsquo;espagnol et la passion de la cuisine gastronomique"},"content":{"rendered":"<table class=\"tabla-cursos\" border=\"1\">\n<tbody>\n<tr>\n<td class=\"celdas-izq\">Date de d\u00e9but<\/td>\n<td class=\"celdas-dcha\">Tous les lundis de l\u2019ann\u00e9e<\/td>\n<\/tr>\n<tr class=\"fondo-color\">\n<td class=\"celdas-izq\">Le\u00e7ons par semaine<\/td>\n<td class=\"celdas-dcha\">20 le\u00e7ons\/semaine d\u2019espagnol \u2013 4 le\u00e7ons\/jour + 2 le\u00e7ons\/semaine d\u2019espagnol et conversation \u00e0 partir du niveau A2.<\/td>\n<\/tr>\n<tr>\n<td class=\"celdas-izq\">Dur\u00e9e<\/td>\n<td class=\"celdas-dcha\">Minimum 1 semaine de cours d\u2019Espagnol<\/td>\n<\/tr>\n<tr class=\"fondo-color\">\n<td class=\"celdas-izq\">Niveaux<\/td>\n<td class=\"celdas-dcha\">Tous les niveaux<\/td>\n<\/tr>\n<tr>\n<td class=\"celdas-izq\">Horaires<\/td>\n<td class=\"celdas-dcha\">\n<p style=\"display: block; text-align: center;\" id=\"txtelink2\"><a target=\"_self\" class=\"dt-sc-button small\" style=\"background-color: #1e73be; border-color: #1e73be; color: #ffffff;\" onclick=\"JavaScript:toggle_visibility('txtexp2');JavaScript:toggle_visibility('txtelink2');\" rel=\"noopener\">Voir horaires<\/a><\/p>\n<div id=\"txtexp2\" style=\"display: none;\">\n<div style=\"width: 100%;text-align: center\">\n<p><b> Horaires du matin <\/b><\/p>\n<p>09:30 \u00e0 11:00 Cours<\/p>\n<p>11:00 \u00e0 11:30 Pause<\/p>\n<p>11:30 \u00e0 13:00 Cours<\/p>\n<p><b> Horaire de l\u2019apr\u00e8s-midi <\/b><\/p>\n<p>15:00 \u00e0 16:30 Cours<\/p>\n<p>16:30 \u00e0 17:00 Pause<\/p>\n<p>17:00 \u00e0 18:30 Cours\n<\/p>\n<\/div>\n<div>\n<ol style=\"text-align: left\">\n<li><strong>Janvier \u00e0 mai:<\/strong> Horaire du matin seulement.<\/li>\n<li><strong>Juin \u00e0 septembre: <\/strong> Certains groupes feront les horaires du matin et d&rsquo;autres seront programm\u00e9s dans l&rsquo;apr\u00e8s-midi.<\/li>\n<li><strong>Le nombre maximum d\u2019\u00e9tudiants <\/strong>par classe est de 10, le minimum est de 4 ; si le nombre d&rsquo;\u00e9l\u00e8ves par classe est inf\u00e9rieur \u00e0 4, l&rsquo;\u00e9cole r\u00e9duira le nombre de classes de moiti\u00e9.<\/li>\n<\/ol>\n<\/div>\n<p><a target=\"_self\" class=\"dt-sc-button small\" style=\"background-color: #1e73be; border-color: #1e73be; color: #ffffff;\" onclick=\"JavaScript:toggle_visibility('txtexp2');JavaScript:toggle_visibility('txtelink2');\" rel=\"noopener\">Fermer<\/a><\/p>\n<\/div>\n<\/td>\n<\/tr>\n<tr class=\"fondo-color\">\n<td class=\"celdas-izq\">L\u2019\u00e2ge minimum<\/td>\n<td class=\"celdas-dcha\">18<\/td>\n<\/tr>\n<tr>\n<td class=\"celdas-izq\">Disponibilit\u00e9<\/td>\n<td class=\"celdas-dcha\">Toute l\u2019ann\u00e9e<\/td>\n<\/tr>\n<tr>\n<td class=\"celdas-izq\">Frais d\u2019inscription<\/td>\n<td class=\"celdas-dcha\"><strong>50\u20ac<\/strong><\/td>\n<\/tr>\n<\/tbody>\n<\/table>\n","protected":false},"excerpt":{"rendered":"<p>Le \u00ab\u00a0Cours d&rsquo;Espagnol et de Passion Gourmande\u00a0\u00bb de TANDEM Madrid a \u00e9t\u00e9 con\u00e7u pour les personnes de plus de 18 ans qui ont n&rsquo;importe quel niveau d&rsquo;espagnol. Madrid ne trouvera pas seulement le chemin de votre c\u0153ur \u00e0 travers ses habitants et sa culture, mais aussi \u00e0 travers votre estomac.<br \/>\nTANDEM Madrid veut vous aider \u00e0 d\u00e9couvrir Madrid et sa cuisine. C&rsquo;est pourquoi nous proposons un programme sp\u00e9cial combinant l&rsquo;apprentissage de l&rsquo;espagnol (20 le\u00e7ons d&rsquo;espagnol par semaine, 4 le\u00e7ons par jour de 45 minutes chacune) et des activit\u00e9s gourmandes.<\/p>\n<p style=\"text-align:center;\"><a href=\"\/fr\/c\/cours-espagnol-passion-cuisine-gourmet\/\" title=\"En savoir plus sur le cours : L'espagnol et une passion pour la cuisine gastronomique\" class=\"buttonaction\">En savoir plus sur ce cours<\/a><\/p>\n","protected":false},"featured_media":6670,"template":"","meta":[],"product_cat":[170,173],"product_tag":[],"_links":{"self":[{"href":"https:\/\/dev.tandemmadrid.com\/fr\/wp-json\/wp\/v2\/product\/11476"}],"collection":[{"href":"https:\/\/dev.tandemmadrid.com\/fr\/wp-json\/wp\/v2\/product"}],"about":[{"href":"https:\/\/dev.tandemmadrid.com\/fr\/wp-json\/wp\/v2\/types\/product"}],"version-history":[{"count":0,"href":"https:\/\/dev.tandemmadrid.com\/fr\/wp-json\/wp\/v2\/product\/11476\/revisions"}],"wp:featuredmedia":[{"embeddable":true,"href":"https:\/\/dev.tandemmadrid.com\/fr\/wp-json\/wp\/v2\/media\/6670"}],"wp:attachment":[{"href":"https:\/\/dev.tandemmadrid.com\/fr\/wp-json\/wp\/v2\/media?parent=11476"}],"wp:term":[{"taxonomy":"product_cat","embeddable":true,"href":"https:\/\/dev.tandemmadrid.com\/fr\/wp-json\/wp\/v2\/product_cat?post=11476"},{"taxonomy":"product_tag","embeddable":true,"href":"https:\/\/dev.tandemmadrid.com\/fr\/wp-json\/wp\/v2\/product_tag?post=11476"}],"curies":[{"name":"wp","href":"https:\/\/api.w.org\/{rel}","templated":true}]}}