
{"id":11477,"date":"2023-10-10T17:19:50","date_gmt":"2023-10-10T15:19:50","guid":{"rendered":"https:\/\/dev.tandemmadrid.com\/shop\/reservez-le-cours-lespagnol-et-la-passion-de-lart\/"},"modified":"2024-02-07T10:21:53","modified_gmt":"2024-02-07T09:21:53","slug":"passion-art","status":"publish","type":"product","link":"https:\/\/dev.tandemmadrid.com\/fr\/boutique\/passion-art\/","title":{"rendered":"R\u00e9servez le cours : L&rsquo;espagnol et la passion de l&rsquo;art"},"content":{"rendered":"<table class=\"tabla-cursos\" border=\"1\">\n<tbody>\n<tr>\n<td class=\"celdas-izq\">Date de d\u00e9but<\/td>\n<td class=\"celdas-dcha\">TOUTE lundi de l\u2019ann\u00e9e<\/td>\n<\/tr>\n<tr class=\"fondo-color\">\n<td class=\"celdas-izq\">Le\u00e7ons par semaine<\/td>\n<td class=\"celdas-dcha\">20 le\u00e7ons\/semaine d\u2019espagnol \u2013 4 le\u00e7ons\/jour + 2 le\u00e7ons\/semaine d\u2019espagnol et conversation \u00e0 partir du niveau A2.<\/td>\n<\/tr>\n<tr>\n<td class=\"celdas-izq\">Dur\u00e9e<\/td>\n<td class=\"celdas-dcha\">1 semaine de cours d\u2019Espagnol minimum + 2 visites de mus\u00e9es accompagn\u00e9s par un professeur d\u2019art.<\/td>\n<\/tr>\n<tr class=\"fondo-color\">\n<td class=\"celdas-izq\">Niveaux<\/td>\n<td class=\"celdas-dcha\">Tous les niveaux<\/td>\n<\/tr>\n<tr class=\"fondo-color\">\n<td class=\"celdas-izq\">Dur\u00e9e de chaque le\u00e7on<\/td>\n<td class=\"celdas-dcha\">45 min<\/td>\n<\/tr>\n<tr class=\"fondo-color\">\n<td class=\"celdas-izq\">\u00c2ge minimum<\/td>\n<td class=\"celdas-dcha\">18<\/td>\n<\/tr>\n<tr class=\"fondo-color\">\n<td class=\"celdas-izq\">Activit\u00e9s culturelles<\/td>\n<td class=\"celdas-dcha\">1 visite au mus\u00e9e du Prado + 1 visite au Mus\u00e9e Thyssen-Bornemisza ou Mus\u00e9e Reina Sof\u00eda<\/td>\n<\/tr>\n<tr>\n<td class=\"celdas-izq\">Disponibilit\u00e9<\/td>\n<td class=\"celdas-dcha\">Toute l\u2019ann\u00e9e<\/td>\n<\/tr>\n<tr>\n<td class=\"celdas-izq\">Frais d\u2019inscription<\/td>\n<td class=\"celdas-dcha\"><strong>50\u20ac<\/strong><\/td>\n<\/tr>\n<\/tbody>\n<\/table>\n","protected":false},"excerpt":{"rendered":"<p>Afin que vous sachiez o\u00f9 vivre et que vous puissiez vivre la culture \u00e0 grande \u00e9chelle en m\u00eame temps que la passion, TANDEM Madrid vous invite \u00e0 profiter de ces trois grands mus\u00e9es, le Thyssen, le Prado et le Reina Sofia, qui sont situ\u00e9s \u00e0 proximit\u00e9 de notre \u00e9cole, tout en apprenant l&rsquo;espagnol.<\/p>\n<p>Comprend 2 visites de mus\u00e9es par semaine. S\u00e9lectionnez des services suppl\u00e9mentaires pour des visites additionnelles.<\/p>\n<p style=\"text-align:center;\"><a href=\"\/fr\/c\/cours-espagnol-passion-art\/\" title=\"En savoir plus sur le cours : L'espagnol et la passion de l'art\" class=\"buttonaction\">En savoir plus sur ce cours<\/a><\/p>\n","protected":false},"featured_media":6655,"template":"","meta":[],"product_cat":[170,173],"product_tag":[],"_links":{"self":[{"href":"https:\/\/dev.tandemmadrid.com\/fr\/wp-json\/wp\/v2\/product\/11477"}],"collection":[{"href":"https:\/\/dev.tandemmadrid.com\/fr\/wp-json\/wp\/v2\/product"}],"about":[{"href":"https:\/\/dev.tandemmadrid.com\/fr\/wp-json\/wp\/v2\/types\/product"}],"version-history":[{"count":0,"href":"https:\/\/dev.tandemmadrid.com\/fr\/wp-json\/wp\/v2\/product\/11477\/revisions"}],"wp:featuredmedia":[{"embeddable":true,"href":"https:\/\/dev.tandemmadrid.com\/fr\/wp-json\/wp\/v2\/media\/6655"}],"wp:attachment":[{"href":"https:\/\/dev.tandemmadrid.com\/fr\/wp-json\/wp\/v2\/media?parent=11477"}],"wp:term":[{"taxonomy":"product_cat","embeddable":true,"href":"https:\/\/dev.tandemmadrid.com\/fr\/wp-json\/wp\/v2\/product_cat?post=11477"},{"taxonomy":"product_tag","embeddable":true,"href":"https:\/\/dev.tandemmadrid.com\/fr\/wp-json\/wp\/v2\/product_tag?post=11477"}],"curies":[{"name":"wp","href":"https:\/\/api.w.org\/{rel}","templated":true}]}}