
{"id":11478,"date":"2023-10-10T18:49:00","date_gmt":"2023-10-10T16:49:00","guid":{"rendered":"https:\/\/dev.tandemmadrid.com\/shop\/reservez-le-cours-lespagnol-et-une-passion-pour-la-vie-nocturne-de-madrid\/"},"modified":"2024-02-07T10:38:41","modified_gmt":"2024-02-07T09:38:41","slug":"passion-vie-nocturne-madrid","status":"publish","type":"product","link":"https:\/\/dev.tandemmadrid.com\/fr\/boutique\/passion-vie-nocturne-madrid\/","title":{"rendered":"R\u00e9servez le cours : L&rsquo;espagnol et une passion pour la vie nocturne de Madrid"},"content":{"rendered":"<table class=\"tabla-cursos\" width=\"100%\">\n<tbody>\n<tr>\n<td class=\"celdas-izq\"><strong>Dates du d\u00e9but<\/strong><\/td>\n<td class=\"celdas-dcha\">TOUS LES JOURS DE L\u2019ANN\u00c9E<\/td>\n<\/tr>\n<tr>\n<td class=\"celdas-izq\"><strong>Le\u00e7ons par semaine<\/strong><\/td>\n<td class=\"celdas-dcha\">20 le\u00e7ons\/semaine \u2013 4 le\u00e7ons\/jour + 2 le\u00e7ons\/semaine d\u2019espagnol et conversation \u00e0 partir du niveau A2<\/td>\n<\/tr>\n<tr>\n<td class=\"celdas-izq\"><strong>Dur\u00e9e<\/strong><\/td>\n<td class=\"celdas-dcha\">1 semaine de cours d\u2019espagnol minimum + 2 activit\u00e9s accompagn\u00e9s \u00ab&nbsp;d\u2019Insiders&nbsp;\u00bb<\/td>\n<\/tr>\n<tr>\n<td class=\"celdas-izq\"><strong>Niveaux<\/strong><\/td>\n<td class=\"celdas-dcha\">Tous les niveaux<\/td>\n<\/tr>\n<tr>\n<td class=\"celdas-izq\"><strong>Dur\u00e9e de chaque le\u00e7on<\/strong><\/td>\n<td class=\"celdas-dcha\">45 min<\/td>\n<\/tr>\n<tr>\n<td class=\"celdas-izq\"><strong>\u00c2ge minimal<\/strong><\/td>\n<td class=\"celdas-dcha\">18 ans<\/td>\n<\/tr>\n<tr>\n<td class=\"celdas-izq\"><strong>Activit\u00e9s culturelles<\/strong><\/td>\n<td class=\"celdas-dcha\">\n<p>Visite au quartier Malasa\u00f1a &nbsp;+ Visite au quartier Chueca<\/p>\n<\/td>\n<\/tr>\n<tr>\n<td class=\"celdas-izq\"><strong>Disponibilit\u00e9<\/strong><\/td>\n<td class=\"celdas-dcha\">Toute l\u2019ann\u00e9e<\/td>\n<\/tr>\n<tr>\n<td class=\"celdas-izq\"><strong>Frais d\u2019inscription<\/strong><\/td>\n<td class=\"celdas-dcha\">50\u20ac.<\/td>\n<\/tr>\n<\/tbody>\n<\/table>\n","protected":false},"excerpt":{"rendered":"<p>Le cours d&rsquo;espagnol et la passion pour la vie nocturne de Madrid comprend 20 le\u00e7ons par semaine (4 le\u00e7ons de 45 minutes par jour) et deux accompagnements par un professeur-guide sp\u00e9cialis\u00e9.<br \/>\nPour vous inscrire \u00e0 ce programme, vous devez \u00eatre \u00e2g\u00e9 d&rsquo;au moins 18 ans. Il importe peu que vous ayez des connaissances pr\u00e9alables en espagnol ou non car le cours est adapt\u00e9 \u00e0 tous les niveaux.<\/p>\n<p style=\"text-align:center;\"><a href=\"\/fr\/c\/espagnol-vie-nocturne-madrid\/\" title=\"En savoir plus sur le cours : L'espagnol et une passion pour la vie nocturne de Madrid\" class=\"buttonaction\">En savoir plus sur ce cours<\/a><\/p>\n","protected":false},"featured_media":7382,"template":"","meta":[],"product_cat":[170,173],"product_tag":[],"_links":{"self":[{"href":"https:\/\/dev.tandemmadrid.com\/fr\/wp-json\/wp\/v2\/product\/11478"}],"collection":[{"href":"https:\/\/dev.tandemmadrid.com\/fr\/wp-json\/wp\/v2\/product"}],"about":[{"href":"https:\/\/dev.tandemmadrid.com\/fr\/wp-json\/wp\/v2\/types\/product"}],"version-history":[{"count":0,"href":"https:\/\/dev.tandemmadrid.com\/fr\/wp-json\/wp\/v2\/product\/11478\/revisions"}],"wp:featuredmedia":[{"embeddable":true,"href":"https:\/\/dev.tandemmadrid.com\/fr\/wp-json\/wp\/v2\/media\/7382"}],"wp:attachment":[{"href":"https:\/\/dev.tandemmadrid.com\/fr\/wp-json\/wp\/v2\/media?parent=11478"}],"wp:term":[{"taxonomy":"product_cat","embeddable":true,"href":"https:\/\/dev.tandemmadrid.com\/fr\/wp-json\/wp\/v2\/product_cat?post=11478"},{"taxonomy":"product_tag","embeddable":true,"href":"https:\/\/dev.tandemmadrid.com\/fr\/wp-json\/wp\/v2\/product_tag?post=11478"}],"curies":[{"name":"wp","href":"https:\/\/api.w.org\/{rel}","templated":true}]}}