
{"id":11479,"date":"2023-10-10T18:06:31","date_gmt":"2023-10-10T16:06:31","guid":{"rendered":"https:\/\/dev.tandemmadrid.com\/shop\/reservez-le-cours-lespagnol-et-la-passion-de-la-mode\/"},"modified":"2024-02-07T10:39:33","modified_gmt":"2024-02-07T09:39:33","slug":"passion-mode","status":"publish","type":"product","link":"https:\/\/dev.tandemmadrid.com\/fr\/boutique\/passion-mode\/","title":{"rendered":"R\u00e9servez le cours : L&rsquo;espagnol et la passion de la mode"},"content":{"rendered":"<table class=\"tabla-cursos\" width=\"100%\">\n<tbody>\n<tr>\n<td class=\"celdas-izq\"><strong>Dates de d\u00e9but<\/strong><\/td>\n<td class=\"celdas-dcha\">TOUS LES LUNDIS DE L\u2019ANN\u00c9E.<\/td>\n<\/tr>\n<tr>\n<td class=\"celdas-izq\"><strong>Le\u00e7ons par semaine<\/strong><\/td>\n<td class=\"celdas-dcha\">20 le\u00e7ons\/semaine \u2013 4 le\u00e7ons\/jour + 2 le\u00e7ons\/semaine d\u2019espagnol et conversation \u00e0 partir du niveau A2<\/td>\n<\/tr>\n<tr>\n<td class=\"celdas-izq\"><strong>Dur\u00e9e<\/strong><\/td>\n<td class=\"celdas-dcha\">Cours d\u2019espagnol d\u2019une semaine minimum + 2 visites \u00e0 des mus\u00e9es accompagn\u00e9s d\u2019un guide sp\u00e9cialis\u00e9<\/td>\n<\/tr>\n<tr>\n<td class=\"celdas-izq\"><strong>Niveaux<\/strong><\/td>\n<td class=\"celdas-dcha\">Tous les niveaux<\/td>\n<\/tr>\n<tr>\n<td class=\"celdas-izq\"><strong>Dur\u00e9e de chaque le\u00e7on<\/strong><\/td>\n<td class=\"celdas-dcha\">45 min<\/td>\n<\/tr>\n<tr>\n<td class=\"celdas-izq\"><strong>\u00c2ge minimal<\/strong><\/td>\n<td class=\"celdas-dcha\">18 ans<\/td>\n<\/tr>\n<tr>\n<td class=\"celdas-izq\"><strong>Activit\u00e9s culturelles<\/strong><\/td>\n<td class=\"celdas-dcha\">\n<p>1 visite au Mus\u00e9e du Costume + 1 sortie shopping \u00e0 la Mille d\u2019Or ou \u00e0 Las Rozas Village<\/p>\n<\/td>\n<\/tr>\n<tr>\n<td class=\"celdas-izq\"><strong>Disponibilit\u00e9<\/strong><\/td>\n<td class=\"celdas-dcha\">Toute l\u2019ann\u00e9e<\/td>\n<\/tr>\n<tr>\n<td class=\"celdas-izq\"><strong>Frais d\u2019inscription<\/strong><\/td>\n<td class=\"celdas-dcha\">50\u20ac.<\/td>\n<\/tr>\n<\/tbody>\n<\/table>\n","protected":false},"excerpt":{"rendered":"<p>Madrid a dans la mode l&rsquo;une des meilleures fa\u00e7ons de d\u00e9couvrir la ville. L&rsquo;Espagne a laiss\u00e9 son empreinte dans des entreprises de mode de renomm\u00e9e internationale qui ont leurs flagships dans la capitale.<br \/>\nLe cours d&rsquo;espagnol et de passion pour la mode comprend 20 le\u00e7ons par semaine (4 le\u00e7ons de 45 minutes par jour) et 2 le\u00e7ons accompagn\u00e9es d&rsquo;un professeur-guide expert.<\/p>\n<p style=\"text-align:center;\"><a href=\"\/fr\/c\/espagnol-mode\/\" title=\"En savoir plus sur le cours : L'espagnol et la passion de la mode\" class=\"buttonaction\">En savoir plus sur ce cours<\/a><\/p>\n","protected":false},"featured_media":7389,"template":"","meta":[],"product_cat":[170,173],"product_tag":[],"_links":{"self":[{"href":"https:\/\/dev.tandemmadrid.com\/fr\/wp-json\/wp\/v2\/product\/11479"}],"collection":[{"href":"https:\/\/dev.tandemmadrid.com\/fr\/wp-json\/wp\/v2\/product"}],"about":[{"href":"https:\/\/dev.tandemmadrid.com\/fr\/wp-json\/wp\/v2\/types\/product"}],"version-history":[{"count":0,"href":"https:\/\/dev.tandemmadrid.com\/fr\/wp-json\/wp\/v2\/product\/11479\/revisions"}],"wp:featuredmedia":[{"embeddable":true,"href":"https:\/\/dev.tandemmadrid.com\/fr\/wp-json\/wp\/v2\/media\/7389"}],"wp:attachment":[{"href":"https:\/\/dev.tandemmadrid.com\/fr\/wp-json\/wp\/v2\/media?parent=11479"}],"wp:term":[{"taxonomy":"product_cat","embeddable":true,"href":"https:\/\/dev.tandemmadrid.com\/fr\/wp-json\/wp\/v2\/product_cat?post=11479"},{"taxonomy":"product_tag","embeddable":true,"href":"https:\/\/dev.tandemmadrid.com\/fr\/wp-json\/wp\/v2\/product_tag?post=11479"}],"curies":[{"name":"wp","href":"https:\/\/api.w.org\/{rel}","templated":true}]}}