
{"id":11480,"date":"2023-10-10T16:50:08","date_gmt":"2023-10-10T14:50:08","guid":{"rendered":"https:\/\/dev.tandemmadrid.com\/shop\/reservez-le-cours-lespagnol-et-une-passion-pour-les-quartiers-sympas-de-madrid\/"},"modified":"2024-02-07T10:36:27","modified_gmt":"2024-02-07T09:36:27","slug":"passion-quartiers-sympas-madrid","status":"publish","type":"product","link":"https:\/\/dev.tandemmadrid.com\/fr\/boutique\/passion-quartiers-sympas-madrid\/","title":{"rendered":"R\u00e9servez le cours : L&rsquo;espagnol et une passion pour les quartiers sympas de Madrid"},"content":{"rendered":"<table class=\"tabla-cursos\" border=\"1\">\n<tbody>\n<tr>\n<td class=\"celdas-izq\">Date de d\u00e9but<\/td>\n<td class=\"celdas-dcha\">TOUS les lundi de l\u2019ann\u00e9e<\/td>\n<\/tr>\n<tr class=\"fondo-color\">\n<td class=\"celdas-izq\">Le\u00e7ons par semaine<\/td>\n<td class=\"celdas-dcha\">20 le\u00e7ons \/ semaine \u2013 4 le\u00e7ons \/ jour + 2 le\u00e7ons\/semaine d\u2019espagnol et conversation \u00e0 partir du niveau A2<\/td>\n<\/tr>\n<tr>\n<td class=\"celdas-izq\">Dur\u00e9e<\/td>\n<td class=\"celdas-dcha\">Minimum 1 semaine de cours d\u2019Espagnol<\/td>\n<\/tr>\n<tr class=\"fondo-color\">\n<td class=\"celdas-izq\">Niveaux<\/td>\n<td class=\"celdas-dcha\">Tous les niveaux<\/td>\n<\/tr>\n<tr class=\"fondo-color\">\n<td class=\"celdas-izq\">\u00c2ge minimum<\/td>\n<td class=\"celdas-dcha\">18<\/td>\n<\/tr>\n<tr class=\"fondo-color\">\n<td class=\"celdas-izq\">Activit\u00e9s culturelles<\/td>\n<td class=\"celdas-dcha\">\n<p>Exemples,: visite \u00e0 Chueca, visite du quartier de Salamanca, visite \u00e0 Madrid de los Austrias et Madrid de los Borbones (Habsbourg et legs de Bourbon).<\/p>\n<\/td>\n<\/tr>\n<tr>\n<td class=\"celdas-izq\">Disponibilit\u00e9<\/td>\n<td class=\"celdas-dcha\">Toute l\u2019ann\u00e9e<\/td>\n<\/tr>\n<tr>\n<td class=\"celdas-izq\">Frais d\u2019inscription<\/td>\n<td class=\"celdas-dcha\"><strong>50\u20ac<\/strong><\/td>\n<\/tr>\n<\/tbody>\n<\/table>\n","protected":false},"excerpt":{"rendered":"<p>Les quartiers de Madrid repr\u00e9sentent l&rsquo;essence de la vie dans cette ville dynamique. \u00c0 Madrid, vous trouverez une vie de rue joyeuse, sp\u00e9ciale et unique o\u00f9 tout le monde est le bienvenu.<br \/>\nLe cours consiste en 20 le\u00e7ons par semaine, 4 le\u00e7ons d&rsquo;espagnol de 45 minutes chaque matin, et des activit\u00e9s culturelles l&rsquo;apr\u00e8s-midi comme la visite du quartier de Chueca, du quartier de Salamanca, du Madrid des Austrias et des Borbones et d&rsquo;autres endroits int\u00e9ressants.<\/p>\n<p style=\"text-align:center;\"><a href=\"\/fr\/c\/cours-espagnol-passion-quartiers-branches-madrid\/\" title=\"En savoir plus sur le cours : L'espagnol et une passion pour les quartiers sympas de Madrid\" class=\"buttonaction\">En savoir plus sur ce cours<\/a><\/p>\n","protected":false},"featured_media":7397,"template":"","meta":[],"product_cat":[170,173],"product_tag":[],"_links":{"self":[{"href":"https:\/\/dev.tandemmadrid.com\/fr\/wp-json\/wp\/v2\/product\/11480"}],"collection":[{"href":"https:\/\/dev.tandemmadrid.com\/fr\/wp-json\/wp\/v2\/product"}],"about":[{"href":"https:\/\/dev.tandemmadrid.com\/fr\/wp-json\/wp\/v2\/types\/product"}],"version-history":[{"count":0,"href":"https:\/\/dev.tandemmadrid.com\/fr\/wp-json\/wp\/v2\/product\/11480\/revisions"}],"wp:featuredmedia":[{"embeddable":true,"href":"https:\/\/dev.tandemmadrid.com\/fr\/wp-json\/wp\/v2\/media\/7397"}],"wp:attachment":[{"href":"https:\/\/dev.tandemmadrid.com\/fr\/wp-json\/wp\/v2\/media?parent=11480"}],"wp:term":[{"taxonomy":"product_cat","embeddable":true,"href":"https:\/\/dev.tandemmadrid.com\/fr\/wp-json\/wp\/v2\/product_cat?post=11480"},{"taxonomy":"product_tag","embeddable":true,"href":"https:\/\/dev.tandemmadrid.com\/fr\/wp-json\/wp\/v2\/product_tag?post=11480"}],"curies":[{"name":"wp","href":"https:\/\/api.w.org\/{rel}","templated":true}]}}