
{"id":11483,"date":"2023-10-10T16:47:05","date_gmt":"2023-10-10T14:47:05","guid":{"rendered":"https:\/\/dev.tandemmadrid.com\/shop\/reservez-le-cours-lespagnol-et-la-passion-du-cinema-dalmodovar\/"},"modified":"2024-02-07T10:46:15","modified_gmt":"2024-02-07T09:46:15","slug":"passion-cinema-almodovar","status":"publish","type":"product","link":"https:\/\/dev.tandemmadrid.com\/fr\/boutique\/passion-cinema-almodovar\/","title":{"rendered":"R\u00e9servez le cours : L&rsquo;espagnol et la passion du cin\u00e9ma d&rsquo;Almodovar"},"content":{"rendered":"<table class=\"tabla-cursos\" border=\"1\">\n<tbody>\n<tr>\n<td class=\"celdas-izq\">Date de d\u00e9but<\/td>\n<td class=\"celdas-dcha\">Tous les lundis de l\u2019ann\u00e9e<\/td>\n<\/tr>\n<tr class=\"fondo-color\">\n<td class=\"celdas-izq\">Le\u00e7ons par semaine<\/td>\n<td class=\"celdas-dcha\">20 le\u00e7ons \/ semaine \u2013 4 le\u00e7ons \/ jour + 2 le\u00e7ons\/semaine d\u2019espagnol et conversation \u00e0 partir du niveau A2<\/td>\n<\/tr>\n<tr>\n<td class=\"celdas-izq\">Dur\u00e9e<\/td>\n<td class=\"celdas-dcha\">Minimum 1 semaine de cours d\u2019Espagnol<\/td>\n<\/tr>\n<tr class=\"fondo-color\">\n<td class=\"celdas-izq\">Niveaux<\/td>\n<td class=\"celdas-dcha\">Tous les niveaux<\/td>\n<\/tr>\n<tr class=\"fondo-color\">\n<td class=\"celdas-izq\">Dur\u00e9e de chaque le\u00e7on<\/td>\n<td class=\"celdas-dcha\">45 min<\/td>\n<\/tr>\n<tr>\n<td class=\"celdas-izq\">\u00c2ge minimum<\/td>\n<td class=\"celdas-dcha\">18<\/td>\n<\/tr>\n<tr class=\"fondo-color\">\n<td class=\"celdas-izq\">Activit\u00e9s Culturelles<\/td>\n<td class=\"celdas-dcha\">1 visite des lieux les plus embl\u00e9matiques de Madrid, qui apparaissent dans les films Almod\u00f3var + 1 cours de cin\u00e9ma Almod\u00f3var + 1 s\u00e9ance de cin\u00e9ma Almod\u00f3var.<\/td>\n<\/tr>\n<tr>\n<td class=\"celdas-izq\">Disponibilit\u00e9<\/td>\n<td class=\"celdas-dcha\">Tout l\u2019ann\u00e9e<\/td>\n<\/tr>\n<tr>\n<td class=\"celdas-izq\">Frais d\u2019inscription<\/td>\n<td class=\"celdas-dcha\"><strong>50\u20ac<\/strong><\/td>\n<\/tr>\n<\/tbody>\n<\/table>\n","protected":false},"excerpt":{"rendered":"<p>Dans le cours \u00ab\u00a0Espagnol et passion pour Almodovar\u00a0\u00bb de TANDEM Madrid, vous aurez non seulement la chance d&rsquo;apprendre l&rsquo;espagnol dans l&rsquo;une des meilleures \u00e9coles de langues de Madrid, mais aussi de conna\u00eetre la ville de Madrid \u00e0 travers les films de ce merveilleux cin\u00e9aste.<br \/>\nCe programme, qui n&rsquo;est disponible que pour les personnes \u00e2g\u00e9es de plus de 18 ans, consiste en 20 le\u00e7ons matinales par semaine, 4 le\u00e7ons par jour< de 45 minutes chacune. Les apr\u00e8s-midi, des activit\u00e9s culturelles sont pr\u00e9vues, notamment une visite des lieux les plus embl\u00e9matiques de Madrid qui apparaissent dans les films d'Almodovar, un cours sur le cin\u00e9ma et une soir\u00e9e cin\u00e9ma autour du Madrid d'Almodovar et de la \"Movida Madrile\u00f1a\".\n\n\n\n<p style=\"text-align:center;\"><a href=\"\/fr\/c\/cours-espagnol-passion-cinema-almodovar\/ title=\"En savoir plus sur le cours : L'espagnol et la passion du cin\u00e9ma d'Almodovar\" class=\"buttonaction\">En savoir plus sur ce cours<\/a><\/p>\n","protected":false},"featured_media":7404,"template":"","meta":[],"product_cat":[170,173],"product_tag":[],"_links":{"self":[{"href":"https:\/\/dev.tandemmadrid.com\/fr\/wp-json\/wp\/v2\/product\/11483"}],"collection":[{"href":"https:\/\/dev.tandemmadrid.com\/fr\/wp-json\/wp\/v2\/product"}],"about":[{"href":"https:\/\/dev.tandemmadrid.com\/fr\/wp-json\/wp\/v2\/types\/product"}],"version-history":[{"count":0,"href":"https:\/\/dev.tandemmadrid.com\/fr\/wp-json\/wp\/v2\/product\/11483\/revisions"}],"wp:featuredmedia":[{"embeddable":true,"href":"https:\/\/dev.tandemmadrid.com\/fr\/wp-json\/wp\/v2\/media\/7404"}],"wp:attachment":[{"href":"https:\/\/dev.tandemmadrid.com\/fr\/wp-json\/wp\/v2\/media?parent=11483"}],"wp:term":[{"taxonomy":"product_cat","embeddable":true,"href":"https:\/\/dev.tandemmadrid.com\/fr\/wp-json\/wp\/v2\/product_cat?post=11483"},{"taxonomy":"product_tag","embeddable":true,"href":"https:\/\/dev.tandemmadrid.com\/fr\/wp-json\/wp\/v2\/product_tag?post=11483"}],"curies":[{"name":"wp","href":"https:\/\/api.w.org\/{rel}","templated":true}]}}