
{"id":11484,"date":"2023-10-10T16:44:13","date_gmt":"2023-10-10T14:44:13","guid":{"rendered":"https:\/\/dev.tandemmadrid.com\/shop\/reservez-le-cours-lespagnol-et-la-passion-du-vin\/"},"modified":"2024-02-07T10:52:49","modified_gmt":"2024-02-07T09:52:49","slug":"passion-vin","status":"publish","type":"product","link":"https:\/\/dev.tandemmadrid.com\/fr\/boutique\/passion-vin\/","title":{"rendered":"R\u00e9servez le cours : L&rsquo;espagnol et la passion du vin"},"content":{"rendered":"<table class=\"tabla-cursos\" border=\"1\">\n<tbody>\n<tr>\n<td class=\"celdas-izq\">Date de d\u00e9but<\/td>\n<td class=\"celdas-dcha\">Tous les lundis de l\u2019ann\u00e9e<\/td>\n<\/tr>\n<tr class=\"fondo-color\">\n<td class=\"celdas-izq\">Le\u00e7ons par semaine<\/td>\n<td class=\"celdas-dcha\">20 le\u00e7ons \/ semaine \u2013 4 le\u00e7ons \/ jour + 2 le\u00e7ons\/semaine d\u2019espagnol et conversation \u00e0 partir du niveau A2<\/td>\n<\/tr>\n<tr>\n<td class=\"celdas-izq\">Dur\u00e9e<\/td>\n<td class=\"celdas-dcha\">Minimum 1 semaine de cours d\u2019Espagnol<\/td>\n<\/tr>\n<tr class=\"fondo-color\">\n<td class=\"celdas-izq\">Niveaux<\/td>\n<td class=\"celdas-dcha\">Tous les niveaux<\/td>\n<\/tr>\n<tr class=\"fondo-color\">\n<td class=\"celdas-izq\">\u00c2ge minimum<\/td>\n<td class=\"celdas-dcha\">18<\/td>\n<\/tr>\n<tr>\n<td class=\"celdas-izq\">Disponibilit\u00e9<\/td>\n<td class=\"celdas-dcha\">Toute l\u2019ann\u00e9e<\/td>\n<\/tr>\n<tr class=\"fondo-color\">\n<td class=\"celdas-izq\">Activit\u00e9s culturelles<\/td>\n<td class=\"celdas-dcha\">Exemples : d\u00e9gustation de vin, visite de cave, 1 classe d\u2019introduction \u00e0 l\u2019art et le vin au Mus\u00e9e du Prado<\/td>\n<\/tr>\n<tr>\n<td class=\"celdas-izq\">Frais d\u2019inscription<\/td>\n<td class=\"celdas-dcha\"><strong>50\u20ac<\/strong><\/td>\n<\/tr>\n<\/tbody>\n<\/table>\n","protected":false},"excerpt":{"rendered":"<p>Dans ce programme sp\u00e9cial, l&rsquo;\u00e9tude de l&rsquo;espagnol sera combin\u00e9e avec toutes les connaissances que vous devez acqu\u00e9rir en rapport avec la culture espagnole du vin. Le matin, les \u00e9tudiants suivent 4 le\u00e7ons quotidiennes d&rsquo;espagnol, et les apr\u00e8s-midi seront consacr\u00e9s \u00e0 des activit\u00e9s culturelles li\u00e9es \u00e0 l&rsquo;\u0153nologie : d\u00e9gustations de vin, visite d&rsquo;une cave \u00e0 vin ou cours d&rsquo;introduction \u00e0 l&rsquo;art et au vin au mus\u00e9e du Prado.<\/p>\n<p style=\"text-align:center;\"><a href=\"\/fr\/c\/cours-espagnol-passion-pour-le-vin\/\" title=\"En savoir plus sur le cours : L'espagnol et la passion du vin\" class=\"buttonaction\">En savoir plus sur ce cours<\/a><\/p>\n","protected":false},"featured_media":6616,"template":"","meta":[],"product_cat":[170,173],"product_tag":[],"_links":{"self":[{"href":"https:\/\/dev.tandemmadrid.com\/fr\/wp-json\/wp\/v2\/product\/11484"}],"collection":[{"href":"https:\/\/dev.tandemmadrid.com\/fr\/wp-json\/wp\/v2\/product"}],"about":[{"href":"https:\/\/dev.tandemmadrid.com\/fr\/wp-json\/wp\/v2\/types\/product"}],"version-history":[{"count":0,"href":"https:\/\/dev.tandemmadrid.com\/fr\/wp-json\/wp\/v2\/product\/11484\/revisions"}],"wp:featuredmedia":[{"embeddable":true,"href":"https:\/\/dev.tandemmadrid.com\/fr\/wp-json\/wp\/v2\/media\/6616"}],"wp:attachment":[{"href":"https:\/\/dev.tandemmadrid.com\/fr\/wp-json\/wp\/v2\/media?parent=11484"}],"wp:term":[{"taxonomy":"product_cat","embeddable":true,"href":"https:\/\/dev.tandemmadrid.com\/fr\/wp-json\/wp\/v2\/product_cat?post=11484"},{"taxonomy":"product_tag","embeddable":true,"href":"https:\/\/dev.tandemmadrid.com\/fr\/wp-json\/wp\/v2\/product_tag?post=11484"}],"curies":[{"name":"wp","href":"https:\/\/api.w.org\/{rel}","templated":true}]}}