
{"id":11486,"date":"2023-10-10T16:52:12","date_gmt":"2023-10-10T14:52:12","guid":{"rendered":"https:\/\/dev.tandemmadrid.com\/shop\/reservez-le-cours-lespagnol-et-la-passion-des-petits-musees\/"},"modified":"2024-02-07T10:54:14","modified_gmt":"2024-02-07T09:54:14","slug":"passion-petits-musees","status":"publish","type":"product","link":"https:\/\/dev.tandemmadrid.com\/fr\/boutique\/passion-petits-musees\/","title":{"rendered":"R\u00e9servez le cours : L&rsquo;espagnol et la passion des petits mus\u00e9es"},"content":{"rendered":"<table class=\"tabla-cursos\" border=\"1\">\n<tbody>\n<tr>\n<td class=\"celdas-izq\">Date de d\u00e9but<\/td>\n<td class=\"celdas-dcha\">\n<p>Tous les lundis de l\u2019ann\u00e9e<\/p>\n<p>Les d\u00e9butants absolus doivent commencer obligatoirement le premier ou le troisi\u00e8me lundi de chaque mois<\/p>\n<\/td>\n<\/tr>\n<tr class=\"fondo-color\">\n<td class=\"celdas-izq\">Le\u00e7ons par semaine<\/td>\n<td class=\"celdas-dcha\">20 le\u00e7ons \/ semaine \u2013 4 le\u00e7ons \/ jour + 2 le\u00e7ons\/semaine d\u2019espagnol et conversation \u00e0 partir du niveau A2<\/td>\n<\/tr>\n<tr>\n<td class=\"celdas-izq\">Dur\u00e9e<\/td>\n<td class=\"celdas-dcha\">Minimum 1 semaine de cours d\u2019Espagnol<\/td>\n<\/tr>\n<tr class=\"fondo-color\">\n<td class=\"celdas-izq\">Niveaux<\/td>\n<td class=\"celdas-dcha\">Tous les niveaux<\/td>\n<\/tr>\n<tr class=\"fondo-color\">\n<td class=\"celdas-izq\">\u00c2ge minimum<\/td>\n<td class=\"celdas-dcha\">18<\/td>\n<\/tr>\n<tr>\n<td class=\"celdas-izq\">Disponibilit\u00e9<\/td>\n<td class=\"celdas-dcha\">Toute l\u2019ann\u00e9e<\/td>\n<\/tr>\n<tr class=\"fondo-color\">\n<td class=\"celdas-izq\">Activit\u00e9s culturelles<\/td>\n<td class=\"celdas-dcha\">2 visites de mus\u00e9es (parmi le mus\u00e9e Sorolla, le mus\u00e9e du romantisme ou Lazaro Galdiano)<\/td>\n<\/tr>\n<tr>\n<td class=\"celdas-izq\">Frais d\u2019inscription<\/td>\n<td class=\"celdas-dcha\"><strong>50\u20ac<\/strong><\/td>\n<\/tr>\n<\/tbody>\n<\/table>\n","protected":false},"excerpt":{"rendered":"<p>Madrid est bien plus que le \u00ab\u00a0Triangle d&rsquo;or de l&rsquo;art\u00a0\u00bb. Outre le mus\u00e9e du Prado, le mus\u00e9e Reina Sofia et le mus\u00e9e Thyssen, la ville cache dans ses murs d&rsquo;autres petits mus\u00e9es contenant des tr\u00e9sors culturels qui vous raviront.<br \/>\nLe cours comprend un forfait combinant 20 le\u00e7ons d&rsquo;espagnol par semaine (4 le\u00e7ons par jour de 45 minutes chacune) et une visite de ces trois petits mus\u00e9es de Madrid : le mus\u00e9e Sorolla, le mus\u00e9e du Romantisme et le mus\u00e9e L\u00e1zaro Galdiano.<\/p>\n<p style=\"text-align:center;\"><a href=\"\/fr\/c\/cours-espagnol-passion-petits-musees\/\" title=\"En savoir plus sur le cours : L'espagnol et la passion des petits mus\u00e9es\" class=\"buttonaction\">En savoir plus sur ce cours<\/a><\/p>\n","protected":false},"featured_media":6639,"template":"","meta":[],"product_cat":[170,173],"product_tag":[],"_links":{"self":[{"href":"https:\/\/dev.tandemmadrid.com\/fr\/wp-json\/wp\/v2\/product\/11486"}],"collection":[{"href":"https:\/\/dev.tandemmadrid.com\/fr\/wp-json\/wp\/v2\/product"}],"about":[{"href":"https:\/\/dev.tandemmadrid.com\/fr\/wp-json\/wp\/v2\/types\/product"}],"version-history":[{"count":0,"href":"https:\/\/dev.tandemmadrid.com\/fr\/wp-json\/wp\/v2\/product\/11486\/revisions"}],"wp:featuredmedia":[{"embeddable":true,"href":"https:\/\/dev.tandemmadrid.com\/fr\/wp-json\/wp\/v2\/media\/6639"}],"wp:attachment":[{"href":"https:\/\/dev.tandemmadrid.com\/fr\/wp-json\/wp\/v2\/media?parent=11486"}],"wp:term":[{"taxonomy":"product_cat","embeddable":true,"href":"https:\/\/dev.tandemmadrid.com\/fr\/wp-json\/wp\/v2\/product_cat?post=11486"},{"taxonomy":"product_tag","embeddable":true,"href":"https:\/\/dev.tandemmadrid.com\/fr\/wp-json\/wp\/v2\/product_tag?post=11486"}],"curies":[{"name":"wp","href":"https:\/\/api.w.org\/{rel}","templated":true}]}}