
{"id":11488,"date":"2023-10-10T17:00:29","date_gmt":"2023-10-10T15:00:29","guid":{"rendered":"https:\/\/dev.tandemmadrid.com\/shop\/reservez-le-cours-lespagnol-et-la-passion-du-flamenco\/"},"modified":"2024-02-07T11:04:19","modified_gmt":"2024-02-07T10:04:19","slug":"passion-flamenco","status":"publish","type":"product","link":"https:\/\/dev.tandemmadrid.com\/fr\/boutique\/passion-flamenco\/","title":{"rendered":"R\u00e9servez le cours : L&rsquo;espagnol et la passion du flamenco"},"content":{"rendered":"<table class=\"tabla-cursos\" border=\"1\">\n<tbody>\n<tr>\n<td class=\"celdas-izq\">Date de d\u00e9but<\/td>\n<td class=\"celdas-dcha\">TOUS les lundis de l\u2019ann\u00e9e<\/td>\n<\/tr>\n<tr class=\"fondo-color\">\n<td class=\"celdas-izq\">Le\u00e7ons par semaine<\/td>\n<td class=\"celdas-dcha\">20 le\u00e7ons\/semaine d\u2019espagnol \u2013 4 le\u00e7ons\/jour + 2 le\u00e7ons\/semaine d\u2019espagnol et conversation \u00e0 partir du niveau A2 + 1 le\u00e7on individuelle de flamenco de 1 heure + 1 spectacle de flamenco<\/td>\n<\/tr>\n<tr>\n<td class=\"celdas-izq\">Dur\u00e9e<\/td>\n<td class=\"celdas-dcha\">Minimum 1 semaine de cours d\u2019Espagnol<\/td>\n<\/tr>\n<tr class=\"fondo-color\">\n<td class=\"celdas-izq\">Niveaux<\/td>\n<td class=\"celdas-dcha\">Tous les niveaux<\/td>\n<\/tr>\n<tr class=\"fondo-color\">\n<td class=\"celdas-izq\">\u00c2ge minimum<\/td>\n<td class=\"celdas-dcha\">18<\/td>\n<\/tr>\n<tr class=\"fondo-color\">\n<td class=\"celdas-izq\">Activit\u00e9s culturelles<\/td>\n<td class=\"celdas-dcha\">\n<p>1 le\u00e7on individuelle de flamenco de 1 heure + 1 spectacle de flamenco par semaine.<\/p>\n<\/td>\n<\/tr>\n<tr>\n<td class=\"celdas-izq\">Disponibilit\u00e9<\/td>\n<td class=\"celdas-dcha\">Toute l\u2019ann\u00e9e<\/td>\n<\/tr>\n<tr>\n<td class=\"celdas-izq\">Frais d\u2019inscription<\/td>\n<td class=\"celdas-dcha\"><strong>50\u20ac<\/strong><\/td>\n<\/tr>\n<\/tbody>\n<\/table>\n","protected":false},"excerpt":{"rendered":"<p>Dans ce cours, vous apprendrez non seulement \u00e0 communiquer en espagnol, quel que soit votre niveau de comp\u00e9tence, mais vous ma\u00eetriserez \u00e9galement les bases du flamenco, notre danse et musique universelle la plus aim\u00e9e.<br \/>\nCe programme consiste en 20 cours de langue par semaine &#8211; 4 le\u00e7ons d&rsquo;espagnol chaque matin de 45 minutes chacune, et 5 le\u00e7ons de flamenco l&rsquo;apr\u00e8s-midi d&rsquo;une heure chacune.<\/p>\n<p style=\"text-align:center;\"><a href=\"\/fr\/c\/cours-espagnol-passion-flamenco\/\" title=\"En savoir plus sur le cours : L'espagnol et la passion du flamenco\" class=\"buttonaction\">En savoir plus sur ce cours<\/a><\/p>\n","protected":false},"featured_media":7616,"template":"","meta":[],"product_cat":[170,173],"product_tag":[],"_links":{"self":[{"href":"https:\/\/dev.tandemmadrid.com\/fr\/wp-json\/wp\/v2\/product\/11488"}],"collection":[{"href":"https:\/\/dev.tandemmadrid.com\/fr\/wp-json\/wp\/v2\/product"}],"about":[{"href":"https:\/\/dev.tandemmadrid.com\/fr\/wp-json\/wp\/v2\/types\/product"}],"version-history":[{"count":0,"href":"https:\/\/dev.tandemmadrid.com\/fr\/wp-json\/wp\/v2\/product\/11488\/revisions"}],"wp:featuredmedia":[{"embeddable":true,"href":"https:\/\/dev.tandemmadrid.com\/fr\/wp-json\/wp\/v2\/media\/7616"}],"wp:attachment":[{"href":"https:\/\/dev.tandemmadrid.com\/fr\/wp-json\/wp\/v2\/media?parent=11488"}],"wp:term":[{"taxonomy":"product_cat","embeddable":true,"href":"https:\/\/dev.tandemmadrid.com\/fr\/wp-json\/wp\/v2\/product_cat?post=11488"},{"taxonomy":"product_tag","embeddable":true,"href":"https:\/\/dev.tandemmadrid.com\/fr\/wp-json\/wp\/v2\/product_tag?post=11488"}],"curies":[{"name":"wp","href":"https:\/\/api.w.org\/{rel}","templated":true}]}}