
{"id":11489,"date":"2023-10-10T15:12:40","date_gmt":"2023-10-10T13:12:40","guid":{"rendered":"https:\/\/dev.tandemmadrid.com\/shop\/reservez-le-cours-cours-despagnol-combines\/"},"modified":"2024-02-07T11:08:55","modified_gmt":"2024-02-07T10:08:55","slug":"espagnol-combines","status":"publish","type":"product","link":"https:\/\/dev.tandemmadrid.com\/fr\/boutique\/espagnol-combines\/","title":{"rendered":"R\u00e9servez le cours : Cours d&rsquo;espagnol combin\u00e9s"},"content":{"rendered":"<table class=\"tabla-cursos\" border=\"1\">\n<tbody>\n<tr>\n<td class=\"celdas-izq\">Date de d\u00e9but<\/td>\n<td class=\"celdas-dcha\">Tous les lundis de l\u2019ann\u00e9e<\/td>\n<\/tr>\n<tr class=\"fondo-color\">\n<td class=\"celdas-izq\">Le\u00e7ons par semaine<\/td>\n<td class=\"celdas-dcha\"><strong>Cours en groupe<\/strong>: 20 le\u00e7ons d\u2019espagnol par semaine (4 le\u00e7ons par jour) + 2 le\u00e7ons par semaine d\u2019espagnol et de conversation \u00e0 partir du niveau A2. Total : 22 le\u00e7ons\/semaine.<br \/><strong>Cours priv\u00e9s<\/strong>: 10 le\u00e7ons\/semaine.<\/td>\n<\/tr>\n<tr>\n<td class=\"celdas-izq\">Dur\u00e9e<\/td>\n<td class=\"celdas-dcha\">Minimum : 1 semaine<\/td>\n<\/tr>\n<tr class=\"fondo-color\">\n<td class=\"celdas-izq\">Niveaux<\/td>\n<td class=\"celdas-dcha\">Tous les niveaux.<\/td>\n<\/tr>\n<tr class=\"fondo-color\">\n<td class=\"celdas-izq\">Dur\u00e9e de chaque le\u00e7on<\/td>\n<td class=\"celdas-dcha\">45 min<\/td>\n<\/tr>\n<tr>\n<td class=\"celdas-izq\">Frais d\u2019inscription<\/td>\n<td class=\"celdas-dcha\"><strong>50\u20ac<\/strong><\/td>\n<\/tr>\n<\/tbody>\n<\/table>\n","protected":false},"excerpt":{"rendered":"<p>TANDEM Madrid propose un cours sp\u00e9cialement con\u00e7u pour ceux qui souhaitent \u00e9tudier en petits groupes et avoir la chance de rencontrer des personnes ayant des int\u00e9r\u00eats similaires.<br \/>\nLes cours d&rsquo;espagnol combin\u00e9s de TANDEM sont ouverts \u00e0 tous les niveaux et consistent en 20 le\u00e7ons de groupe par semaine plus 10 le\u00e7ons priv\u00e9es par semaine ; vous pourrez les adapter \u00e0 vos besoins sp\u00e9cifiques avec l&rsquo;aide de votre professeur.<\/p>\n<p style=\"text-align:center;\"><a href=\"\/fr\/c\/cours-espagnol-combines\/\" title=\"En savoir plus sur le cours : Cours d'espagnol combin\u00e9s\" class=\"buttonaction\">En savoir plus sur ce cours<\/a><\/p>\n","protected":false},"featured_media":6608,"template":"","meta":[],"product_cat":[159],"product_tag":[],"_links":{"self":[{"href":"https:\/\/dev.tandemmadrid.com\/fr\/wp-json\/wp\/v2\/product\/11489"}],"collection":[{"href":"https:\/\/dev.tandemmadrid.com\/fr\/wp-json\/wp\/v2\/product"}],"about":[{"href":"https:\/\/dev.tandemmadrid.com\/fr\/wp-json\/wp\/v2\/types\/product"}],"version-history":[{"count":0,"href":"https:\/\/dev.tandemmadrid.com\/fr\/wp-json\/wp\/v2\/product\/11489\/revisions"}],"wp:featuredmedia":[{"embeddable":true,"href":"https:\/\/dev.tandemmadrid.com\/fr\/wp-json\/wp\/v2\/media\/6608"}],"wp:attachment":[{"href":"https:\/\/dev.tandemmadrid.com\/fr\/wp-json\/wp\/v2\/media?parent=11489"}],"wp:term":[{"taxonomy":"product_cat","embeddable":true,"href":"https:\/\/dev.tandemmadrid.com\/fr\/wp-json\/wp\/v2\/product_cat?post=11489"},{"taxonomy":"product_tag","embeddable":true,"href":"https:\/\/dev.tandemmadrid.com\/fr\/wp-json\/wp\/v2\/product_tag?post=11489"}],"curies":[{"name":"wp","href":"https:\/\/api.w.org\/{rel}","templated":true}]}}