
{"id":11492,"date":"2023-10-09T16:30:20","date_gmt":"2023-10-09T14:30:20","guid":{"rendered":"https:\/\/dev.tandemmadrid.com\/shop\/reservez-le-cours-espagnol-par-videoconference\/"},"modified":"2024-02-07T11:19:57","modified_gmt":"2024-02-07T10:19:57","slug":"espagnol-videoconference","status":"publish","type":"product","link":"https:\/\/dev.tandemmadrid.com\/fr\/boutique\/espagnol-videoconference\/","title":{"rendered":"R\u00e9servez le cours : Espagnol par vid\u00e9oconf\u00e9rence"},"content":{"rendered":"<table>\n<tbody>\n<tr>\n<td class=\"\">Quel est le nombre minimum de classes que je peux demander ?<\/td>\n<td class=\"cdir\">D&rsquo;une classe \u00e0 autant de classes que vous le souhaitez<\/td>\n<\/tr>\n<tr>\n<td class=\"\">Quand puis-je commencer ?<\/td>\n<td class=\"cdir\">Quand vous voulez !<\/td>\n<\/tr>\n<tr>\n<td class=\"\">Quels sont les niveaux disponibles ?<\/td>\n<td class=\"cdir\">6 niveaux diff\u00e9rents, du d\u00e9butant au plus avanc\u00e9<\/td>\n<\/tr>\n<tr>\n<td class=\"\">Quelle est la dur\u00e9e de chaque cours ?<\/td>\n<td class=\"cdir\">Chaque cours d&rsquo;Espagnol dure 60 minutes, mais vous pouvez choisir la dur\u00e9e du cours en fonction de vos besoins (demandez les prix).<\/td>\n<\/tr>\n<tr>\n<td class=\"\">\u00c0 qui s&rsquo;adressent-ils ?<\/td>\n<td class=\"cdir\">Pour tout le monde et tous les \u00e2ges.<\/td>\n<\/tr>\n<\/tbody>\n<\/table>\n","protected":false},"excerpt":{"rendered":"<p>Avec ce cours intensif d&rsquo;apprentissage de l&rsquo;espagnol en ligne, TANDEM Madrid propose des cours d&rsquo;espagnol par vid\u00e9oconf\u00e9rence depuis l&rsquo;Espagne, avec des le\u00e7ons donn\u00e9es directement depuis notre \u00e9cole \u00e0 Madrid. Cela vous permettra d&rsquo;apprendre facilement l&rsquo;espagnol \u00e0 distance.<\/p>\n<p style=\"text-align:center;\"><a href=\"\/fr\/cours-espagnol-en-ligne-lecons\/cours-despagnol-videoconference\/#intensive-online-standard\" title=\"En savoir plus sur le cours : Cours collectif intensif d'espagnol standard en ligne (Zoom)\" class=\"buttonaction\">En savoir plus sur ce cours<\/a><\/p>\n","protected":false},"featured_media":6454,"template":"","meta":[],"product_cat":[159,162],"product_tag":[],"_links":{"self":[{"href":"https:\/\/dev.tandemmadrid.com\/fr\/wp-json\/wp\/v2\/product\/11492"}],"collection":[{"href":"https:\/\/dev.tandemmadrid.com\/fr\/wp-json\/wp\/v2\/product"}],"about":[{"href":"https:\/\/dev.tandemmadrid.com\/fr\/wp-json\/wp\/v2\/types\/product"}],"version-history":[{"count":0,"href":"https:\/\/dev.tandemmadrid.com\/fr\/wp-json\/wp\/v2\/product\/11492\/revisions"}],"wp:featuredmedia":[{"embeddable":true,"href":"https:\/\/dev.tandemmadrid.com\/fr\/wp-json\/wp\/v2\/media\/6454"}],"wp:attachment":[{"href":"https:\/\/dev.tandemmadrid.com\/fr\/wp-json\/wp\/v2\/media?parent=11492"}],"wp:term":[{"taxonomy":"product_cat","embeddable":true,"href":"https:\/\/dev.tandemmadrid.com\/fr\/wp-json\/wp\/v2\/product_cat?post=11492"},{"taxonomy":"product_tag","embeddable":true,"href":"https:\/\/dev.tandemmadrid.com\/fr\/wp-json\/wp\/v2\/product_tag?post=11492"}],"curies":[{"name":"wp","href":"https:\/\/api.w.org\/{rel}","templated":true}]}}