
{"id":11493,"date":"2023-10-09T17:20:57","date_gmt":"2023-10-09T15:20:57","guid":{"rendered":"https:\/\/dev.tandemmadrid.com\/shop\/reserver-le-cours-cours-de-preparation-a-lexamen-ccse\/"},"modified":"2024-02-07T11:24:57","modified_gmt":"2024-02-07T10:24:57","slug":"preparation-examen-ccse","status":"publish","type":"product","link":"https:\/\/dev.tandemmadrid.com\/fr\/boutique\/preparation-examen-ccse\/","title":{"rendered":"R\u00e9server le cours : Cours de pr\u00e9paration \u00e0 l&rsquo;examen CCSE"},"content":{"rendered":"<table class=\"tabla-cursos\" border=\"1\">\n<tbody>\n<tr>\n<td class=\"celdas-izq\">D\u00e9but des cours<\/td>\n<td class=\"celdas-dcha\">Nous vous recommandons de commencer les cours pr\u00e9paratoires, au moins 4 semaines avant l\u2019examen.<\/td>\n<\/tr>\n<tr class=\"fondo-color\">\n<td class=\"celdas-izq\">Le\u00e7ons<\/td>\n<td class=\"celdas-dcha\">COURS DE 4 SEMAINES&nbsp;: 12 le\u00e7ons (3 le\u00e7ons\/semaines)<\/td>\n<\/tr>\n<tr class=\"fondo-color\">\n<td class=\"celdas-izq\">Dur\u00e9e<\/td>\n<td class=\"celdas-dcha\">A partir de 4 semaines (Dur\u00e9e de chaque le\u00e7ons: 45 min)<\/td>\n<\/tr>\n<tr>\n<td class=\"celdas-izq\">Frais d\u2019inscription<\/td>\n<td class=\"celdas-dcha\"><strong>30\u20ac<\/strong>,inclue les modalit\u00e9s d\u2019inscription pour l\u2019examen du DELE, la documentation pour les cours, un pack de bienvenu, acc\u00e8s internet et Wi-Fi, dipl\u00f4me et niveau, tutoriels de professeurs.<\/td>\n<\/tr>\n<\/tbody>\n<\/table>\n","protected":false},"excerpt":{"rendered":"<p>TANDEM Madrid vous aide \u00e0 pr\u00e9parer et \u00e0 vous inscrire \u00e0 l&rsquo;examen CCSE. (Vous pouvez passer l&rsquo;examen directement dans notre \u00e9cole). L&rsquo;examen CCSE certifie votre connaissance de la Constitution espagnole ainsi que de l&rsquo;actualit\u00e9 sociale et culturelle de l&rsquo;Espagne, ce qui constitue une condition obligatoire pour obtenir la citoyennet\u00e9\/nationalit\u00e9 espagnole, comme le stipule la loi.<\/p>\n<p style=\"text-align:center;\"><a href=\"\/fr\/c\/cours-preparatoire-examen-ccse\/\" title=\"En savoir plus sur le cours : Pr\u00e9paration \u00e0 l'examen CCSE\" class=\"buttonaction\">En savoir plus sur ce cours<\/a><\/p>\n","protected":false},"featured_media":6792,"template":"","meta":[],"product_cat":[147],"product_tag":[],"_links":{"self":[{"href":"https:\/\/dev.tandemmadrid.com\/fr\/wp-json\/wp\/v2\/product\/11493"}],"collection":[{"href":"https:\/\/dev.tandemmadrid.com\/fr\/wp-json\/wp\/v2\/product"}],"about":[{"href":"https:\/\/dev.tandemmadrid.com\/fr\/wp-json\/wp\/v2\/types\/product"}],"version-history":[{"count":0,"href":"https:\/\/dev.tandemmadrid.com\/fr\/wp-json\/wp\/v2\/product\/11493\/revisions"}],"wp:featuredmedia":[{"embeddable":true,"href":"https:\/\/dev.tandemmadrid.com\/fr\/wp-json\/wp\/v2\/media\/6792"}],"wp:attachment":[{"href":"https:\/\/dev.tandemmadrid.com\/fr\/wp-json\/wp\/v2\/media?parent=11493"}],"wp:term":[{"taxonomy":"product_cat","embeddable":true,"href":"https:\/\/dev.tandemmadrid.com\/fr\/wp-json\/wp\/v2\/product_cat?post=11493"},{"taxonomy":"product_tag","embeddable":true,"href":"https:\/\/dev.tandemmadrid.com\/fr\/wp-json\/wp\/v2\/product_tag?post=11493"}],"curies":[{"name":"wp","href":"https:\/\/api.w.org\/{rel}","templated":true}]}}