
{"id":11494,"date":"2023-10-09T13:36:54","date_gmt":"2023-10-09T11:36:54","guid":{"rendered":"https:\/\/dev.tandemmadrid.com\/shop\/reservez-le-cours-cours-despagnol-2-jours-par-semaine\/"},"modified":"2024-02-07T11:30:49","modified_gmt":"2024-02-07T10:30:49","slug":"cours-2-jours-semaine","status":"publish","type":"product","link":"https:\/\/dev.tandemmadrid.com\/fr\/boutique\/cours-2-jours-semaine\/","title":{"rendered":"R\u00e9servez le cours : Cours d&rsquo;espagnol 2 jours par semaine"},"content":{"rendered":"<table class=\"tabla-cursos\" border=\"1\">\n<tbody>\n<tr>\n<td class=\"celdas-izq\">Date de d\u00e9but<\/td>\n<td class=\"celdas-dcha\">UN JOUR DE LA SEMAINE<\/td>\n<\/tr>\n<tr class=\"fondo-color\">\n<td class=\"celdas-izq\">Le\u00e7ons par semaine<\/td>\n<td class=\"celdas-dcha\">4 SEMAINES: 16 le\u00e7ons (4 le\u00e7ons \/ semaine)<\/td>\n<\/tr>\n<tr>\n<td class=\"celdas-izq\">Dur\u00e9e<\/td>\n<td class=\"celdas-dcha\">Minimum: 4 semaines<\/td>\n<\/tr>\n<tr class=\"fondo-color\">\n<td class=\"celdas-izq\">Niveaux<\/td>\n<td class=\"celdas-dcha\">Tous les niveaux<\/td>\n<\/tr>\n<tr class=\"fondo-color\">\n<td class=\"celdas-izq\">Dur\u00e9e de chaque le\u00e7on<\/td>\n<td class=\"celdas-dcha\">45 min<\/td>\n<\/tr>\n<tr>\n<td class=\"celdas-izq\">Frais d\u2019inscription<\/td>\n<td class=\"celdas-dcha\"><strong>30\u20ac<\/strong><\/td>\n<\/tr>\n<\/tbody>\n<\/table>\n","protected":false},"excerpt":{"rendered":"<p>Ce programme extensif d\u2019espagnol poss\u00e8de, comme celui du weekend, l\u2019\u00e9quilibre parfait entre les heures d\u2019\u00e9tude de l\u2019espagnol n\u00e9cessaires pour se d\u00e9brouiller avec de la fluidit\u00e9 dans la langue et celles du temps libre pour conna\u00eetre les coutumes madril\u00e8nes et visiter les incalculables lieux d\u2019int\u00e9r\u00eat offerts par Madrid.<\/p>\n<p style=\"text-align:center;\"><a href=\"\/fr\/c\/cours-extensif-2-jours-semaine\/\" title=\"Plus d'informations sur le cours : Cours Extensif 2 jours\/semaine, apr\u00e8s-midi\" class=\"buttonaction\">En savoir plus sur ce cours<\/a><\/p>\n","protected":false},"featured_media":6842,"template":"","meta":[],"product_cat":[151],"product_tag":[],"_links":{"self":[{"href":"https:\/\/dev.tandemmadrid.com\/fr\/wp-json\/wp\/v2\/product\/11494"}],"collection":[{"href":"https:\/\/dev.tandemmadrid.com\/fr\/wp-json\/wp\/v2\/product"}],"about":[{"href":"https:\/\/dev.tandemmadrid.com\/fr\/wp-json\/wp\/v2\/types\/product"}],"version-history":[{"count":0,"href":"https:\/\/dev.tandemmadrid.com\/fr\/wp-json\/wp\/v2\/product\/11494\/revisions"}],"wp:featuredmedia":[{"embeddable":true,"href":"https:\/\/dev.tandemmadrid.com\/fr\/wp-json\/wp\/v2\/media\/6842"}],"wp:attachment":[{"href":"https:\/\/dev.tandemmadrid.com\/fr\/wp-json\/wp\/v2\/media?parent=11494"}],"wp:term":[{"taxonomy":"product_cat","embeddable":true,"href":"https:\/\/dev.tandemmadrid.com\/fr\/wp-json\/wp\/v2\/product_cat?post=11494"},{"taxonomy":"product_tag","embeddable":true,"href":"https:\/\/dev.tandemmadrid.com\/fr\/wp-json\/wp\/v2\/product_tag?post=11494"}],"curies":[{"name":"wp","href":"https:\/\/api.w.org\/{rel}","templated":true}]}}